{"id":3,"date":"2022-05-06T23:39:30","date_gmt":"2022-05-06T21:39:30","guid":{"rendered":"https:\/\/server116294.nazwa.pl\/wordpress\/wpn_SokratesSzkolenia\/?page_id=3"},"modified":"2022-05-08T12:59:27","modified_gmt":"2022-05-08T10:59:27","slug":"polityka-prywatnosci","status":"publish","type":"page","link":"https:\/\/szkoleniasokrates.pl\/en\/polityka-prywatnosci\/","title":{"rendered":"Polityka prywatno\u015bci"},"content":{"rendered":"<p>Zgodnie z art. 13 ust. 1-2 rozporz\u0105dzenia Parlamentu Europejskiego i Rady (UE) 2016\/679 z 27.04.2016 r. w sprawie ochrony os\u00f3b fizycznych w zwi\u0105zku z przetwarzaniem danych osobowych i w sprawie swobodnego przep\u0142ywu takich danych oraz uchylenia dyrektywy 95\/46\/WE (og\u00f3lne rozporz\u0105dzenie o ochronie danych) (Dz.Urz. UE L 119, s. 1) \u2013 dalej RODO &#8211; informujemy, \u017ce:<br><strong>I.&nbsp;&nbsp;&nbsp;&nbsp;&nbsp;&nbsp;&nbsp;&nbsp; Administrator danych osobowych<\/strong><br>Grupa Edukacyjno-Szkoleniowa Sokrates Anna Stalmach-Tkacz z siedzib\u0105 w Bytomiu 41-902, ul. Wroc\u0142awska 14\/6c jest Administratorem Twoich danych osobowych.<br><strong>II.&nbsp;&nbsp;&nbsp;&nbsp;&nbsp;&nbsp;&nbsp; Cele i podstawy przetwarzania<\/strong><br>Jako administrator b\u0119dziemy przetwarza\u0107 Twoje dane:<br>1. &nbsp;organizacji odpowiedniej formy szkoleniowej (podstawa z art. 6 ust. 1 lit. a RODO); &nbsp;<br>2.&nbsp; w celach \u015bwiadczenia us\u0142ug drog\u0105 elektroniczn\u0105 (podstawa z art. 6 ust. 1 lit. f RODO);<br>3.&nbsp;&nbsp; w celach analitycznych, lepszego doboru us\u0142ug do potrzeb naszych klient\u00f3w, og\u00f3lnej optymalizacji naszych produkt\u00f3w, optymalizacji proces\u00f3w obs\u0142ugi, budowania wiedzy o naszych klientach, analizowanie ruchu na stronie internetowej), b\u0119d\u0105cego realizacj\u0105 naszego prawnie uzasadnionego w tym interesu (podstawa z art. 6 ust. 1 lit. f RODO);<br>4.&nbsp;&nbsp; w celach archiwalnych (dowodowych) b\u0119d\u0105cych realizacj\u0105 naszego prawnie uzasadnionego interesu zabezpieczenia informacji na wypadek prawnej potrzeby wykazania fakt\u00f3w (art. 6 ust. 1 lit. f RODO);<br>5.&nbsp;&nbsp; w celu ewentualnego ustalenia, dochodzenia lub obrony przed roszczeniami b\u0119d\u0105cego realizacj\u0105 naszego prawnie uzasadnionego w tym interesu (podstawa z art. 6 ust. 1 lit. f RODO);<br>6.&nbsp;&nbsp; w celu oferowania Ci przez nas produkt\u00f3w i us\u0142ug bezpo\u015brednio (marketing bezpo\u015bredni), w tym dobierania ich pod k\u0105tem Twoich potrzeb, czyli profilowania, b\u0119d\u0105cego realizacj\u0105 naszego prawnie uzasadnionego w tym interesu (podstawa z art. 6 ust. 1 lit. f RODO).<br><strong>III.&nbsp;&nbsp;&nbsp;&nbsp;&nbsp;&nbsp; Prawo do sprzeciwu<\/strong><br>1.&nbsp;&nbsp; W ka\u017cdej chwili przys\u0142uguje Ci prawo do wniesienia sprzeciwu wobec przetwarzania Twoich danych opisanych powy\u017cej. Przestaniemy przetwarza\u0107 Twoje dane w tych celach, chyba \u017ce b\u0119dziemy w stanie wykaza\u0107, \u017ce w stosunku do Twoich danych istniej\u0105 dla nas wa\u017cne prawnie uzasadnione podstawy, kt\u00f3re s\u0105 nadrz\u0119dne wobec Twoich interes\u00f3w, praw i wolno\u015bci lub Twoje dane b\u0119d\u0105 nam niezb\u0119dne do ewentualnego ustalenia, dochodzenia lub obrony roszcze\u0144.<br>2.&nbsp;&nbsp; W ka\u017cdej chwili przys\u0142uguje Ci prawo do wniesienia sprzeciwu wobec przetwarzania Twoich danych w celu prowadzenia marketingu bezpo\u015bredniego. Je\u017celi skorzystasz z tego prawa \u2013 zaprzestaniemy przetwarzania danych w tym celu.<br><strong>IV.&nbsp;&nbsp;&nbsp;&nbsp;&nbsp;&nbsp; Okres przechowywania danych<\/strong><br>Dane przetwarzane dla potrzeb marketingu bezpo\u015bredniego naszych produkt\u00f3w i us\u0142ug mo\u017cemy przetwarza\u0107 do czasu, a\u017c zg\u0142osisz sprzeciw wzgl\u0119dem ich przetwarzania w tym celu lub ustalimy, \u017ce si\u0119 zdezaktualizowa\u0142y.<br><strong>V.&nbsp;&nbsp;&nbsp;&nbsp;&nbsp;&nbsp;&nbsp; Odbiorcy danych<\/strong><\/p><ol class=\"wp-block-list\"><li>W zwi\u0105zku z us\u0142ugami jakie podmioty zewn\u0119trzne \u015bwiadcz\u0105 na rzecz Grupy Edukacyjno-Szkoleniowej Sokrates Anna Stalmach-Tkacz, podmioty te mog\u0105 uzyska\u0107 dost\u0119p do Twoich danych osobowych, w zakresie niezb\u0119dnym dla realizacji tych us\u0142ug.<\/li><li>Do Twoich danych mog\u0105 te\u017c mie\u0107 dost\u0119p nasi podwykonawcy (podmioty przetwarzaj\u0105ce), np. firmy ksi\u0119gowe, prawnicze, informatyczne, agencje marketingowe, operatorzy pocztowi i kurierzy, dostawcy us\u0142ug i system\u00f3w informatycznych.<\/li><li>Twoje dane mog\u0105 by\u0107 przekazywane tak\u017ce organom administracji pa\u0144stwowej i samorz\u0105dowej.<\/li><\/ol><p><strong>VI.&nbsp;&nbsp;&nbsp;&nbsp;&nbsp;&nbsp; Prawa os\u00f3b, kt\u00f3rych dane dotycz\u0105:<\/strong><br>Zgodnie z RODO, przys\u0142uguje Ci:<br>a)&nbsp;&nbsp; prawo dost\u0119pu do swoich danych oraz otrzymania ich kopii;<br>b)&nbsp; prawo do sprostowania (poprawiania) swoich danych;<br>c)&nbsp;&nbsp; prawo do usuni\u0119cia danych, ograniczenia przetwarzania danych;<br>d)&nbsp; prawo do wniesienia sprzeciwu wobec przetwarzania danych;<br>e)&nbsp; prawo do przenoszenia danych;<br>f)&nbsp;&nbsp; prawo do wniesienia skargi do organu nadzorczego.<br><strong>VII. Pliki cookies i inne technologie<\/strong><br>Serwis korzysta z plik\u00f3w cookies. Korzystanie z witryny oznacza zgod\u0119, \u017ce b\u0119d\u0105 one umieszczane w Twoim urz\u0105dzeniu ko\u0144cowym. Mo\u017cesz zmieni\u0107 ustawienia dotycz\u0105ce plik\u00f3w cookies w swojej przegl\u0105darce.<br><strong>VIII. Wtyczki spo\u0142eczno\u015bciowe<\/strong><br>Na naszej stronie, w celu dostarczenia Ci jak najlepszych tre\u015bci, korzystamy z tre\u015bci pochodz\u0105cych z serwer\u00f3w prowadz\u0105cych inne serwisy:<\/p><ol class=\"wp-block-list\"><li>Facebook \u2013 na naszej stronie umie\u015bcili\u015bmy przycisk \u201eLubi\u0119 to\u201d. Klikaj\u0105c na ten przycisk logujesz si\u0119 do serwisu Facebook, na kt\u00f3rym obowi\u0105zuje zasady ochrony prywatno\u015bci Facebook<\/li><li>YouTube \u2013 na naszej stronie znajdziesz filmy znajduj\u0105ce si\u0119 na serwisie YouTube. YouTube \u015bledzi odtwarzanie materia\u0142\u00f3w wideo zgodnie z zasadami ochrony prywatno\u015bci Google.<\/li><\/ol><p><strong>IX. Kontakt<\/strong><br>Grupa Edukacyjno-Szkoleniowa Sokrates Anna Stalmach-Tkacz wyznaczy\u0142a inspektora ochrony danych, z kt\u00f3rym mo\u017cesz si\u0119 skontaktowa\u0107 wysy\u0142aj\u0105c wiadomo\u015b\u0107 na adres e-mail:&nbsp;<a href=\"mailto:rodoinspektor@grupasokrates.pl\">inspektor@grupasokrates.pl<\/a>, w ka\u017cdej sprawie dotycz\u0105cej przetwarzania Twoich danych osobowych. Dodatkowo mo\u017cesz skontaktowa\u0107 si\u0119 z nami droga pocztow\u0105 na adres 41-902 Bytom, ul. Wroc\u0142awska 14\/6c.<\/p>","protected":false},"excerpt":{"rendered":"<p>Zgodnie z art. 13 ust. 1-2 rozporz\u0105dzenia Parlamentu Europejskiego i Rady (UE) 2016\/679 z 27.04.2016 r. w sprawie ochrony os\u00f3b<\/p>","protected":false},"author":1,"featured_media":0,"parent":0,"menu_order":0,"comment_status":"closed","ping_status":"closed","template":"","meta":{"_tutorstarter_page_metadata":[],"footnotes":""},"class_list":["post-3","page","type-page","status-publish","hentry"],"yoast_head":"<!-- This site is optimized with the Yoast SEO plugin v19.9 - https:\/\/yoast.com\/wordpress\/plugins\/seo\/ -->\n<title>Polityka prywatno\u015bci - Szkolenia Sokrates<\/title>\n<meta name=\"robots\" content=\"index, follow, max-snippet:-1, max-image-preview:large, max-video-preview:-1\" \/>\n<link rel=\"canonical\" href=\"https:\/\/szkoleniasokrates.pl\/en\/polityka-prywatnosci\/\" \/>\n<meta property=\"og:locale\" content=\"en_US\" \/>\n<meta property=\"og:type\" content=\"article\" \/>\n<meta property=\"og:title\" content=\"Polityka prywatno\u015bci - Szkolenia Sokrates\" \/>\n<meta property=\"og:description\" content=\"Zgodnie z art. 13 ust. 1-2 rozporz\u0105dzenia Parlamentu Europejskiego i Rady (UE) 2016\/679 z 27.04.2016 r. w sprawie ochrony os\u00f3b\" \/>\n<meta property=\"og:url\" content=\"https:\/\/szkoleniasokrates.pl\/en\/polityka-prywatnosci\/\" \/>\n<meta property=\"og:site_name\" content=\"Szkolenia Sokrates\" \/>\n<meta property=\"article:modified_time\" content=\"2022-05-08T10:59:27+00:00\" \/>\n<meta name=\"twitter:card\" content=\"summary_large_image\" \/>\n<meta name=\"twitter:label1\" content=\"Est. reading time\" \/>\n\t<meta name=\"twitter:data1\" content=\"4 minutes\" \/>\n<script type=\"application\/ld+json\" class=\"yoast-schema-graph\">{\"@context\":\"https:\/\/schema.org\",\"@graph\":[{\"@type\":\"WebPage\",\"@id\":\"https:\/\/szkoleniasokrates.pl\/polityka-prywatnosci\/\",\"url\":\"https:\/\/szkoleniasokrates.pl\/polityka-prywatnosci\/\",\"name\":\"Polityka prywatno\u015bci - Szkolenia Sokrates\",\"isPartOf\":{\"@id\":\"https:\/\/szkoleniasokrates.pl\/#website\"},\"datePublished\":\"2022-05-06T21:39:30+00:00\",\"dateModified\":\"2022-05-08T10:59:27+00:00\",\"breadcrumb\":{\"@id\":\"https:\/\/szkoleniasokrates.pl\/polityka-prywatnosci\/#breadcrumb\"},\"inLanguage\":\"en-US\",\"potentialAction\":[{\"@type\":\"ReadAction\",\"target\":[\"https:\/\/szkoleniasokrates.pl\/polityka-prywatnosci\/\"]}]},{\"@type\":\"BreadcrumbList\",\"@id\":\"https:\/\/szkoleniasokrates.pl\/polityka-prywatnosci\/#breadcrumb\",\"itemListElement\":[{\"@type\":\"ListItem\",\"position\":1,\"name\":\"Home\",\"item\":\"https:\/\/szkoleniasokrates.pl\/\"},{\"@type\":\"ListItem\",\"position\":2,\"name\":\"Polityka prywatno\u015bci\"}]},{\"@type\":\"WebSite\",\"@id\":\"https:\/\/szkoleniasokrates.pl\/#website\",\"url\":\"https:\/\/szkoleniasokrates.pl\/\",\"name\":\"Szkolenia Sokrates\",\"description\":\"Grupa Edukacyjno-Szkoleniowa\",\"publisher\":{\"@id\":\"https:\/\/szkoleniasokrates.pl\/#organization\"},\"potentialAction\":[{\"@type\":\"SearchAction\",\"target\":{\"@type\":\"EntryPoint\",\"urlTemplate\":\"https:\/\/szkoleniasokrates.pl\/?s={search_term_string}\"},\"query-input\":\"required name=search_term_string\"}],\"inLanguage\":\"en-US\"},{\"@type\":\"Organization\",\"@id\":\"https:\/\/szkoleniasokrates.pl\/#organization\",\"name\":\"Szkolenia Sokrates\",\"url\":\"https:\/\/szkoleniasokrates.pl\/\",\"logo\":{\"@type\":\"ImageObject\",\"inLanguage\":\"en-US\",\"@id\":\"https:\/\/szkoleniasokrates.pl\/#\/schema\/logo\/image\/\",\"url\":\"https:\/\/szkoleniasokrates.pl\/wp-content\/uploads\/2022\/05\/cropped-LOGO-2.png\",\"contentUrl\":\"https:\/\/szkoleniasokrates.pl\/wp-content\/uploads\/2022\/05\/cropped-LOGO-2.png\",\"width\":150,\"height\":45,\"caption\":\"Szkolenia Sokrates\"},\"image\":{\"@id\":\"https:\/\/szkoleniasokrates.pl\/#\/schema\/logo\/image\/\"}}]}<\/script>\n<!-- \/ Yoast SEO plugin. -->","yoast_head_json":{"title":"Polityka prywatno\u015bci - Szkolenia Sokrates","robots":{"index":"index","follow":"follow","max-snippet":"max-snippet:-1","max-image-preview":"max-image-preview:large","max-video-preview":"max-video-preview:-1"},"canonical":"https:\/\/szkoleniasokrates.pl\/en\/polityka-prywatnosci\/","og_locale":"en_US","og_type":"article","og_title":"Polityka prywatno\u015bci - Szkolenia Sokrates","og_description":"Zgodnie z art. 13 ust. 1-2 rozporz\u0105dzenia Parlamentu Europejskiego i Rady (UE) 2016\/679 z 27.04.2016 r. w sprawie ochrony os\u00f3b","og_url":"https:\/\/szkoleniasokrates.pl\/en\/polityka-prywatnosci\/","og_site_name":"Szkolenia Sokrates","article_modified_time":"2022-05-08T10:59:27+00:00","twitter_card":"summary_large_image","twitter_misc":{"Est. reading time":"4 minutes"},"schema":{"@context":"https:\/\/schema.org","@graph":[{"@type":"WebPage","@id":"https:\/\/szkoleniasokrates.pl\/polityka-prywatnosci\/","url":"https:\/\/szkoleniasokrates.pl\/polityka-prywatnosci\/","name":"Polityka prywatno\u015bci - Szkolenia Sokrates","isPartOf":{"@id":"https:\/\/szkoleniasokrates.pl\/#website"},"datePublished":"2022-05-06T21:39:30+00:00","dateModified":"2022-05-08T10:59:27+00:00","breadcrumb":{"@id":"https:\/\/szkoleniasokrates.pl\/polityka-prywatnosci\/#breadcrumb"},"inLanguage":"en-US","potentialAction":[{"@type":"ReadAction","target":["https:\/\/szkoleniasokrates.pl\/polityka-prywatnosci\/"]}]},{"@type":"BreadcrumbList","@id":"https:\/\/szkoleniasokrates.pl\/polityka-prywatnosci\/#breadcrumb","itemListElement":[{"@type":"ListItem","position":1,"name":"Home","item":"https:\/\/szkoleniasokrates.pl\/"},{"@type":"ListItem","position":2,"name":"Polityka prywatno\u015bci"}]},{"@type":"WebSite","@id":"https:\/\/szkoleniasokrates.pl\/#website","url":"https:\/\/szkoleniasokrates.pl\/","name":"Szkolenia Sokrates","description":"Grupa Edukacyjno-Szkoleniowa","publisher":{"@id":"https:\/\/szkoleniasokrates.pl\/#organization"},"potentialAction":[{"@type":"SearchAction","target":{"@type":"EntryPoint","urlTemplate":"https:\/\/szkoleniasokrates.pl\/?s={search_term_string}"},"query-input":"required name=search_term_string"}],"inLanguage":"en-US"},{"@type":"Organization","@id":"https:\/\/szkoleniasokrates.pl\/#organization","name":"Szkolenia Sokrates","url":"https:\/\/szkoleniasokrates.pl\/","logo":{"@type":"ImageObject","inLanguage":"en-US","@id":"https:\/\/szkoleniasokrates.pl\/#\/schema\/logo\/image\/","url":"https:\/\/szkoleniasokrates.pl\/wp-content\/uploads\/2022\/05\/cropped-LOGO-2.png","contentUrl":"https:\/\/szkoleniasokrates.pl\/wp-content\/uploads\/2022\/05\/cropped-LOGO-2.png","width":150,"height":45,"caption":"Szkolenia Sokrates"},"image":{"@id":"https:\/\/szkoleniasokrates.pl\/#\/schema\/logo\/image\/"}}]}},"_links":{"self":[{"href":"https:\/\/szkoleniasokrates.pl\/en\/wp-json\/wp\/v2\/pages\/3","targetHints":{"allow":["GET"]}}],"collection":[{"href":"https:\/\/szkoleniasokrates.pl\/en\/wp-json\/wp\/v2\/pages"}],"about":[{"href":"https:\/\/szkoleniasokrates.pl\/en\/wp-json\/wp\/v2\/types\/page"}],"author":[{"embeddable":true,"href":"https:\/\/szkoleniasokrates.pl\/en\/wp-json\/wp\/v2\/users\/1"}],"replies":[{"embeddable":true,"href":"https:\/\/szkoleniasokrates.pl\/en\/wp-json\/wp\/v2\/comments?post=3"}],"version-history":[{"count":2,"href":"https:\/\/szkoleniasokrates.pl\/en\/wp-json\/wp\/v2\/pages\/3\/revisions"}],"predecessor-version":[{"id":8096,"href":"https:\/\/szkoleniasokrates.pl\/en\/wp-json\/wp\/v2\/pages\/3\/revisions\/8096"}],"wp:attachment":[{"href":"https:\/\/szkoleniasokrates.pl\/en\/wp-json\/wp\/v2\/media?parent=3"}],"curies":[{"name":"wp","href":"https:\/\/api.w.org\/{rel}","templated":true}]}}