{"id":10099,"date":"2025-06-12T11:51:38","date_gmt":"2025-06-12T09:51:38","guid":{"rendered":"https:\/\/szkoleniasokrates.pl\/?post_type=product&#038;p=10099"},"modified":"2025-06-12T11:51:38","modified_gmt":"2025-06-12T09:51:38","slug":"sztuczna-inteligencja","status":"publish","type":"product","link":"https:\/\/szkoleniasokrates.pl\/en\/product\/sztuczna-inteligencja\/","title":{"rendered":"Sztuczna inteligencja Adam Franczak"},"content":{"rendered":"<p><strong>Sztuczna inteligencja w pracy nauczyciela od podstaw<\/strong><\/p>\n<p>Poznaj nowoczesne narz\u0119dzia, dzi\u0119ki kt\u00f3rym usprawnisz swoj\u0105 prac\u0119 i zaoszcz\u0119dzisz nawet kilka godzin tygodniowo na przygotowaniach do zaj\u0119\u0107!<\/p>\n<p><strong>Szkolenie jest skierowane do nauczycieli wszystkich etap\u00f3w edukacyjnych, kt\u00f3rzy chc\u0105 wzbogaci\u0107 swoje zaj\u0119cia o nowoczesne narz\u0119dzia technologiczne.<\/strong><\/p>","protected":false},"excerpt":{"rendered":"<p><strong>Sztuczna inteligencja w pracy nauczyciela od podstaw<\/strong><\/p>\n<p>Poznaj nowoczesne narz\u0119dzia, dzi\u0119ki kt\u00f3rym usprawnisz swoj\u0105 prac\u0119 i zaoszcz\u0119dzisz nawet kilka godzin tygodniowo na przygotowaniach do zaj\u0119\u0107!<\/p>\n<p><strong>Szkolenie jest skierowane do nauczycieli wszystkich etap\u00f3w edukacyjnych, kt\u00f3rzy chc\u0105 wzbogaci\u0107 swoje zaj\u0119cia o nowoczesne narz\u0119dzia technologiczne.<\/strong><\/p>\n<p><strong>Dzi\u0119ki udzia\u0142owi w szkoleniu:<\/strong><\/p>\n<ul>\n<li>Dowiesz si\u0119, czym jest sztuczna inteligencja i jak mo\u017ce wspiera\u0107 Twoj\u0105 prac\u0119.<\/li>\n<li>Poznasz proste w obs\u0142udze narz\u0119dzia AI do tworzenia zada\u0144, test\u00f3w, kart pracy, grafik i prezentacji.<\/li>\n<li>Przygotujesz w\u0142asne materia\u0142y dydaktyczne w kilka minut.<\/li>\n<li>Poznasz sprawdzone komendy do Chatu GPT, kt\u00f3re pomog\u0105 Ci tworzy\u0107 tre\u015bci.<\/li>\n<li>Zaoszcz\u0119dzisz nawet kilka godzin tygodniowo, korzystaj\u0105c z narz\u0119dzi, kt\u00f3re pomog\u0105 Ci w generowaniu materia\u0142\u00f3w na lekcje.<\/li>\n<li>Otrzymasz za\u015bwiadczenie uczestnictwa w szkoleniu wystawione przez akredytowan\u0105 plac\u00f3wk\u0119 doskonalenia GES Sokrates.<\/li>\n<\/ul>\n<p><strong>Program szkolenia:<\/strong><\/p>\n<ol>\n<li>Wprowadzenie do tematu sztucznej inteligencji (AI).<\/li>\n<li>Zastosowanie sztucznej inteligencji w edukacji.<\/li>\n<li>Narz\u0119dzia AI na start \u2013 inteligentne czaty.<\/li>\n<li>Tworzenie zdj\u0119\u0107 i infografik.<\/li>\n<li>Generowanie zada\u0144 i test\u00f3w.<\/li>\n<li>Prezentacje multimedialne z AI.<\/li>\n<\/ol>","protected":false},"featured_media":10100,"comment_status":"open","ping_status":"closed","template":"","meta":[],"product_cat":[128,124,51],"product_tag":[262,257,264,251,97,182,96,263],"class_list":{"0":"post-10099","1":"product","2":"type-product","3":"status-publish","4":"has-post-thumbnail","6":"product_cat-nauczanie-zdalne","7":"product_cat-samorozwoj","8":"product_cat-uncategorized","9":"product_tag-adam-franczak","10":"product_tag-ai","11":"product_tag-materialy-online","12":"product_tag-nauczyciel","13":"product_tag-przedszkole","14":"product_tag-sokrates","15":"product_tag-szkola","16":"product_tag-sztuczna-inteligencja","18":"first","19":"instock","20":"virtual","21":"purchasable","22":"product-type-simple"},"yoast_head":"<!-- This site is optimized with the Yoast SEO plugin v19.9 - https:\/\/yoast.com\/wordpress\/plugins\/seo\/ -->\n<title>Sztuczna inteligencja Adam Franczak - Szkolenia Sokrates<\/title>\n<meta name=\"description\" content=\"Poznaj nowoczesne narz\u0119dzia, dzi\u0119ki kt\u00f3rym usprawnisz swoj\u0105 prac\u0119 i zaoszcz\u0119dzisz nawet kilka godzin tygodniowo na przygotowaniach do zaj\u0119\u0107!\" \/>\n<meta name=\"robots\" content=\"index, follow, max-snippet:-1, max-image-preview:large, max-video-preview:-1\" \/>\n<link rel=\"canonical\" href=\"https:\/\/szkoleniasokrates.pl\/en\/product\/sztuczna-inteligencja\/\" \/>\n<meta property=\"og:locale\" content=\"en_US\" \/>\n<meta property=\"og:type\" content=\"article\" \/>\n<meta property=\"og:title\" content=\"Sztuczna inteligencja Adam Franczak - Szkolenia Sokrates\" \/>\n<meta property=\"og:description\" content=\"Poznaj nowoczesne narz\u0119dzia, dzi\u0119ki kt\u00f3rym usprawnisz swoj\u0105 prac\u0119 i zaoszcz\u0119dzisz nawet kilka godzin tygodniowo na przygotowaniach do zaj\u0119\u0107!\" \/>\n<meta property=\"og:url\" content=\"https:\/\/szkoleniasokrates.pl\/en\/product\/sztuczna-inteligencja\/\" \/>\n<meta property=\"og:site_name\" content=\"Szkolenia Sokrates\" \/>\n<meta property=\"og:image\" content=\"https:\/\/szkoleniasokrates.pl\/wp-content\/uploads\/2025\/06\/Bezplatny-webinar-A.-Franczak-24.06.jpg\" \/>\n\t<meta property=\"og:image:width\" content=\"1080\" \/>\n\t<meta property=\"og:image:height\" content=\"1350\" \/>\n\t<meta property=\"og:image:type\" content=\"image\/jpeg\" \/>\n<meta name=\"twitter:card\" content=\"summary_large_image\" \/>\n<meta name=\"twitter:label1\" content=\"Est. reading time\" \/>\n\t<meta name=\"twitter:data1\" content=\"1 minute\" \/>\n<script type=\"application\/ld+json\" class=\"yoast-schema-graph\">{\"@context\":\"https:\/\/schema.org\",\"@graph\":[{\"@type\":\"WebPage\",\"@id\":\"https:\/\/szkoleniasokrates.pl\/produkt\/sztuczna-inteligencja\/\",\"url\":\"https:\/\/szkoleniasokrates.pl\/produkt\/sztuczna-inteligencja\/\",\"name\":\"Sztuczna inteligencja Adam Franczak - Szkolenia Sokrates\",\"isPartOf\":{\"@id\":\"https:\/\/szkoleniasokrates.pl\/#website\"},\"datePublished\":\"2025-06-12T09:51:38+00:00\",\"dateModified\":\"2025-06-12T09:51:38+00:00\",\"description\":\"Poznaj nowoczesne narz\u0119dzia, dzi\u0119ki kt\u00f3rym usprawnisz swoj\u0105 prac\u0119 i zaoszcz\u0119dzisz nawet kilka godzin tygodniowo na przygotowaniach do zaj\u0119\u0107!\",\"breadcrumb\":{\"@id\":\"https:\/\/szkoleniasokrates.pl\/produkt\/sztuczna-inteligencja\/#breadcrumb\"},\"inLanguage\":\"en-US\",\"potentialAction\":[{\"@type\":\"ReadAction\",\"target\":[\"https:\/\/szkoleniasokrates.pl\/produkt\/sztuczna-inteligencja\/\"]}]},{\"@type\":\"BreadcrumbList\",\"@id\":\"https:\/\/szkoleniasokrates.pl\/produkt\/sztuczna-inteligencja\/#breadcrumb\",\"itemListElement\":[{\"@type\":\"ListItem\",\"position\":1,\"name\":\"Home\",\"item\":\"https:\/\/szkoleniasokrates.pl\/\"},{\"@type\":\"ListItem\",\"position\":2,\"name\":\"Sklep\",\"item\":\"https:\/\/szkoleniasokrates.pl\/sklep\/\"},{\"@type\":\"ListItem\",\"position\":3,\"name\":\"Sztuczna inteligencja Adam Franczak\"}]},{\"@type\":\"WebSite\",\"@id\":\"https:\/\/szkoleniasokrates.pl\/#website\",\"url\":\"https:\/\/szkoleniasokrates.pl\/\",\"name\":\"Szkolenia Sokrates\",\"description\":\"Grupa Edukacyjno-Szkoleniowa\",\"publisher\":{\"@id\":\"https:\/\/szkoleniasokrates.pl\/#organization\"},\"potentialAction\":[{\"@type\":\"SearchAction\",\"target\":{\"@type\":\"EntryPoint\",\"urlTemplate\":\"https:\/\/szkoleniasokrates.pl\/?s={search_term_string}\"},\"query-input\":\"required name=search_term_string\"}],\"inLanguage\":\"en-US\"},{\"@type\":\"Organization\",\"@id\":\"https:\/\/szkoleniasokrates.pl\/#organization\",\"name\":\"Szkolenia Sokrates\",\"url\":\"https:\/\/szkoleniasokrates.pl\/\",\"logo\":{\"@type\":\"ImageObject\",\"inLanguage\":\"en-US\",\"@id\":\"https:\/\/szkoleniasokrates.pl\/#\/schema\/logo\/image\/\",\"url\":\"https:\/\/szkoleniasokrates.pl\/wp-content\/uploads\/2022\/05\/cropped-LOGO-2.png\",\"contentUrl\":\"https:\/\/szkoleniasokrates.pl\/wp-content\/uploads\/2022\/05\/cropped-LOGO-2.png\",\"width\":150,\"height\":45,\"caption\":\"Szkolenia Sokrates\"},\"image\":{\"@id\":\"https:\/\/szkoleniasokrates.pl\/#\/schema\/logo\/image\/\"}}]}<\/script>\n<!-- \/ Yoast SEO plugin. -->","yoast_head_json":{"title":"Sztuczna inteligencja Adam Franczak - Szkolenia Sokrates","description":"Poznaj nowoczesne narz\u0119dzia, dzi\u0119ki kt\u00f3rym usprawnisz swoj\u0105 prac\u0119 i zaoszcz\u0119dzisz nawet kilka godzin tygodniowo na przygotowaniach do zaj\u0119\u0107!","robots":{"index":"index","follow":"follow","max-snippet":"max-snippet:-1","max-image-preview":"max-image-preview:large","max-video-preview":"max-video-preview:-1"},"canonical":"https:\/\/szkoleniasokrates.pl\/en\/product\/sztuczna-inteligencja\/","og_locale":"en_US","og_type":"article","og_title":"Sztuczna inteligencja Adam Franczak - Szkolenia Sokrates","og_description":"Poznaj nowoczesne narz\u0119dzia, dzi\u0119ki kt\u00f3rym usprawnisz swoj\u0105 prac\u0119 i zaoszcz\u0119dzisz nawet kilka godzin tygodniowo na przygotowaniach do zaj\u0119\u0107!","og_url":"https:\/\/szkoleniasokrates.pl\/en\/product\/sztuczna-inteligencja\/","og_site_name":"Szkolenia Sokrates","og_image":[{"width":1080,"height":1350,"url":"https:\/\/szkoleniasokrates.pl\/wp-content\/uploads\/2025\/06\/Bezplatny-webinar-A.-Franczak-24.06.jpg","type":"image\/jpeg"}],"twitter_card":"summary_large_image","twitter_misc":{"Est. reading time":"1 minute"},"schema":{"@context":"https:\/\/schema.org","@graph":[{"@type":"WebPage","@id":"https:\/\/szkoleniasokrates.pl\/produkt\/sztuczna-inteligencja\/","url":"https:\/\/szkoleniasokrates.pl\/produkt\/sztuczna-inteligencja\/","name":"Sztuczna inteligencja Adam Franczak - Szkolenia Sokrates","isPartOf":{"@id":"https:\/\/szkoleniasokrates.pl\/#website"},"datePublished":"2025-06-12T09:51:38+00:00","dateModified":"2025-06-12T09:51:38+00:00","description":"Poznaj nowoczesne narz\u0119dzia, dzi\u0119ki kt\u00f3rym usprawnisz swoj\u0105 prac\u0119 i zaoszcz\u0119dzisz nawet kilka godzin tygodniowo na przygotowaniach do zaj\u0119\u0107!","breadcrumb":{"@id":"https:\/\/szkoleniasokrates.pl\/produkt\/sztuczna-inteligencja\/#breadcrumb"},"inLanguage":"en-US","potentialAction":[{"@type":"ReadAction","target":["https:\/\/szkoleniasokrates.pl\/produkt\/sztuczna-inteligencja\/"]}]},{"@type":"BreadcrumbList","@id":"https:\/\/szkoleniasokrates.pl\/produkt\/sztuczna-inteligencja\/#breadcrumb","itemListElement":[{"@type":"ListItem","position":1,"name":"Home","item":"https:\/\/szkoleniasokrates.pl\/"},{"@type":"ListItem","position":2,"name":"Sklep","item":"https:\/\/szkoleniasokrates.pl\/sklep\/"},{"@type":"ListItem","position":3,"name":"Sztuczna inteligencja Adam Franczak"}]},{"@type":"WebSite","@id":"https:\/\/szkoleniasokrates.pl\/#website","url":"https:\/\/szkoleniasokrates.pl\/","name":"Szkolenia Sokrates","description":"Grupa Edukacyjno-Szkoleniowa","publisher":{"@id":"https:\/\/szkoleniasokrates.pl\/#organization"},"potentialAction":[{"@type":"SearchAction","target":{"@type":"EntryPoint","urlTemplate":"https:\/\/szkoleniasokrates.pl\/?s={search_term_string}"},"query-input":"required name=search_term_string"}],"inLanguage":"en-US"},{"@type":"Organization","@id":"https:\/\/szkoleniasokrates.pl\/#organization","name":"Szkolenia Sokrates","url":"https:\/\/szkoleniasokrates.pl\/","logo":{"@type":"ImageObject","inLanguage":"en-US","@id":"https:\/\/szkoleniasokrates.pl\/#\/schema\/logo\/image\/","url":"https:\/\/szkoleniasokrates.pl\/wp-content\/uploads\/2022\/05\/cropped-LOGO-2.png","contentUrl":"https:\/\/szkoleniasokrates.pl\/wp-content\/uploads\/2022\/05\/cropped-LOGO-2.png","width":150,"height":45,"caption":"Szkolenia Sokrates"},"image":{"@id":"https:\/\/szkoleniasokrates.pl\/#\/schema\/logo\/image\/"}}]}},"_links":{"self":[{"href":"https:\/\/szkoleniasokrates.pl\/en\/wp-json\/wp\/v2\/product\/10099","targetHints":{"allow":["GET"]}}],"collection":[{"href":"https:\/\/szkoleniasokrates.pl\/en\/wp-json\/wp\/v2\/product"}],"about":[{"href":"https:\/\/szkoleniasokrates.pl\/en\/wp-json\/wp\/v2\/types\/product"}],"replies":[{"embeddable":true,"href":"https:\/\/szkoleniasokrates.pl\/en\/wp-json\/wp\/v2\/comments?post=10099"}],"version-history":[{"count":1,"href":"https:\/\/szkoleniasokrates.pl\/en\/wp-json\/wp\/v2\/product\/10099\/revisions"}],"predecessor-version":[{"id":10101,"href":"https:\/\/szkoleniasokrates.pl\/en\/wp-json\/wp\/v2\/product\/10099\/revisions\/10101"}],"wp:featuredmedia":[{"embeddable":true,"href":"https:\/\/szkoleniasokrates.pl\/en\/wp-json\/wp\/v2\/media\/10100"}],"wp:attachment":[{"href":"https:\/\/szkoleniasokrates.pl\/en\/wp-json\/wp\/v2\/media?parent=10099"}],"wp:term":[{"taxonomy":"product_cat","embeddable":true,"href":"https:\/\/szkoleniasokrates.pl\/en\/wp-json\/wp\/v2\/product_cat?post=10099"},{"taxonomy":"product_tag","embeddable":true,"href":"https:\/\/szkoleniasokrates.pl\/en\/wp-json\/wp\/v2\/product_tag?post=10099"}],"curies":[{"name":"wp","href":"https:\/\/api.w.org\/{rel}","templated":true}]}}