{"id":8194,"date":"2022-05-09T11:21:56","date_gmt":"2022-05-09T09:21:56","guid":{"rendered":"https:\/\/szkoleniasokrates.pl\/?post_type=product&#038;p=8194"},"modified":"2024-05-07T11:05:04","modified_gmt":"2024-05-07T09:05:04","slug":"notatki-wizualne","status":"publish","type":"product","link":"https:\/\/szkoleniasokrates.pl\/en\/product\/notatki-wizualne\/","title":{"rendered":"Notatki Wizualne"},"content":{"rendered":"<p><img loading=\"lazy\" decoding=\"async\" class=\"size-medium wp-image-8191 alignleft\" src=\"https:\/\/szkoleniasokrates.pl\/wp-content\/uploads\/2022\/05\/197306032_4583545858339778_2446182883809097994_n-300x300.jpg\" alt=\"\" width=\"300\" height=\"300\" srcset=\"https:\/\/szkoleniasokrates.pl\/wp-content\/uploads\/2022\/05\/197306032_4583545858339778_2446182883809097994_n-300x300.jpg 300w, https:\/\/szkoleniasokrates.pl\/wp-content\/uploads\/2022\/05\/197306032_4583545858339778_2446182883809097994_n-150x150.jpg 150w, https:\/\/szkoleniasokrates.pl\/wp-content\/uploads\/2022\/05\/197306032_4583545858339778_2446182883809097994_n-12x12.jpg 12w, https:\/\/szkoleniasokrates.pl\/wp-content\/uploads\/2022\/05\/197306032_4583545858339778_2446182883809097994_n-600x600.jpg 600w, https:\/\/szkoleniasokrates.pl\/wp-content\/uploads\/2022\/05\/197306032_4583545858339778_2446182883809097994_n-100x100.jpg 100w, https:\/\/szkoleniasokrates.pl\/wp-content\/uploads\/2022\/05\/197306032_4583545858339778_2446182883809097994_n.jpg 608w\" sizes=\"auto, (max-width: 300px) 100vw, 300px\" \/>Notatki wizualne to szkolenie skierowane jest do wszystkich nauczycieli przedszkola jak i szk\u00f3\u0142 podstawowych oraz \u015brednich, kt\u00f3rzy pragn\u0105 nauczy\u0107 si\u0119 tworzenia wizualnych, rysunkowych notatek, kt\u00f3re w atrakcyjny i ciekawy spos\u00f3b pozwalaj\u0105 przekaza\u0107 tre\u015bci i zaktywizowa\u0107 dzieci i uczni\u00f3w. Jest idealny dla tych, kt\u00f3rzy chc\u0105 opanowa\u0107 podstawy tak bardzo popularnego sketchonotingu, czyli my\u015blenia wizualnego. Szkolenie jest interaktywne i anga\u017cuje ka\u017cdego tak, aby poradzi\u0142 sobie z prostymi rysunkami oraz zacz\u0105\u0142 swoj\u0105 przygod\u0119 z my\u015bleniem wizualnym ju\u017c w trakcie spotkania.<\/p>\n<p>&nbsp;<\/p>\n<div class=\"tutor-course-details-content\">\n<div class=\"tutor-fs-6 tutor-color-secondary\">\n<p>&nbsp;<\/p>\n<p>&nbsp;<\/p>\n<p>&nbsp;<\/p>\n<p>&nbsp;<\/p>\n<p>&nbsp;<\/p>\n<p><strong>Ekspert Sokrates <\/strong>\u2013 Mateusz \u0141ysek.<\/p>\n<p>Czas trwania: 92 minuty<\/p>\n<p>Liczba modu\u0142\u00f3w: 4<\/p>\n<p>Szko\u0142y i przedszkola<\/p>\n<p>&nbsp;<\/p>\n<p><strong>Skills:<\/strong><\/p>\n<p>\u00b7 zasady rozrysowania,<\/p>\n<p>\u00b7 elementy sketchnotki,<\/p>\n<p>\u00b7 ludziki i litery,<\/p>\n<p>\u00b7 rysujemy sketchnotk\u0119.<\/p>\n<\/div>\n<\/div>\n<div class=\"tutor-course-details-widget tutor-course-details-widget-col-2 tutor-mt-lg-50 tutor-mt-32\"><\/div>","protected":false},"excerpt":{"rendered":"<form id=\"registrationForm\" class=\"row\" method=\"post\" name=\"registrationForm\" action=\"\">\n<fieldset class=\"col-12\">\n<div class=\"page-around-room__wrap\">\n<section class=\"page-around-room-agenda\" data-editor=\"component\">\n<div class=\"event-schedule-editable page-around-room-agenda__content\">\n<p><img loading=\"lazy\" decoding=\"async\" class=\"size-medium wp-image-8191 alignleft\" src=\"https:\/\/szkoleniasokrates.pl\/wp-content\/uploads\/2022\/05\/197306032_4583545858339778_2446182883809097994_n-300x300.jpg\" alt=\"\" width=\"300\" height=\"300\" srcset=\"https:\/\/szkoleniasokrates.pl\/wp-content\/uploads\/2022\/05\/197306032_4583545858339778_2446182883809097994_n-300x300.jpg 300w, https:\/\/szkoleniasokrates.pl\/wp-content\/uploads\/2022\/05\/197306032_4583545858339778_2446182883809097994_n-150x150.jpg 150w, https:\/\/szkoleniasokrates.pl\/wp-content\/uploads\/2022\/05\/197306032_4583545858339778_2446182883809097994_n-12x12.jpg 12w, https:\/\/szkoleniasokrates.pl\/wp-content\/uploads\/2022\/05\/197306032_4583545858339778_2446182883809097994_n-600x600.jpg 600w, https:\/\/szkoleniasokrates.pl\/wp-content\/uploads\/2022\/05\/197306032_4583545858339778_2446182883809097994_n-100x100.jpg 100w, https:\/\/szkoleniasokrates.pl\/wp-content\/uploads\/2022\/05\/197306032_4583545858339778_2446182883809097994_n.jpg 608w\" sizes=\"auto, (max-width: 300px) 100vw, 300px\" \/>Skierowane jest do wszystkich nauczycieli przedszkola jak i szk\u00f3\u0142 podstawowych oraz \u015brednich, kt\u00f3rzy pragn\u0105 nauczy\u0107 si\u0119 tworzenia wizualnych, rysunkowych notatek, kt\u00f3re w atrakcyjny i ciekawy spos\u00f3b pozwalaj\u0105 przekaza\u0107 tre\u015bci i zaktywizowa\u0107 dzieci i uczni\u00f3w. Jest idealny dla tych, kt\u00f3rzy chc\u0105 opanowa\u0107 podstawy tak bardzo popularnego sketchonotingu, czyli my\u015blenia wizualnego. Szkolenie jest interaktywne i anga\u017cuje ka\u017cdego tak, aby poradzi\u0142 sobie z prostymi rysunkami oraz zacz\u0105\u0142 swoj\u0105 przygod\u0119 z my\u015bleniem wizualnym ju\u017c w trakcie spotkania.<\/p>\n<\/div>\n<\/section>\n<\/div>\n<div class=\"tutor-course-details-content\">\n<div class=\"tutor-fs-6 tutor-color-secondary\">\n<p>&nbsp;<\/p>\n<p>&nbsp;<\/p>\n<p>&nbsp;<\/p>\n<p>&nbsp;<\/p>\n<p>&nbsp;<\/p>\n<p>&nbsp;<\/p>\n<p><strong>Ekspert Sokrates<\/strong>\u00a0\u2013 Mateusz \u0141ysek.<\/p>\n<p>Czas trwania: 92 minuty<\/p>\n<p>Liczba modu\u0142\u00f3w: 4<\/p>\n<p>Szko\u0142y i przedszkola<\/p>\n<p>&nbsp;<\/p>\n<p><strong>Skills:<\/strong><\/p>\n<p>\u00b7 zasady rozrysowania,<\/p>\n<p>\u00b7 elementy sketchnotki,<\/p>\n<p>\u00b7 ludziki i litery,<\/p>\n<p>\u00b7 rysujemy sketchnotk\u0119.<\/p>\n<\/div>\n<\/div>\n<div class=\"tutor-course-details-widget tutor-course-details-widget-col-2 tutor-mt-lg-50 tutor-mt-32\"><\/div>\n<\/fieldset>\n<input type=\"hidden\" name=\"trp-form-language\" value=\"en\"\/><\/form>","protected":false},"featured_media":8797,"comment_status":"open","ping_status":"closed","template":"","meta":[],"product_cat":[15],"product_tag":[],"class_list":{"0":"post-8194","1":"product","2":"type-product","3":"status-publish","4":"has-post-thumbnail","6":"product_cat-bez-kategorii","8":"first","9":"instock","10":"featured","11":"virtual","12":"purchasable","13":"product-type-simple"},"yoast_head":"<!-- This site is optimized with the Yoast SEO plugin v19.9 - https:\/\/yoast.com\/wordpress\/plugins\/seo\/ -->\n<title>Notatki Wizualne - Szkolenia Sokrates<\/title>\n<meta name=\"description\" content=\"Notatki wizualne to szkolenie dla nauczycieli szk\u00f3\u0142 i przedszkoli kt\u00f3rzy pragn\u0105 nauczy\u0107 si\u0119 tworzenia wizualnych notatek.\" \/>\n<meta name=\"robots\" content=\"index, follow, max-snippet:-1, max-image-preview:large, max-video-preview:-1\" \/>\n<link rel=\"canonical\" href=\"https:\/\/szkoleniasokrates.pl\/en\/product\/notatki-wizualne\/\" \/>\n<meta property=\"og:locale\" content=\"en_US\" \/>\n<meta property=\"og:type\" content=\"article\" \/>\n<meta property=\"og:title\" content=\"Notatki Wizualne - Szkolenia Sokrates\" \/>\n<meta property=\"og:description\" content=\"Notatki wizualne to szkolenie dla nauczycieli szk\u00f3\u0142 i przedszkoli kt\u00f3rzy pragn\u0105 nauczy\u0107 si\u0119 tworzenia wizualnych notatek.\" \/>\n<meta property=\"og:url\" content=\"https:\/\/szkoleniasokrates.pl\/en\/product\/notatki-wizualne\/\" \/>\n<meta property=\"og:site_name\" content=\"Szkolenia Sokrates\" \/>\n<meta property=\"article:modified_time\" content=\"2024-05-07T09:05:04+00:00\" \/>\n<meta property=\"og:image\" content=\"https:\/\/szkoleniasokrates.pl\/wp-content\/uploads\/2022\/05\/197306032_4583545858339778_2446182883809097994_n-1.webp\" \/>\n\t<meta property=\"og:image:width\" content=\"608\" \/>\n\t<meta property=\"og:image:height\" content=\"608\" \/>\n\t<meta property=\"og:image:type\" content=\"image\/webp\" \/>\n<meta name=\"twitter:card\" content=\"summary_large_image\" \/>\n<meta name=\"twitter:label1\" content=\"Est. reading time\" \/>\n\t<meta name=\"twitter:data1\" content=\"1 minute\" \/>\n<script type=\"application\/ld+json\" class=\"yoast-schema-graph\">{\"@context\":\"https:\/\/schema.org\",\"@graph\":[{\"@type\":\"WebPage\",\"@id\":\"https:\/\/szkoleniasokrates.pl\/produkt\/notatki-wizualne\/\",\"url\":\"https:\/\/szkoleniasokrates.pl\/produkt\/notatki-wizualne\/\",\"name\":\"Notatki Wizualne - Szkolenia Sokrates\",\"isPartOf\":{\"@id\":\"https:\/\/szkoleniasokrates.pl\/#website\"},\"datePublished\":\"2022-05-09T09:21:56+00:00\",\"dateModified\":\"2024-05-07T09:05:04+00:00\",\"description\":\"Notatki wizualne to szkolenie dla nauczycieli szk\u00f3\u0142 i przedszkoli kt\u00f3rzy pragn\u0105 nauczy\u0107 si\u0119 tworzenia wizualnych notatek.\",\"breadcrumb\":{\"@id\":\"https:\/\/szkoleniasokrates.pl\/produkt\/notatki-wizualne\/#breadcrumb\"},\"inLanguage\":\"en-US\",\"potentialAction\":[{\"@type\":\"ReadAction\",\"target\":[\"https:\/\/szkoleniasokrates.pl\/produkt\/notatki-wizualne\/\"]}]},{\"@type\":\"BreadcrumbList\",\"@id\":\"https:\/\/szkoleniasokrates.pl\/produkt\/notatki-wizualne\/#breadcrumb\",\"itemListElement\":[{\"@type\":\"ListItem\",\"position\":1,\"name\":\"Home\",\"item\":\"https:\/\/szkoleniasokrates.pl\/\"},{\"@type\":\"ListItem\",\"position\":2,\"name\":\"Sklep\",\"item\":\"https:\/\/szkoleniasokrates.pl\/sklep\/\"},{\"@type\":\"ListItem\",\"position\":3,\"name\":\"Notatki Wizualne\"}]},{\"@type\":\"WebSite\",\"@id\":\"https:\/\/szkoleniasokrates.pl\/#website\",\"url\":\"https:\/\/szkoleniasokrates.pl\/\",\"name\":\"Szkolenia Sokrates\",\"description\":\"Grupa Edukacyjno-Szkoleniowa\",\"publisher\":{\"@id\":\"https:\/\/szkoleniasokrates.pl\/#organization\"},\"potentialAction\":[{\"@type\":\"SearchAction\",\"target\":{\"@type\":\"EntryPoint\",\"urlTemplate\":\"https:\/\/szkoleniasokrates.pl\/?s={search_term_string}\"},\"query-input\":\"required name=search_term_string\"}],\"inLanguage\":\"en-US\"},{\"@type\":\"Organization\",\"@id\":\"https:\/\/szkoleniasokrates.pl\/#organization\",\"name\":\"Szkolenia Sokrates\",\"url\":\"https:\/\/szkoleniasokrates.pl\/\",\"logo\":{\"@type\":\"ImageObject\",\"inLanguage\":\"en-US\",\"@id\":\"https:\/\/szkoleniasokrates.pl\/#\/schema\/logo\/image\/\",\"url\":\"https:\/\/szkoleniasokrates.pl\/wp-content\/uploads\/2022\/05\/cropped-LOGO-2.png\",\"contentUrl\":\"https:\/\/szkoleniasokrates.pl\/wp-content\/uploads\/2022\/05\/cropped-LOGO-2.png\",\"width\":150,\"height\":45,\"caption\":\"Szkolenia Sokrates\"},\"image\":{\"@id\":\"https:\/\/szkoleniasokrates.pl\/#\/schema\/logo\/image\/\"}}]}<\/script>\n<!-- \/ Yoast SEO plugin. -->","yoast_head_json":{"title":"Notatki Wizualne - Szkolenia Sokrates","description":"Notatki wizualne to szkolenie dla nauczycieli szk\u00f3\u0142 i przedszkoli kt\u00f3rzy pragn\u0105 nauczy\u0107 si\u0119 tworzenia wizualnych notatek.","robots":{"index":"index","follow":"follow","max-snippet":"max-snippet:-1","max-image-preview":"max-image-preview:large","max-video-preview":"max-video-preview:-1"},"canonical":"https:\/\/szkoleniasokrates.pl\/en\/product\/notatki-wizualne\/","og_locale":"en_US","og_type":"article","og_title":"Notatki Wizualne - Szkolenia Sokrates","og_description":"Notatki wizualne to szkolenie dla nauczycieli szk\u00f3\u0142 i przedszkoli kt\u00f3rzy pragn\u0105 nauczy\u0107 si\u0119 tworzenia wizualnych notatek.","og_url":"https:\/\/szkoleniasokrates.pl\/en\/product\/notatki-wizualne\/","og_site_name":"Szkolenia Sokrates","article_modified_time":"2024-05-07T09:05:04+00:00","og_image":[{"width":608,"height":608,"url":"https:\/\/szkoleniasokrates.pl\/wp-content\/uploads\/2022\/05\/197306032_4583545858339778_2446182883809097994_n-1.webp","type":"image\/webp"}],"twitter_card":"summary_large_image","twitter_misc":{"Est. reading time":"1 minute"},"schema":{"@context":"https:\/\/schema.org","@graph":[{"@type":"WebPage","@id":"https:\/\/szkoleniasokrates.pl\/produkt\/notatki-wizualne\/","url":"https:\/\/szkoleniasokrates.pl\/produkt\/notatki-wizualne\/","name":"Notatki Wizualne - Szkolenia Sokrates","isPartOf":{"@id":"https:\/\/szkoleniasokrates.pl\/#website"},"datePublished":"2022-05-09T09:21:56+00:00","dateModified":"2024-05-07T09:05:04+00:00","description":"Notatki wizualne to szkolenie dla nauczycieli szk\u00f3\u0142 i przedszkoli kt\u00f3rzy pragn\u0105 nauczy\u0107 si\u0119 tworzenia wizualnych notatek.","breadcrumb":{"@id":"https:\/\/szkoleniasokrates.pl\/produkt\/notatki-wizualne\/#breadcrumb"},"inLanguage":"en-US","potentialAction":[{"@type":"ReadAction","target":["https:\/\/szkoleniasokrates.pl\/produkt\/notatki-wizualne\/"]}]},{"@type":"BreadcrumbList","@id":"https:\/\/szkoleniasokrates.pl\/produkt\/notatki-wizualne\/#breadcrumb","itemListElement":[{"@type":"ListItem","position":1,"name":"Home","item":"https:\/\/szkoleniasokrates.pl\/"},{"@type":"ListItem","position":2,"name":"Sklep","item":"https:\/\/szkoleniasokrates.pl\/sklep\/"},{"@type":"ListItem","position":3,"name":"Notatki Wizualne"}]},{"@type":"WebSite","@id":"https:\/\/szkoleniasokrates.pl\/#website","url":"https:\/\/szkoleniasokrates.pl\/","name":"Szkolenia Sokrates","description":"Grupa Edukacyjno-Szkoleniowa","publisher":{"@id":"https:\/\/szkoleniasokrates.pl\/#organization"},"potentialAction":[{"@type":"SearchAction","target":{"@type":"EntryPoint","urlTemplate":"https:\/\/szkoleniasokrates.pl\/?s={search_term_string}"},"query-input":"required name=search_term_string"}],"inLanguage":"en-US"},{"@type":"Organization","@id":"https:\/\/szkoleniasokrates.pl\/#organization","name":"Szkolenia Sokrates","url":"https:\/\/szkoleniasokrates.pl\/","logo":{"@type":"ImageObject","inLanguage":"en-US","@id":"https:\/\/szkoleniasokrates.pl\/#\/schema\/logo\/image\/","url":"https:\/\/szkoleniasokrates.pl\/wp-content\/uploads\/2022\/05\/cropped-LOGO-2.png","contentUrl":"https:\/\/szkoleniasokrates.pl\/wp-content\/uploads\/2022\/05\/cropped-LOGO-2.png","width":150,"height":45,"caption":"Szkolenia Sokrates"},"image":{"@id":"https:\/\/szkoleniasokrates.pl\/#\/schema\/logo\/image\/"}}]}},"_links":{"self":[{"href":"https:\/\/szkoleniasokrates.pl\/en\/wp-json\/wp\/v2\/product\/8194","targetHints":{"allow":["GET"]}}],"collection":[{"href":"https:\/\/szkoleniasokrates.pl\/en\/wp-json\/wp\/v2\/product"}],"about":[{"href":"https:\/\/szkoleniasokrates.pl\/en\/wp-json\/wp\/v2\/types\/product"}],"replies":[{"embeddable":true,"href":"https:\/\/szkoleniasokrates.pl\/en\/wp-json\/wp\/v2\/comments?post=8194"}],"version-history":[{"count":5,"href":"https:\/\/szkoleniasokrates.pl\/en\/wp-json\/wp\/v2\/product\/8194\/revisions"}],"predecessor-version":[{"id":8685,"href":"https:\/\/szkoleniasokrates.pl\/en\/wp-json\/wp\/v2\/product\/8194\/revisions\/8685"}],"wp:featuredmedia":[{"embeddable":true,"href":"https:\/\/szkoleniasokrates.pl\/en\/wp-json\/wp\/v2\/media\/8797"}],"wp:attachment":[{"href":"https:\/\/szkoleniasokrates.pl\/en\/wp-json\/wp\/v2\/media?parent=8194"}],"wp:term":[{"taxonomy":"product_cat","embeddable":true,"href":"https:\/\/szkoleniasokrates.pl\/en\/wp-json\/wp\/v2\/product_cat?post=8194"},{"taxonomy":"product_tag","embeddable":true,"href":"https:\/\/szkoleniasokrates.pl\/en\/wp-json\/wp\/v2\/product_tag?post=8194"}],"curies":[{"name":"wp","href":"https:\/\/api.w.org\/{rel}","templated":true}]}}