{"id":8580,"date":"2022-05-17T12:09:35","date_gmt":"2022-05-17T10:09:35","guid":{"rendered":"https:\/\/szkoleniasokrates.pl\/?post_type=product&#038;p=8580"},"modified":"2022-05-24T12:25:50","modified_gmt":"2022-05-24T10:25:50","slug":"konsultacje-indywidualne-z-ekspertem","status":"publish","type":"product","link":"https:\/\/szkoleniasokrates.pl\/en\/product\/konsultacje-indywidualne-z-ekspertem\/","title":{"rendered":"Konsultacje indywidualne z ekspertem online 60 min."},"content":{"rendered":"<p>Konsultacje indywidualne z ekspertem to idealne rozwi\u0105zanie dla dyrektor\u00f3w i nauczycieli\u00a0 Zapraszamy do skorzystania z konsultacji indywidualnych z ekspertem GES SOKRARTES, kt\u00f3ry odpowie na Pa\u0144stwa pytania i pomo\u017ce w sytuacjach kryzysowych. Dzi\u0119ki indywidualnym konsultacjom z ekspertem wielu dyrektor\u00f3w i nauczycieli z ca\u0142ej Polski znalaz\u0142o rozwi\u0105zanie problem\u00f3w lub w\u0105tpliwo\u015bci!<\/p>\n<p>&nbsp;<\/p>\n<p><strong>W jakich obszarach mo\u017cesz skorzysta\u0107 z konsultacji:<\/strong><\/p>\n<ul>\n<li>Awans zawodowy,<\/li>\n<li>Dokumentacja,<\/li>\n<li>W\u0105tpliwo\u015bci prawne,<\/li>\n<li>Inne wskazane.<\/li>\n<\/ul>\n<p>Nie jeste\u015b pewny\/-a? Zadzwo\u0144 i dopytaj si\u0119 \ud83d\ude42<\/p>\n<p>&nbsp;<\/p>\n<p><strong>Co musisz wiedzie\u0107 przed zakupem:<\/strong><\/p>\n<ul>\n<li>Konsultacje odbywaj\u0105 si\u0119 w terminie dogodnym zar\u00f3wno dla Ciebie jak i prowadz\u0105cego,<\/li>\n<li>Spotkania odbywaj\u0105 si\u0119 online i trwaj\u0105 60 min.<\/li>\n<li>Platform\u0105 s\u0142u\u017c\u0105c\u0105 do konsultacji indywidualnych jest ClickMeeting, mo\u017cliwa jest zmiana platformy po wcze\u015bniejszym uzgodnieniu z prowadz\u0105cym.<\/li>\n<\/ul>\n<p>&nbsp;<\/p>\n<p>&nbsp;<\/p>\n<p>&nbsp;<\/p>\n<p>&nbsp;<\/p>\n<p>&nbsp;<\/p>\n<p><a href=\"https:\/\/szkoleniasokrates.pl\/en\/szkolenia\/\">Sprawd\u017a inne szkolenia<\/a><\/p>\n<p>Strona plac\u00f3wki doskonalenia:<\/p>\n<p><a href=\"https:\/\/grupasokrates.pl\/\">www.grupasokrates.pl\u00a0<\/a><\/p>\n<p>&nbsp;<\/p>\n<p>&nbsp;<\/p>","protected":false},"excerpt":{"rendered":"<p>Konsultacje indywidualne z ekspertem to idealne rozwi\u0105zanie dla dyrektor\u00f3w i nauczycieli\u00a0 Zapraszamy do skorzystania z konsultacji indywidualnych z ekspertem GES SOKRARTES, kt\u00f3ry odpowie na Pa\u0144stwa pytania i pomo\u017ce w sytuacjach kryzysowych. Dzi\u0119ki indywidualnym konsultacjom z ekspertem wielu dyrektor\u00f3w i nauczycieli z ca\u0142ej Polski znalaz\u0142o rozwi\u0105zanie problem\u00f3w lub w\u0105tpliwo\u015bci!<\/p>\n<p>&nbsp;<\/p>\n<p><strong>W jakich obszarach mo\u017cesz skorzysta\u0107 z konsultacji:<\/strong><\/p>\n<ul>\n<li>Awans zawodowy,<\/li>\n<li>Dokumentacja,<\/li>\n<li>W\u0105tpliwo\u015bci prawne,<\/li>\n<li>Inne wskazane.<\/li>\n<\/ul>\n<p>Nie jeste\u015b pewny\/-a? Zadzwo\u0144 i dopytaj si\u0119 \ud83d\ude42<\/p>\n<p>&nbsp;<\/p>\n<p><strong>Co musisz wiedzie\u0107 przed zakupem:<\/strong><\/p>\n<ul>\n<li>Konsultacje odbywaj\u0105 si\u0119 w terminie dogodnym zar\u00f3wno dla Ciebie jak i prowadz\u0105cego,<\/li>\n<li>Spotkania odbywaj\u0105 si\u0119 online i trwaj\u0105 60 min.<\/li>\n<li>Platform\u0105 s\u0142u\u017c\u0105c\u0105 do konsultacji indywidualnych jest ClickMeeting, mo\u017cliwa jest zmiana platformy po wcze\u015bniejszym uzgodnieniu z prowadz\u0105cym.<\/li>\n<\/ul>\n<p>&nbsp;<\/p>\n<p>&nbsp;<\/p>\n<p>&nbsp;<\/p>\n<p>&nbsp;<\/p>\n<p>&nbsp;<\/p>\n<p><a href=\"https:\/\/szkoleniasokrates.pl\/en\/szkolenia\/\">Sprawd\u017a inne szkolenia<\/a><\/p>\n<p>Strona plac\u00f3wki doskonalenia:<\/p>\n<p><a href=\"https:\/\/grupasokrates.pl\/\">www.grupasokrates.pl\u00a0<\/a><\/p>\n<p>&nbsp;<\/p>\n<p>&nbsp;<\/p>","protected":false},"featured_media":8582,"comment_status":"open","ping_status":"closed","template":"","meta":[],"product_cat":[72,71,73],"product_tag":[75,74],"class_list":{"0":"post-8580","1":"product","2":"type-product","3":"status-publish","4":"has-post-thumbnail","6":"product_cat-analiza-dokumentacji","7":"product_cat-dla-dyrektora","8":"product_cat-prawo-oswiatowe","9":"product_tag-ekspert","10":"product_tag-konsultacje","12":"first","13":"instock","14":"sale","15":"virtual","16":"purchasable","17":"product-type-simple"},"yoast_head":"<!-- This site is optimized with the Yoast SEO plugin v19.9 - https:\/\/yoast.com\/wordpress\/plugins\/seo\/ -->\n<title>Konsultacje indywidualne z ekspertem online 60 min. - Szkolenia Sokrates<\/title>\n<meta name=\"description\" content=\"Konsultacje indywidualne z ekspertem i pozb\u0105d\u017a si\u0119 w\u0105tpliwo\u015bci! Eksperci GES SOKRATES pomog\u0105 rozwia\u0107 Twoje w\u0105tpliwo\u015bci!\" \/>\n<meta name=\"robots\" content=\"index, follow, max-snippet:-1, max-image-preview:large, max-video-preview:-1\" \/>\n<link rel=\"canonical\" href=\"https:\/\/szkoleniasokrates.pl\/en\/product\/konsultacje-indywidualne-z-ekspertem\/\" \/>\n<meta property=\"og:locale\" content=\"en_US\" \/>\n<meta property=\"og:type\" content=\"article\" \/>\n<meta property=\"og:title\" content=\"Konsultacje indywidualne z ekspertem online 60 min. - Szkolenia Sokrates\" \/>\n<meta property=\"og:description\" content=\"Konsultacje indywidualne z ekspertem i pozb\u0105d\u017a si\u0119 w\u0105tpliwo\u015bci! Eksperci GES SOKRATES pomog\u0105 rozwia\u0107 Twoje w\u0105tpliwo\u015bci!\" \/>\n<meta property=\"og:url\" content=\"https:\/\/szkoleniasokrates.pl\/en\/product\/konsultacje-indywidualne-z-ekspertem\/\" \/>\n<meta property=\"og:site_name\" content=\"Szkolenia Sokrates\" \/>\n<meta property=\"article:modified_time\" content=\"2022-05-24T10:25:50+00:00\" \/>\n<meta property=\"og:image\" content=\"https:\/\/szkoleniasokrates.pl\/wp-content\/uploads\/2022\/05\/Frame-132.png\" \/>\n\t<meta property=\"og:image:width\" content=\"300\" \/>\n\t<meta property=\"og:image:height\" content=\"300\" \/>\n\t<meta property=\"og:image:type\" content=\"image\/png\" \/>\n<meta name=\"twitter:card\" content=\"summary_large_image\" \/>\n<meta name=\"twitter:label1\" content=\"Est. reading time\" \/>\n\t<meta name=\"twitter:data1\" content=\"1 minute\" \/>\n<script type=\"application\/ld+json\" class=\"yoast-schema-graph\">{\"@context\":\"https:\/\/schema.org\",\"@graph\":[{\"@type\":\"WebPage\",\"@id\":\"https:\/\/szkoleniasokrates.pl\/produkt\/konsultacje-indywidualne-z-ekspertem\/\",\"url\":\"https:\/\/szkoleniasokrates.pl\/produkt\/konsultacje-indywidualne-z-ekspertem\/\",\"name\":\"Konsultacje indywidualne z ekspertem online 60 min. - Szkolenia Sokrates\",\"isPartOf\":{\"@id\":\"https:\/\/szkoleniasokrates.pl\/#website\"},\"datePublished\":\"2022-05-17T10:09:35+00:00\",\"dateModified\":\"2022-05-24T10:25:50+00:00\",\"description\":\"Konsultacje indywidualne z ekspertem i pozb\u0105d\u017a si\u0119 w\u0105tpliwo\u015bci! Eksperci GES SOKRATES pomog\u0105 rozwia\u0107 Twoje w\u0105tpliwo\u015bci!\",\"breadcrumb\":{\"@id\":\"https:\/\/szkoleniasokrates.pl\/produkt\/konsultacje-indywidualne-z-ekspertem\/#breadcrumb\"},\"inLanguage\":\"en-US\",\"potentialAction\":[{\"@type\":\"ReadAction\",\"target\":[\"https:\/\/szkoleniasokrates.pl\/produkt\/konsultacje-indywidualne-z-ekspertem\/\"]}]},{\"@type\":\"BreadcrumbList\",\"@id\":\"https:\/\/szkoleniasokrates.pl\/produkt\/konsultacje-indywidualne-z-ekspertem\/#breadcrumb\",\"itemListElement\":[{\"@type\":\"ListItem\",\"position\":1,\"name\":\"Home\",\"item\":\"https:\/\/szkoleniasokrates.pl\/\"},{\"@type\":\"ListItem\",\"position\":2,\"name\":\"Sklep\",\"item\":\"https:\/\/szkoleniasokrates.pl\/sklep\/\"},{\"@type\":\"ListItem\",\"position\":3,\"name\":\"Konsultacje indywidualne z ekspertem online 60 min.\"}]},{\"@type\":\"WebSite\",\"@id\":\"https:\/\/szkoleniasokrates.pl\/#website\",\"url\":\"https:\/\/szkoleniasokrates.pl\/\",\"name\":\"Szkolenia Sokrates\",\"description\":\"Grupa Edukacyjno-Szkoleniowa\",\"publisher\":{\"@id\":\"https:\/\/szkoleniasokrates.pl\/#organization\"},\"potentialAction\":[{\"@type\":\"SearchAction\",\"target\":{\"@type\":\"EntryPoint\",\"urlTemplate\":\"https:\/\/szkoleniasokrates.pl\/?s={search_term_string}\"},\"query-input\":\"required name=search_term_string\"}],\"inLanguage\":\"en-US\"},{\"@type\":\"Organization\",\"@id\":\"https:\/\/szkoleniasokrates.pl\/#organization\",\"name\":\"Szkolenia Sokrates\",\"url\":\"https:\/\/szkoleniasokrates.pl\/\",\"logo\":{\"@type\":\"ImageObject\",\"inLanguage\":\"en-US\",\"@id\":\"https:\/\/szkoleniasokrates.pl\/#\/schema\/logo\/image\/\",\"url\":\"https:\/\/szkoleniasokrates.pl\/wp-content\/uploads\/2022\/05\/cropped-LOGO-2.png\",\"contentUrl\":\"https:\/\/szkoleniasokrates.pl\/wp-content\/uploads\/2022\/05\/cropped-LOGO-2.png\",\"width\":150,\"height\":45,\"caption\":\"Szkolenia Sokrates\"},\"image\":{\"@id\":\"https:\/\/szkoleniasokrates.pl\/#\/schema\/logo\/image\/\"}}]}<\/script>\n<!-- \/ Yoast SEO plugin. -->","yoast_head_json":{"title":"Konsultacje indywidualne z ekspertem online 60 min. - Szkolenia Sokrates","description":"Konsultacje indywidualne z ekspertem i pozb\u0105d\u017a si\u0119 w\u0105tpliwo\u015bci! Eksperci GES SOKRATES pomog\u0105 rozwia\u0107 Twoje w\u0105tpliwo\u015bci!","robots":{"index":"index","follow":"follow","max-snippet":"max-snippet:-1","max-image-preview":"max-image-preview:large","max-video-preview":"max-video-preview:-1"},"canonical":"https:\/\/szkoleniasokrates.pl\/en\/product\/konsultacje-indywidualne-z-ekspertem\/","og_locale":"en_US","og_type":"article","og_title":"Konsultacje indywidualne z ekspertem online 60 min. - Szkolenia Sokrates","og_description":"Konsultacje indywidualne z ekspertem i pozb\u0105d\u017a si\u0119 w\u0105tpliwo\u015bci! Eksperci GES SOKRATES pomog\u0105 rozwia\u0107 Twoje w\u0105tpliwo\u015bci!","og_url":"https:\/\/szkoleniasokrates.pl\/en\/product\/konsultacje-indywidualne-z-ekspertem\/","og_site_name":"Szkolenia Sokrates","article_modified_time":"2022-05-24T10:25:50+00:00","og_image":[{"width":300,"height":300,"url":"https:\/\/szkoleniasokrates.pl\/wp-content\/uploads\/2022\/05\/Frame-132.png","type":"image\/png"}],"twitter_card":"summary_large_image","twitter_misc":{"Est. reading time":"1 minute"},"schema":{"@context":"https:\/\/schema.org","@graph":[{"@type":"WebPage","@id":"https:\/\/szkoleniasokrates.pl\/produkt\/konsultacje-indywidualne-z-ekspertem\/","url":"https:\/\/szkoleniasokrates.pl\/produkt\/konsultacje-indywidualne-z-ekspertem\/","name":"Konsultacje indywidualne z ekspertem online 60 min. - Szkolenia Sokrates","isPartOf":{"@id":"https:\/\/szkoleniasokrates.pl\/#website"},"datePublished":"2022-05-17T10:09:35+00:00","dateModified":"2022-05-24T10:25:50+00:00","description":"Konsultacje indywidualne z ekspertem i pozb\u0105d\u017a si\u0119 w\u0105tpliwo\u015bci! Eksperci GES SOKRATES pomog\u0105 rozwia\u0107 Twoje w\u0105tpliwo\u015bci!","breadcrumb":{"@id":"https:\/\/szkoleniasokrates.pl\/produkt\/konsultacje-indywidualne-z-ekspertem\/#breadcrumb"},"inLanguage":"en-US","potentialAction":[{"@type":"ReadAction","target":["https:\/\/szkoleniasokrates.pl\/produkt\/konsultacje-indywidualne-z-ekspertem\/"]}]},{"@type":"BreadcrumbList","@id":"https:\/\/szkoleniasokrates.pl\/produkt\/konsultacje-indywidualne-z-ekspertem\/#breadcrumb","itemListElement":[{"@type":"ListItem","position":1,"name":"Home","item":"https:\/\/szkoleniasokrates.pl\/"},{"@type":"ListItem","position":2,"name":"Sklep","item":"https:\/\/szkoleniasokrates.pl\/sklep\/"},{"@type":"ListItem","position":3,"name":"Konsultacje indywidualne z ekspertem online 60 min."}]},{"@type":"WebSite","@id":"https:\/\/szkoleniasokrates.pl\/#website","url":"https:\/\/szkoleniasokrates.pl\/","name":"Szkolenia Sokrates","description":"Grupa Edukacyjno-Szkoleniowa","publisher":{"@id":"https:\/\/szkoleniasokrates.pl\/#organization"},"potentialAction":[{"@type":"SearchAction","target":{"@type":"EntryPoint","urlTemplate":"https:\/\/szkoleniasokrates.pl\/?s={search_term_string}"},"query-input":"required name=search_term_string"}],"inLanguage":"en-US"},{"@type":"Organization","@id":"https:\/\/szkoleniasokrates.pl\/#organization","name":"Szkolenia Sokrates","url":"https:\/\/szkoleniasokrates.pl\/","logo":{"@type":"ImageObject","inLanguage":"en-US","@id":"https:\/\/szkoleniasokrates.pl\/#\/schema\/logo\/image\/","url":"https:\/\/szkoleniasokrates.pl\/wp-content\/uploads\/2022\/05\/cropped-LOGO-2.png","contentUrl":"https:\/\/szkoleniasokrates.pl\/wp-content\/uploads\/2022\/05\/cropped-LOGO-2.png","width":150,"height":45,"caption":"Szkolenia Sokrates"},"image":{"@id":"https:\/\/szkoleniasokrates.pl\/#\/schema\/logo\/image\/"}}]}},"_links":{"self":[{"href":"https:\/\/szkoleniasokrates.pl\/en\/wp-json\/wp\/v2\/product\/8580","targetHints":{"allow":["GET"]}}],"collection":[{"href":"https:\/\/szkoleniasokrates.pl\/en\/wp-json\/wp\/v2\/product"}],"about":[{"href":"https:\/\/szkoleniasokrates.pl\/en\/wp-json\/wp\/v2\/types\/product"}],"replies":[{"embeddable":true,"href":"https:\/\/szkoleniasokrates.pl\/en\/wp-json\/wp\/v2\/comments?post=8580"}],"version-history":[{"count":2,"href":"https:\/\/szkoleniasokrates.pl\/en\/wp-json\/wp\/v2\/product\/8580\/revisions"}],"predecessor-version":[{"id":8585,"href":"https:\/\/szkoleniasokrates.pl\/en\/wp-json\/wp\/v2\/product\/8580\/revisions\/8585"}],"wp:featuredmedia":[{"embeddable":true,"href":"https:\/\/szkoleniasokrates.pl\/en\/wp-json\/wp\/v2\/media\/8582"}],"wp:attachment":[{"href":"https:\/\/szkoleniasokrates.pl\/en\/wp-json\/wp\/v2\/media?parent=8580"}],"wp:term":[{"taxonomy":"product_cat","embeddable":true,"href":"https:\/\/szkoleniasokrates.pl\/en\/wp-json\/wp\/v2\/product_cat?post=8580"},{"taxonomy":"product_tag","embeddable":true,"href":"https:\/\/szkoleniasokrates.pl\/en\/wp-json\/wp\/v2\/product_tag?post=8580"}],"curies":[{"name":"wp","href":"https:\/\/api.w.org\/{rel}","templated":true}]}}