{"id":8632,"date":"2022-05-23T12:19:23","date_gmt":"2022-05-23T10:19:23","guid":{"rendered":"https:\/\/szkoleniasokrates.pl\/?post_type=product&#038;p=8632"},"modified":"2024-03-24T03:30:43","modified_gmt":"2024-03-24T02:30:43","slug":"bajkoterapia","status":"publish","type":"product","link":"https:\/\/szkoleniasokrates.pl\/en\/product\/bajkoterapia\/","title":{"rendered":"Bajkoterapia"},"content":{"rendered":"<p><img loading=\"lazy\" decoding=\"async\" class=\"size-medium wp-image-8633\" src=\"https:\/\/szkoleniasokrates.pl\/wp-content\/uploads\/2022\/05\/Bajkoterapia-300x300.png\" alt=\"Bajkoterapia\" width=\"300\" height=\"300\" srcset=\"https:\/\/szkoleniasokrates.pl\/wp-content\/uploads\/2022\/05\/Bajkoterapia.png 300w, https:\/\/szkoleniasokrates.pl\/wp-content\/uploads\/2022\/05\/Bajkoterapia-150x150.png 150w, https:\/\/szkoleniasokrates.pl\/wp-content\/uploads\/2022\/05\/Bajkoterapia-12x12.png 12w, https:\/\/szkoleniasokrates.pl\/wp-content\/uploads\/2022\/05\/Bajkoterapia-100x100.png 100w\" sizes=\"auto, (max-width: 300px) 100vw, 300px\" \/><\/p>\n<p><strong style=\"font-size: 16px;\">BAJKOTERAPIA JAKO METODA WYCHOWAWCZA WSPIERAJ\u0104CA ROZW\u00d3J EMOCJONALNO-SPO\u0141ECZNY DZIECI W WIEKU SZKOLNYM I PRZEDSZKOLNYM<\/strong><\/p>\n<p><strong>Szkolenie w formie nagranego webinaru!<\/strong><\/p>\n<p class=\"v1MsoNormal\">Bajki terapeutyczne jako narz\u0119dzie biblioterapii zawieraj\u0105 w sobie niezg\u0142\u0119biony potencja\u0142 mo\u017cliwych oddzia\u0142ywa\u0144 rozwijaj\u0105cych w ka\u017cdym dziecku wyobra\u017ani\u0119, kreatywne my\u015blenie, inteligencj\u0119 emocjonaln\u0105 i wspieraj\u0105cy jego dobrostan psychiczny. Na warsztatach, kt\u00f3re proponujemy, ka\u017cdy uczestnik dowie si\u0119, w jaki spos\u00f3b efektywnie wykorzysta\u0107 teksty literackie, specjalnie tworzone \u201ebajki terapeutyczne\u201d oraz opowiadania psychoedukacyjne w pracy dydaktyczno-wychowawczej i diagnozie.<\/p>\n<p class=\"v1MsoNormal\">Uczestnicy zostan\u0105 tak\u017ce zapoznani z zasadami i wymaganiami, jakie dotycz\u0105 pracy z\u00a0bajk\u0105 terapeutyczn\u0105, aby jej wp\u0142yw przynosi\u0142 oczekiwane efekty<br \/>\ni wzmacnia\u0142 wychowawcz\u0105 rol\u0119 rodziny, a tak\u017ce szko\u0142y lub przedszkola.<\/p>\n<p class=\"v1MsoNormal\">Warsztat Bajkoterapia zostanie prowadzony przez praktyka, autork\u0119 bajek terapeutycznych i materia\u0142\u00f3w edukacyjnych &#8211; Ann\u0119 Stalmach-Tkacz.<\/p>\n<p>&nbsp;<\/p>\n<p class=\"v1MsoNormal\"><b>Zagadnienia:<\/b><\/p>\n<ol type=\"1\">\n<li class=\"v1MsoNormal\">Zapoznanie z genez\u0105 biblioterapii.<\/li>\n<li class=\"v1MsoNormal\">Nabycie umiej\u0119tno\u015bci dobierania w\u0142a\u015bciwego repertuaru tekst\u00f3w i prowadzenia zaj\u0119\u0107 z wykorzystaniem literatury dzieci\u0119cej.<\/li>\n<li class=\"v1MsoNormal\">Charakterystyka problem\u00f3w wychowawczych.<\/li>\n<li class=\"v1MsoNormal\">Zapoznanie z sylwetk\u0105 dziecka z objawami l\u0119kowymi.<\/li>\n<li class=\"v1MsoNormal\">Poznanie schematu powstawania l\u0119ku.<\/li>\n<li class=\"v1MsoNormal\">Analiza uwarunkowa\u0144 wywo\u0142uj\u0105cych l\u0119ki.<\/li>\n<li class=\"v1MsoNormal\">Warsztat pracy z bajkoterapi\u0105 \u2013 praktyka, \u0107wiczenia, przyk\u0142ady.<\/li>\n<\/ol>\n<p>&nbsp;<\/p>\n<p>Za\u015bwiadczenie mo\u017cesz odebra\u0107 pisz\u0105c na <a href=\"mailto:biuro@grupasokrates.pl\">biuro@grupasokrates.pl<\/a><\/p>\n<p>Za\u015bwiadczenie jest wysy\u0142ane drog\u0105 elektroniczn\u0105 i zawiera si\u0119 w cenie szkolenia.<\/p>\n<p>Sokrates na <a href=\"https:\/\/www.facebook.com\/GrupaSokrates\" target=\"_blank\" rel=\"noopener\">Facebooku\u00a0<\/a><\/p>\n<p><a href=\"https:\/\/szkoleniasokrates.pl\/en\/polityka-prywatnosci\/\" target=\"_blank\" rel=\"noopener\">Polityka prywatno\u015bci <\/a><\/p>","protected":false},"excerpt":{"rendered":"<p><strong style=\"font-size: 16px;\">BAJKOTERAPIA JAKO METODA WYCHOWAWCZA WSPIERAJ\u0104CA ROZW\u00d3J EMOCJONALNO-SPO\u0141ECZNY DZIECI W WIEKU SZKOLNYM I PRZEDSZKOLNYM<\/strong><\/p>\n<p class=\"v1MsoNormal\"><strong>Szkolenie w formie nagranego webinaru!<\/strong><\/p>\n<p class=\"v1MsoNormal\">Bajki terapeutyczne jako narz\u0119dzie biblioterapii zawieraj\u0105 w sobie niezg\u0142\u0119biony potencja\u0142 mo\u017cliwych oddzia\u0142ywa\u0144 rozwijaj\u0105cych w ka\u017cdym dziecku wyobra\u017ani\u0119, kreatywne my\u015blenie, inteligencj\u0119 emocjonaln\u0105 i wspieraj\u0105cy jego dobrostan psychiczny. Na warsztatach, kt\u00f3re proponujemy, ka\u017cdy uczestnik dowie si\u0119, w jaki spos\u00f3b efektywnie wykorzysta\u0107 teksty literackie, specjalnie tworzone \u201ebajki terapeutyczne\u201d oraz opowiadania psychoedukacyjne w pracy dydaktyczno-wychowawczej i diagnozie.<\/p>\n<p class=\"v1MsoNormal\">Uczestnicy zostan\u0105 tak\u017ce zapoznani z zasadami i wymaganiami, jakie dotycz\u0105 pracy z\u00a0bajk\u0105 terapeutyczn\u0105, aby jej wp\u0142yw przynosi\u0142 oczekiwane efekty i wzmacnia\u0142 wychowawcz\u0105 rol\u0119 rodziny, a tak\u017ce szko\u0142y lub przedszkola.<\/p>\n<p class=\"v1MsoNormal\">Warsztat Bajkoterapia zostanie prowadzony przez praktyka, autork\u0119 bajek terapeutycznych i materia\u0142\u00f3w edukacyjnych &#8211; Ann\u0119 Stalmach-Tkacz.<\/p>\n<p>&nbsp;<\/p>\n<p>&nbsp;<\/p>\n<p class=\"v1MsoNormal\"><b>Zagadnienia:<\/b><\/p>\n<ol type=\"1\">\n<li class=\"v1MsoNormal\">Zapoznanie z genez\u0105 biblioterapii.<\/li>\n<li class=\"v1MsoNormal\">Nabycie umiej\u0119tno\u015bci dobierania w\u0142a\u015bciwego repertuaru tekst\u00f3w i prowadzenia zaj\u0119\u0107 z wykorzystaniem literatury dzieci\u0119cej.<\/li>\n<li class=\"v1MsoNormal\">Charakterystyka problem\u00f3w wychowawczych.<\/li>\n<li class=\"v1MsoNormal\">Zapoznanie z sylwetk\u0105 dziecka z objawami l\u0119kowymi.<\/li>\n<li class=\"v1MsoNormal\">Poznanie schematu powstawania l\u0119ku.<\/li>\n<li class=\"v1MsoNormal\">Analiza uwarunkowa\u0144 wywo\u0142uj\u0105cych l\u0119ki.<\/li>\n<li class=\"v1MsoNormal\">Warsztat pracy z bajkoterapi\u0105 \u2013 praktyka, \u0107wiczenia, przyk\u0142ady.<\/li>\n<\/ol>\n<p>&nbsp;<\/p>\n<p>W celu odebrania za\u015bwiadczenia napisz na <a href=\"mailto:biuro@grupasokrates.pl\">biuro@grupasokrates.pl<\/a><\/p>\n<p>Za\u015bwiadczenie jest wysy\u0142ane drog\u0105 elektroniczn\u0105 i zawiera si\u0119 w cenie szkolenia.<\/p>\n<p>Sprawd\u017a nas na <a href=\"https:\/\/www.facebook.com\/GrupaSokrates\" target=\"_blank\" rel=\"noopener\">Facebooku\u00a0<\/a><\/p>","protected":false},"featured_media":8633,"comment_status":"open","ping_status":"closed","template":"","meta":[],"product_cat":[84],"product_tag":[85],"class_list":{"0":"post-8632","1":"product","2":"type-product","3":"status-publish","4":"has-post-thumbnail","6":"product_cat-praca-z-dziecmi","7":"product_tag-bajkoterapia","9":"first","10":"instock","11":"sale","12":"virtual","13":"purchasable","14":"product-type-simple"},"yoast_head":"<!-- This site is optimized with the Yoast SEO plugin v19.9 - https:\/\/yoast.com\/wordpress\/plugins\/seo\/ -->\n<title>Bajkoterapia - Szkolenia Sokrates<\/title>\n<meta name=\"description\" content=\"Bajkoterapia jako narz\u0119dzie biblioterapii zawieraj\u0105 w sobie niezg\u0142\u0119biony potencja\u0142 mo\u017cliwych oddzia\u0142ywa\u0144 rozwijaj\u0105cych dzieci!\" \/>\n<meta name=\"robots\" content=\"index, follow, max-snippet:-1, max-image-preview:large, max-video-preview:-1\" \/>\n<link rel=\"canonical\" href=\"https:\/\/szkoleniasokrates.pl\/en\/product\/bajkoterapia\/\" \/>\n<meta property=\"og:locale\" content=\"en_US\" \/>\n<meta property=\"og:type\" content=\"article\" \/>\n<meta property=\"og:title\" content=\"Bajkoterapia - Szkolenia Sokrates\" \/>\n<meta property=\"og:description\" content=\"Bajkoterapia jako narz\u0119dzie biblioterapii zawieraj\u0105 w sobie niezg\u0142\u0119biony potencja\u0142 mo\u017cliwych oddzia\u0142ywa\u0144 rozwijaj\u0105cych dzieci!\" \/>\n<meta property=\"og:url\" content=\"https:\/\/szkoleniasokrates.pl\/en\/product\/bajkoterapia\/\" \/>\n<meta property=\"og:site_name\" content=\"Szkolenia Sokrates\" \/>\n<meta property=\"article:modified_time\" content=\"2024-03-24T02:30:43+00:00\" \/>\n<meta property=\"og:image\" content=\"https:\/\/szkoleniasokrates.pl\/wp-content\/uploads\/2022\/05\/Bajkoterapia.png\" \/>\n\t<meta property=\"og:image:width\" content=\"300\" \/>\n\t<meta property=\"og:image:height\" content=\"300\" \/>\n\t<meta property=\"og:image:type\" content=\"image\/png\" \/>\n<meta name=\"twitter:card\" content=\"summary_large_image\" \/>\n<meta name=\"twitter:label1\" content=\"Est. reading time\" \/>\n\t<meta name=\"twitter:data1\" content=\"2 minutes\" \/>\n<script type=\"application\/ld+json\" class=\"yoast-schema-graph\">{\"@context\":\"https:\/\/schema.org\",\"@graph\":[{\"@type\":\"WebPage\",\"@id\":\"https:\/\/szkoleniasokrates.pl\/produkt\/bajkoterapia\/\",\"url\":\"https:\/\/szkoleniasokrates.pl\/produkt\/bajkoterapia\/\",\"name\":\"Bajkoterapia - Szkolenia Sokrates\",\"isPartOf\":{\"@id\":\"https:\/\/szkoleniasokrates.pl\/#website\"},\"datePublished\":\"2022-05-23T10:19:23+00:00\",\"dateModified\":\"2024-03-24T02:30:43+00:00\",\"description\":\"Bajkoterapia jako narz\u0119dzie biblioterapii zawieraj\u0105 w sobie niezg\u0142\u0119biony potencja\u0142 mo\u017cliwych oddzia\u0142ywa\u0144 rozwijaj\u0105cych dzieci!\",\"breadcrumb\":{\"@id\":\"https:\/\/szkoleniasokrates.pl\/produkt\/bajkoterapia\/#breadcrumb\"},\"inLanguage\":\"en-US\",\"potentialAction\":[{\"@type\":\"ReadAction\",\"target\":[\"https:\/\/szkoleniasokrates.pl\/produkt\/bajkoterapia\/\"]}]},{\"@type\":\"BreadcrumbList\",\"@id\":\"https:\/\/szkoleniasokrates.pl\/produkt\/bajkoterapia\/#breadcrumb\",\"itemListElement\":[{\"@type\":\"ListItem\",\"position\":1,\"name\":\"Home\",\"item\":\"https:\/\/szkoleniasokrates.pl\/\"},{\"@type\":\"ListItem\",\"position\":2,\"name\":\"Sklep\",\"item\":\"https:\/\/szkoleniasokrates.pl\/sklep\/\"},{\"@type\":\"ListItem\",\"position\":3,\"name\":\"Bajkoterapia\"}]},{\"@type\":\"WebSite\",\"@id\":\"https:\/\/szkoleniasokrates.pl\/#website\",\"url\":\"https:\/\/szkoleniasokrates.pl\/\",\"name\":\"Szkolenia Sokrates\",\"description\":\"Grupa Edukacyjno-Szkoleniowa\",\"publisher\":{\"@id\":\"https:\/\/szkoleniasokrates.pl\/#organization\"},\"potentialAction\":[{\"@type\":\"SearchAction\",\"target\":{\"@type\":\"EntryPoint\",\"urlTemplate\":\"https:\/\/szkoleniasokrates.pl\/?s={search_term_string}\"},\"query-input\":\"required name=search_term_string\"}],\"inLanguage\":\"en-US\"},{\"@type\":\"Organization\",\"@id\":\"https:\/\/szkoleniasokrates.pl\/#organization\",\"name\":\"Szkolenia Sokrates\",\"url\":\"https:\/\/szkoleniasokrates.pl\/\",\"logo\":{\"@type\":\"ImageObject\",\"inLanguage\":\"en-US\",\"@id\":\"https:\/\/szkoleniasokrates.pl\/#\/schema\/logo\/image\/\",\"url\":\"https:\/\/szkoleniasokrates.pl\/wp-content\/uploads\/2022\/05\/cropped-LOGO-2.png\",\"contentUrl\":\"https:\/\/szkoleniasokrates.pl\/wp-content\/uploads\/2022\/05\/cropped-LOGO-2.png\",\"width\":150,\"height\":45,\"caption\":\"Szkolenia Sokrates\"},\"image\":{\"@id\":\"https:\/\/szkoleniasokrates.pl\/#\/schema\/logo\/image\/\"}}]}<\/script>\n<!-- \/ Yoast SEO plugin. -->","yoast_head_json":{"title":"Bajkoterapia - Szkolenia Sokrates","description":"Bajkoterapia jako narz\u0119dzie biblioterapii zawieraj\u0105 w sobie niezg\u0142\u0119biony potencja\u0142 mo\u017cliwych oddzia\u0142ywa\u0144 rozwijaj\u0105cych dzieci!","robots":{"index":"index","follow":"follow","max-snippet":"max-snippet:-1","max-image-preview":"max-image-preview:large","max-video-preview":"max-video-preview:-1"},"canonical":"https:\/\/szkoleniasokrates.pl\/en\/product\/bajkoterapia\/","og_locale":"en_US","og_type":"article","og_title":"Bajkoterapia - Szkolenia Sokrates","og_description":"Bajkoterapia jako narz\u0119dzie biblioterapii zawieraj\u0105 w sobie niezg\u0142\u0119biony potencja\u0142 mo\u017cliwych oddzia\u0142ywa\u0144 rozwijaj\u0105cych dzieci!","og_url":"https:\/\/szkoleniasokrates.pl\/en\/product\/bajkoterapia\/","og_site_name":"Szkolenia Sokrates","article_modified_time":"2024-03-24T02:30:43+00:00","og_image":[{"width":300,"height":300,"url":"https:\/\/szkoleniasokrates.pl\/wp-content\/uploads\/2022\/05\/Bajkoterapia.png","type":"image\/png"}],"twitter_card":"summary_large_image","twitter_misc":{"Est. reading time":"2 minutes"},"schema":{"@context":"https:\/\/schema.org","@graph":[{"@type":"WebPage","@id":"https:\/\/szkoleniasokrates.pl\/produkt\/bajkoterapia\/","url":"https:\/\/szkoleniasokrates.pl\/produkt\/bajkoterapia\/","name":"Bajkoterapia - Szkolenia Sokrates","isPartOf":{"@id":"https:\/\/szkoleniasokrates.pl\/#website"},"datePublished":"2022-05-23T10:19:23+00:00","dateModified":"2024-03-24T02:30:43+00:00","description":"Bajkoterapia jako narz\u0119dzie biblioterapii zawieraj\u0105 w sobie niezg\u0142\u0119biony potencja\u0142 mo\u017cliwych oddzia\u0142ywa\u0144 rozwijaj\u0105cych dzieci!","breadcrumb":{"@id":"https:\/\/szkoleniasokrates.pl\/produkt\/bajkoterapia\/#breadcrumb"},"inLanguage":"en-US","potentialAction":[{"@type":"ReadAction","target":["https:\/\/szkoleniasokrates.pl\/produkt\/bajkoterapia\/"]}]},{"@type":"BreadcrumbList","@id":"https:\/\/szkoleniasokrates.pl\/produkt\/bajkoterapia\/#breadcrumb","itemListElement":[{"@type":"ListItem","position":1,"name":"Home","item":"https:\/\/szkoleniasokrates.pl\/"},{"@type":"ListItem","position":2,"name":"Sklep","item":"https:\/\/szkoleniasokrates.pl\/sklep\/"},{"@type":"ListItem","position":3,"name":"Bajkoterapia"}]},{"@type":"WebSite","@id":"https:\/\/szkoleniasokrates.pl\/#website","url":"https:\/\/szkoleniasokrates.pl\/","name":"Szkolenia Sokrates","description":"Grupa Edukacyjno-Szkoleniowa","publisher":{"@id":"https:\/\/szkoleniasokrates.pl\/#organization"},"potentialAction":[{"@type":"SearchAction","target":{"@type":"EntryPoint","urlTemplate":"https:\/\/szkoleniasokrates.pl\/?s={search_term_string}"},"query-input":"required name=search_term_string"}],"inLanguage":"en-US"},{"@type":"Organization","@id":"https:\/\/szkoleniasokrates.pl\/#organization","name":"Szkolenia Sokrates","url":"https:\/\/szkoleniasokrates.pl\/","logo":{"@type":"ImageObject","inLanguage":"en-US","@id":"https:\/\/szkoleniasokrates.pl\/#\/schema\/logo\/image\/","url":"https:\/\/szkoleniasokrates.pl\/wp-content\/uploads\/2022\/05\/cropped-LOGO-2.png","contentUrl":"https:\/\/szkoleniasokrates.pl\/wp-content\/uploads\/2022\/05\/cropped-LOGO-2.png","width":150,"height":45,"caption":"Szkolenia Sokrates"},"image":{"@id":"https:\/\/szkoleniasokrates.pl\/#\/schema\/logo\/image\/"}}]}},"_links":{"self":[{"href":"https:\/\/szkoleniasokrates.pl\/en\/wp-json\/wp\/v2\/product\/8632","targetHints":{"allow":["GET"]}}],"collection":[{"href":"https:\/\/szkoleniasokrates.pl\/en\/wp-json\/wp\/v2\/product"}],"about":[{"href":"https:\/\/szkoleniasokrates.pl\/en\/wp-json\/wp\/v2\/types\/product"}],"replies":[{"embeddable":true,"href":"https:\/\/szkoleniasokrates.pl\/en\/wp-json\/wp\/v2\/comments?post=8632"}],"version-history":[{"count":1,"href":"https:\/\/szkoleniasokrates.pl\/en\/wp-json\/wp\/v2\/product\/8632\/revisions"}],"predecessor-version":[{"id":8634,"href":"https:\/\/szkoleniasokrates.pl\/en\/wp-json\/wp\/v2\/product\/8632\/revisions\/8634"}],"wp:featuredmedia":[{"embeddable":true,"href":"https:\/\/szkoleniasokrates.pl\/en\/wp-json\/wp\/v2\/media\/8633"}],"wp:attachment":[{"href":"https:\/\/szkoleniasokrates.pl\/en\/wp-json\/wp\/v2\/media?parent=8632"}],"wp:term":[{"taxonomy":"product_cat","embeddable":true,"href":"https:\/\/szkoleniasokrates.pl\/en\/wp-json\/wp\/v2\/product_cat?post=8632"},{"taxonomy":"product_tag","embeddable":true,"href":"https:\/\/szkoleniasokrates.pl\/en\/wp-json\/wp\/v2\/product_tag?post=8632"}],"curies":[{"name":"wp","href":"https:\/\/api.w.org\/{rel}","templated":true}]}}