{"id":8696,"date":"2022-05-25T11:01:27","date_gmt":"2022-05-25T09:01:27","guid":{"rendered":"https:\/\/szkoleniasokrates.pl\/?post_type=product&#038;p=8696"},"modified":"2022-05-25T11:01:27","modified_gmt":"2022-05-25T09:01:27","slug":"sygnalisci-to-nie-problem","status":"publish","type":"product","link":"https:\/\/szkoleniasokrates.pl\/en\/product\/sygnalisci-to-nie-problem\/","title":{"rendered":"Sygnali\u015bci to nie problem!"},"content":{"rendered":"<p><strong>&#8222;SYGNALI\u015aCI TO NIE PROBLEM!\u201d<\/strong><\/p>\n<p><strong>DOKUMENTACJA I OBOWI\u0104ZKI DYREKTOR\u00d3W SZK\u00d3\u0141 I PLAC\u00d3WEK JAKO PRACODAWC\u00d3W. SZKOLENIE NA PODSTAWIE USTAWY \u2013 NIE PROJEKTU!<\/strong><\/p>\n<p><em>Szkolenie w formie webinaru nagrane na platformie CLICK MEETING<\/em><\/p>\n<p>&nbsp;<\/p>\n<p>Szanowni Pa\u0144stwo,<\/p>\n<p>Sygnali\u015bci to nie problem! 16 grudnia 2019 r. wesz\u0142a w \u017cycie Dyrektywa Parlamentu Europejskiego i Rady (UE) 2019\/1937\u00a0z dnia 23 pa\u017adziernika 2019 r.\u00a0w sprawie ochrony os\u00f3b zg\u0142aszaj\u0105cych naruszenia prawa Unii. Polski ustawodawca zobowi\u0105zany by\u0142 do implementacji dyrektywy do naszego porz\u0105dku prawnego do 17 grudnia 2021 r.\u00a0Pracodawcy zobligowani b\u0119d\u0105 do stworzenia i wdro\u017cenia mechanizm\u00f3w s\u0142u\u017c\u0105cych dokonywaniu zg\u0142osze\u0144 przez \u201esygnalist\u00f3w\u201d, w szczeg\u00f3lno\u015bci okre\u015blenia kana\u0142\u00f3w zg\u0142osze\u0144 czy stworzenia wewn\u0119trznych procedur.<\/p>\n<p>Celem szkolenia jest uzyskanie przez uczestnik\u00f3w wiedzy o na\u0142o\u017conych na pracodawc\u00f3w obowi\u0105zkach polegaj\u0105cych w szczeg\u00f3lno\u015bci na przyj\u0119ciu regulaminu zg\u0142osze\u0144 naruszania prawa, utworzenie kana\u0142\u00f3w zg\u0142osze\u0144, prowadzenie rejestru zg\u0142osze\u0144 i dzia\u0142a\u0144 nast\u0119pczych poprzez uruchomienie procedur wyja\u015bniaj\u0105cych i dochodze\u0144 wewn\u0119trznych.<\/p>\n<p>Szkolenie prowadzi wybitny specjalista w tej dziedzinie \u2013 ekspert prawa administracyjnego i o\u015bwiatowego \u2013 Anna Kr\u00f3l<\/p>\n<p><strong>Zagadnienia:<\/strong><\/p>\n<ul>\n<li>Jak nale\u017cy rozumie\u0107, interpretowa\u0107 i u\u017cywa\u0107 poj\u0119cia sygnalista oraz nieprawid\u0142owo\u015bci.<\/li>\n<li>Om\u00f3wienie istotnych kwestii uregulowanych w Dyrektywie 2019\/1937 oraz regulacjach prawa krajowego a tak\u017ce ich wp\u0142ywu na praktyka funkcjonowania plac\u00f3wki.<\/li>\n<li>Tr\u00f3jstopniowy system zg\u0142aszania nieprawid\u0142owo\u015bci: zg\u0142oszenia wewn\u0119trzne, zewn\u0119trzne, ujawnienia publiczne \u2013 jak powinien dzia\u0142a\u0107 system?<\/li>\n<li>Tworzenie i konsultacja regulaminu zg\u0142osze\u0144 wewn\u0119trznych &#8211; dokumentacja.<\/li>\n<li>Ochrona prawna sygnalist\u00f3w, sankcje \u2013 aspekty prawne i praktyczne.<\/li>\n<\/ul>\n<p>&nbsp;<\/p>\n<p>&nbsp;<\/p>\n<p><em>Szkolenie w formie webinaru nagrane na platformie CLICK MEETING<\/em><\/p>\n<p><strong>\u00a0<\/strong><\/p>","protected":false},"excerpt":{"rendered":"<p>&#8222;SYGNALI\u015aCI TO NIE PROBLEM!\u201d DOKUMENTACJA I OBOWI\u0104ZKI DYREKTOR\u00d3W SZK\u00d3\u0141 I PLAC\u00d3WEK JAKO PRACODAWC\u00d3W. SZKOLENIE NA PODSTAWIE USTAWY \u2013 NIE PROJEKTU!<\/p>","protected":false},"featured_media":8730,"comment_status":"open","ping_status":"closed","template":"","meta":[],"product_cat":[73],"product_tag":[90,89,88],"class_list":{"0":"post-8696","1":"product","2":"type-product","3":"status-publish","4":"has-post-thumbnail","6":"product_cat-prawo-oswiatowe","7":"product_tag-obowiazki-dyrektora","8":"product_tag-prawo","9":"product_tag-sygnalisci","11":"first","12":"instock","13":"sale","14":"virtual","15":"purchasable","16":"product-type-simple"},"yoast_head":"<!-- This site is optimized with the Yoast SEO plugin v19.9 - https:\/\/yoast.com\/wordpress\/plugins\/seo\/ -->\n<title>Sygnali\u015bci to nie problem! - Szkolenia Sokrates<\/title>\n<meta name=\"description\" content=\"Sygnali\u015bci to nie problem to szkolenie, kt\u00f3re wyja\u015bni zmiany, kt\u00f3re pojawi\u0142y si\u0119 w przepisach prawa i dotycz\u0105 wszystkich szk\u00f3\u0142 i przedszkoli!\" \/>\n<meta name=\"robots\" content=\"index, follow, max-snippet:-1, max-image-preview:large, max-video-preview:-1\" \/>\n<link rel=\"canonical\" href=\"https:\/\/szkoleniasokrates.pl\/en\/product\/sygnalisci-to-nie-problem\/\" \/>\n<meta property=\"og:locale\" content=\"en_US\" \/>\n<meta property=\"og:type\" content=\"article\" \/>\n<meta property=\"og:title\" content=\"Sygnali\u015bci to nie problem! - Szkolenia Sokrates\" \/>\n<meta property=\"og:description\" content=\"Sygnali\u015bci to nie problem to szkolenie, kt\u00f3re wyja\u015bni zmiany, kt\u00f3re pojawi\u0142y si\u0119 w przepisach prawa i dotycz\u0105 wszystkich szk\u00f3\u0142 i przedszkoli!\" \/>\n<meta property=\"og:url\" content=\"https:\/\/szkoleniasokrates.pl\/en\/product\/sygnalisci-to-nie-problem\/\" \/>\n<meta property=\"og:site_name\" content=\"Szkolenia Sokrates\" \/>\n<meta property=\"og:image\" content=\"https:\/\/szkoleniasokrates.pl\/wp-content\/uploads\/2022\/05\/Rectangle-7.png\" \/>\n\t<meta property=\"og:image:width\" content=\"300\" \/>\n\t<meta property=\"og:image:height\" content=\"300\" \/>\n\t<meta property=\"og:image:type\" content=\"image\/png\" \/>\n<meta name=\"twitter:card\" content=\"summary_large_image\" \/>\n<meta name=\"twitter:label1\" content=\"Est. reading time\" \/>\n\t<meta name=\"twitter:data1\" content=\"1 minute\" \/>\n<script type=\"application\/ld+json\" class=\"yoast-schema-graph\">{\"@context\":\"https:\/\/schema.org\",\"@graph\":[{\"@type\":\"WebPage\",\"@id\":\"https:\/\/szkoleniasokrates.pl\/produkt\/sygnalisci-to-nie-problem\/\",\"url\":\"https:\/\/szkoleniasokrates.pl\/produkt\/sygnalisci-to-nie-problem\/\",\"name\":\"Sygnali\u015bci to nie problem! - Szkolenia Sokrates\",\"isPartOf\":{\"@id\":\"https:\/\/szkoleniasokrates.pl\/#website\"},\"datePublished\":\"2022-05-25T09:01:27+00:00\",\"dateModified\":\"2022-05-25T09:01:27+00:00\",\"description\":\"Sygnali\u015bci to nie problem to szkolenie, kt\u00f3re wyja\u015bni zmiany, kt\u00f3re pojawi\u0142y si\u0119 w przepisach prawa i dotycz\u0105 wszystkich szk\u00f3\u0142 i przedszkoli!\",\"breadcrumb\":{\"@id\":\"https:\/\/szkoleniasokrates.pl\/produkt\/sygnalisci-to-nie-problem\/#breadcrumb\"},\"inLanguage\":\"en-US\",\"potentialAction\":[{\"@type\":\"ReadAction\",\"target\":[\"https:\/\/szkoleniasokrates.pl\/produkt\/sygnalisci-to-nie-problem\/\"]}]},{\"@type\":\"BreadcrumbList\",\"@id\":\"https:\/\/szkoleniasokrates.pl\/produkt\/sygnalisci-to-nie-problem\/#breadcrumb\",\"itemListElement\":[{\"@type\":\"ListItem\",\"position\":1,\"name\":\"Home\",\"item\":\"https:\/\/szkoleniasokrates.pl\/\"},{\"@type\":\"ListItem\",\"position\":2,\"name\":\"Sklep\",\"item\":\"https:\/\/szkoleniasokrates.pl\/sklep\/\"},{\"@type\":\"ListItem\",\"position\":3,\"name\":\"Sygnali\u015bci to nie problem!\"}]},{\"@type\":\"WebSite\",\"@id\":\"https:\/\/szkoleniasokrates.pl\/#website\",\"url\":\"https:\/\/szkoleniasokrates.pl\/\",\"name\":\"Szkolenia Sokrates\",\"description\":\"Grupa Edukacyjno-Szkoleniowa\",\"publisher\":{\"@id\":\"https:\/\/szkoleniasokrates.pl\/#organization\"},\"potentialAction\":[{\"@type\":\"SearchAction\",\"target\":{\"@type\":\"EntryPoint\",\"urlTemplate\":\"https:\/\/szkoleniasokrates.pl\/?s={search_term_string}\"},\"query-input\":\"required name=search_term_string\"}],\"inLanguage\":\"en-US\"},{\"@type\":\"Organization\",\"@id\":\"https:\/\/szkoleniasokrates.pl\/#organization\",\"name\":\"Szkolenia Sokrates\",\"url\":\"https:\/\/szkoleniasokrates.pl\/\",\"logo\":{\"@type\":\"ImageObject\",\"inLanguage\":\"en-US\",\"@id\":\"https:\/\/szkoleniasokrates.pl\/#\/schema\/logo\/image\/\",\"url\":\"https:\/\/szkoleniasokrates.pl\/wp-content\/uploads\/2022\/05\/cropped-LOGO-2.png\",\"contentUrl\":\"https:\/\/szkoleniasokrates.pl\/wp-content\/uploads\/2022\/05\/cropped-LOGO-2.png\",\"width\":150,\"height\":45,\"caption\":\"Szkolenia Sokrates\"},\"image\":{\"@id\":\"https:\/\/szkoleniasokrates.pl\/#\/schema\/logo\/image\/\"}}]}<\/script>\n<!-- \/ Yoast SEO plugin. -->","yoast_head_json":{"title":"Sygnali\u015bci to nie problem! - Szkolenia Sokrates","description":"Sygnali\u015bci to nie problem to szkolenie, kt\u00f3re wyja\u015bni zmiany, kt\u00f3re pojawi\u0142y si\u0119 w przepisach prawa i dotycz\u0105 wszystkich szk\u00f3\u0142 i przedszkoli!","robots":{"index":"index","follow":"follow","max-snippet":"max-snippet:-1","max-image-preview":"max-image-preview:large","max-video-preview":"max-video-preview:-1"},"canonical":"https:\/\/szkoleniasokrates.pl\/en\/product\/sygnalisci-to-nie-problem\/","og_locale":"en_US","og_type":"article","og_title":"Sygnali\u015bci to nie problem! - Szkolenia Sokrates","og_description":"Sygnali\u015bci to nie problem to szkolenie, kt\u00f3re wyja\u015bni zmiany, kt\u00f3re pojawi\u0142y si\u0119 w przepisach prawa i dotycz\u0105 wszystkich szk\u00f3\u0142 i przedszkoli!","og_url":"https:\/\/szkoleniasokrates.pl\/en\/product\/sygnalisci-to-nie-problem\/","og_site_name":"Szkolenia Sokrates","og_image":[{"width":300,"height":300,"url":"https:\/\/szkoleniasokrates.pl\/wp-content\/uploads\/2022\/05\/Rectangle-7.png","type":"image\/png"}],"twitter_card":"summary_large_image","twitter_misc":{"Est. reading time":"1 minute"},"schema":{"@context":"https:\/\/schema.org","@graph":[{"@type":"WebPage","@id":"https:\/\/szkoleniasokrates.pl\/produkt\/sygnalisci-to-nie-problem\/","url":"https:\/\/szkoleniasokrates.pl\/produkt\/sygnalisci-to-nie-problem\/","name":"Sygnali\u015bci to nie problem! - Szkolenia Sokrates","isPartOf":{"@id":"https:\/\/szkoleniasokrates.pl\/#website"},"datePublished":"2022-05-25T09:01:27+00:00","dateModified":"2022-05-25T09:01:27+00:00","description":"Sygnali\u015bci to nie problem to szkolenie, kt\u00f3re wyja\u015bni zmiany, kt\u00f3re pojawi\u0142y si\u0119 w przepisach prawa i dotycz\u0105 wszystkich szk\u00f3\u0142 i przedszkoli!","breadcrumb":{"@id":"https:\/\/szkoleniasokrates.pl\/produkt\/sygnalisci-to-nie-problem\/#breadcrumb"},"inLanguage":"en-US","potentialAction":[{"@type":"ReadAction","target":["https:\/\/szkoleniasokrates.pl\/produkt\/sygnalisci-to-nie-problem\/"]}]},{"@type":"BreadcrumbList","@id":"https:\/\/szkoleniasokrates.pl\/produkt\/sygnalisci-to-nie-problem\/#breadcrumb","itemListElement":[{"@type":"ListItem","position":1,"name":"Home","item":"https:\/\/szkoleniasokrates.pl\/"},{"@type":"ListItem","position":2,"name":"Sklep","item":"https:\/\/szkoleniasokrates.pl\/sklep\/"},{"@type":"ListItem","position":3,"name":"Sygnali\u015bci to nie problem!"}]},{"@type":"WebSite","@id":"https:\/\/szkoleniasokrates.pl\/#website","url":"https:\/\/szkoleniasokrates.pl\/","name":"Szkolenia Sokrates","description":"Grupa Edukacyjno-Szkoleniowa","publisher":{"@id":"https:\/\/szkoleniasokrates.pl\/#organization"},"potentialAction":[{"@type":"SearchAction","target":{"@type":"EntryPoint","urlTemplate":"https:\/\/szkoleniasokrates.pl\/?s={search_term_string}"},"query-input":"required name=search_term_string"}],"inLanguage":"en-US"},{"@type":"Organization","@id":"https:\/\/szkoleniasokrates.pl\/#organization","name":"Szkolenia Sokrates","url":"https:\/\/szkoleniasokrates.pl\/","logo":{"@type":"ImageObject","inLanguage":"en-US","@id":"https:\/\/szkoleniasokrates.pl\/#\/schema\/logo\/image\/","url":"https:\/\/szkoleniasokrates.pl\/wp-content\/uploads\/2022\/05\/cropped-LOGO-2.png","contentUrl":"https:\/\/szkoleniasokrates.pl\/wp-content\/uploads\/2022\/05\/cropped-LOGO-2.png","width":150,"height":45,"caption":"Szkolenia Sokrates"},"image":{"@id":"https:\/\/szkoleniasokrates.pl\/#\/schema\/logo\/image\/"}}]}},"_links":{"self":[{"href":"https:\/\/szkoleniasokrates.pl\/en\/wp-json\/wp\/v2\/product\/8696","targetHints":{"allow":["GET"]}}],"collection":[{"href":"https:\/\/szkoleniasokrates.pl\/en\/wp-json\/wp\/v2\/product"}],"about":[{"href":"https:\/\/szkoleniasokrates.pl\/en\/wp-json\/wp\/v2\/types\/product"}],"replies":[{"embeddable":true,"href":"https:\/\/szkoleniasokrates.pl\/en\/wp-json\/wp\/v2\/comments?post=8696"}],"version-history":[{"count":2,"href":"https:\/\/szkoleniasokrates.pl\/en\/wp-json\/wp\/v2\/product\/8696\/revisions"}],"predecessor-version":[{"id":8731,"href":"https:\/\/szkoleniasokrates.pl\/en\/wp-json\/wp\/v2\/product\/8696\/revisions\/8731"}],"wp:featuredmedia":[{"embeddable":true,"href":"https:\/\/szkoleniasokrates.pl\/en\/wp-json\/wp\/v2\/media\/8730"}],"wp:attachment":[{"href":"https:\/\/szkoleniasokrates.pl\/en\/wp-json\/wp\/v2\/media?parent=8696"}],"wp:term":[{"taxonomy":"product_cat","embeddable":true,"href":"https:\/\/szkoleniasokrates.pl\/en\/wp-json\/wp\/v2\/product_cat?post=8696"},{"taxonomy":"product_tag","embeddable":true,"href":"https:\/\/szkoleniasokrates.pl\/en\/wp-json\/wp\/v2\/product_tag?post=8696"}],"curies":[{"name":"wp","href":"https:\/\/api.w.org\/{rel}","templated":true}]}}