{"id":9279,"date":"2022-07-04T09:19:37","date_gmt":"2022-07-04T07:19:37","guid":{"rendered":"https:\/\/szkoleniasokrates.pl\/?post_type=product&#038;p=9279"},"modified":"2023-01-16T08:47:38","modified_gmt":"2023-01-16T07:47:38","slug":"metodyka-pracy-nauczyciela","status":"publish","type":"product","link":"https:\/\/szkoleniasokrates.pl\/en\/product\/metodyka-pracy-nauczyciela\/","title":{"rendered":"Metodyka pracy nauczyciela"},"content":{"rendered":"<p style=\"text-align: center;\"><strong>Metodyka pracy nauczyciela\u00a0<\/strong><\/p>\n<p>Dziecko w wieku przedszkolnym przechodzi sw\u00f3j skok rozwojowy. Ju\u017c nigdy w tak kr\u00f3tkim czasie nie jest w stanie przyswoi\u0107 tak wiele. Jednak\u017ce rozw\u00f3j ma\u0142ego dziecka przebiega zgodnie z jego indywidualnymi mo\u017cliwo\u015bciami. Aby wesprze\u0107 ten proces, nauczyciel w przedszkolu ma obowi\u0105zek dobra\u0107 odpowiednie metody i formy pracy oraz zasady post\u0119powania. W organizacji procesu dydaktycznego dziecka, nauczycielowi pomaga przede wszystkim \u015bwiadomo\u015b\u0107 podejmowanego celu oraz tworzenie bezpiecznych i atrakcyjnych sytuacji edukacyjnych z uwzgl\u0119dnieniem podstawowej formy aktywno\u015bci, jak\u0105 jest zabawa.<\/p>\n<p><strong>W jaki spos\u00f3b wi\u0119c zorganizowa\u0107 sobie prac\u0119?<\/strong><br \/>\n<strong>Jakie najlepiej stosowa\u0107 zasady, metody?<\/strong><br \/>\n<strong>Jak sprawi\u0107, aby dziecko kocha\u0142o zdobywa\u0107 nowe umiej\u0119tno\u015bci?<\/strong><br \/>\n<strong>Jak zorganizowa\u0107 przestrze\u0144 edukacyjn\u0105, by stworzy\u0107 dogodne warunki jego rozwoju?<\/strong><br \/>\n<strong>Odpowiedzi na te i wiele innych pyta\u0144 znajdziesz na tym szkoleniu.<\/strong><\/p>\n<p>&nbsp;<\/p>\n<p><strong>Przyk\u0142adowe zagadnienia wynikaj\u0105ce z tre\u015bci programu szkolenia:<\/strong><\/p>\n<ul>\n<li>Planowanie pracy.<\/li>\n<li>Organizacja przestrzeni edukacyjnej.<\/li>\n<li>Ramowy rozk\u0142ad dnia.<\/li>\n<li>Obserwacja pedagogiczna.<\/li>\n<li>Indywidualizacja.<\/li>\n<li>Wsp\u00f3\u0142praca z nauczycielami i rodzicami.<\/li>\n<\/ul>\n<p>&nbsp;<\/p>\n<p>&nbsp;<\/p>\n<p>Szkolenie w formie nagrania ze szkolenia na platformie ClickMeeting.<\/p>\n<div class=\"tutor-course-details-content tutor-toggle-more-content\" data-tutor-toggle-more-content=\"\" data-toggle-height=\"200\">\n<div class=\"tutor-fs-6 tutor-color-secondary\">\n<p>Za\u015bwiadczenie ze szkolenia\u00a0<strong>Metodyka pracy nauczyciela<\/strong>\u00a0mo\u017cesz odebra\u0107 pisz\u0105c na biuro@grupasokrates.pl<\/p>\n<p>Za\u015bwiadczenie jest wysy\u0142ane drog\u0105 elektroniczn\u0105 i zawiera si\u0119 w cenie szkolenia.<\/p>\n<p><a href=\"https:\/\/www.facebook.com\/GrupaSokrates\" target=\"_blank\" rel=\"noopener\">GES Sokrates na Facebooku<\/a><\/p>\n<p><a href=\"https:\/\/szkoleniasokrates.pl\/en\/polityka-prywatnosci\/\">Polityka prywatno\u015bci<\/a><\/p>\n<\/div>\n<\/div>","protected":false},"excerpt":{"rendered":"<p>Metodyka pracy nauczyciela\u00a0 Dziecko w wieku przedszkolnym przechodzi sw\u00f3j skok rozwojowy. Ju\u017c nigdy w tak kr\u00f3tkim czasie nie jest w<\/p>","protected":false},"featured_media":9280,"comment_status":"open","ping_status":"closed","template":"","meta":[],"product_cat":[124],"product_tag":[],"class_list":{"0":"post-9279","1":"product","2":"type-product","3":"status-publish","4":"has-post-thumbnail","6":"product_cat-samorozwoj","8":"first","9":"instock","10":"virtual","11":"purchasable","12":"product-type-simple"},"yoast_head":"<!-- This site is optimized with the Yoast SEO plugin v19.9 - https:\/\/yoast.com\/wordpress\/plugins\/seo\/ -->\n<title>Metodyka pracy nauczyciela - Szkolenia Sokrates<\/title>\n<meta name=\"description\" content=\"Metodyka pracy nauczyciela to szkolenie, dzi\u0119ki kt\u00f3remu poprawisz sw\u00f3j warsztat pracy i przypomnisz sobie podstawowe zagadnienia metodyki.\" \/>\n<meta name=\"robots\" content=\"index, follow, max-snippet:-1, max-image-preview:large, max-video-preview:-1\" \/>\n<link rel=\"canonical\" href=\"https:\/\/szkoleniasokrates.pl\/en\/product\/metodyka-pracy-nauczyciela\/\" \/>\n<meta property=\"og:locale\" content=\"en_US\" \/>\n<meta property=\"og:type\" content=\"article\" \/>\n<meta property=\"og:title\" content=\"Metodyka pracy nauczyciela - Szkolenia Sokrates\" \/>\n<meta property=\"og:description\" content=\"Metodyka pracy nauczyciela to szkolenie, dzi\u0119ki kt\u00f3remu poprawisz sw\u00f3j warsztat pracy i przypomnisz sobie podstawowe zagadnienia metodyki.\" \/>\n<meta property=\"og:url\" content=\"https:\/\/szkoleniasokrates.pl\/en\/product\/metodyka-pracy-nauczyciela\/\" \/>\n<meta property=\"og:site_name\" content=\"Szkolenia Sokrates\" \/>\n<meta property=\"article:modified_time\" content=\"2023-01-16T07:47:38+00:00\" \/>\n<meta property=\"og:image\" content=\"https:\/\/szkoleniasokrates.pl\/wp-content\/uploads\/2022\/07\/mini-5-min-1.png\" \/>\n\t<meta property=\"og:image:width\" content=\"500\" \/>\n\t<meta property=\"og:image:height\" content=\"357\" \/>\n\t<meta property=\"og:image:type\" content=\"image\/png\" \/>\n<meta name=\"twitter:card\" content=\"summary_large_image\" \/>\n<meta name=\"twitter:label1\" content=\"Est. reading time\" \/>\n\t<meta name=\"twitter:data1\" content=\"1 minute\" \/>\n<script type=\"application\/ld+json\" class=\"yoast-schema-graph\">{\"@context\":\"https:\/\/schema.org\",\"@graph\":[{\"@type\":\"WebPage\",\"@id\":\"https:\/\/szkoleniasokrates.pl\/produkt\/metodyka-pracy-nauczyciela\/\",\"url\":\"https:\/\/szkoleniasokrates.pl\/produkt\/metodyka-pracy-nauczyciela\/\",\"name\":\"Metodyka pracy nauczyciela - Szkolenia Sokrates\",\"isPartOf\":{\"@id\":\"https:\/\/szkoleniasokrates.pl\/#website\"},\"datePublished\":\"2022-07-04T07:19:37+00:00\",\"dateModified\":\"2023-01-16T07:47:38+00:00\",\"description\":\"Metodyka pracy nauczyciela to szkolenie, dzi\u0119ki kt\u00f3remu poprawisz sw\u00f3j warsztat pracy i przypomnisz sobie podstawowe zagadnienia metodyki.\",\"breadcrumb\":{\"@id\":\"https:\/\/szkoleniasokrates.pl\/produkt\/metodyka-pracy-nauczyciela\/#breadcrumb\"},\"inLanguage\":\"en-US\",\"potentialAction\":[{\"@type\":\"ReadAction\",\"target\":[\"https:\/\/szkoleniasokrates.pl\/produkt\/metodyka-pracy-nauczyciela\/\"]}]},{\"@type\":\"BreadcrumbList\",\"@id\":\"https:\/\/szkoleniasokrates.pl\/produkt\/metodyka-pracy-nauczyciela\/#breadcrumb\",\"itemListElement\":[{\"@type\":\"ListItem\",\"position\":1,\"name\":\"Home\",\"item\":\"https:\/\/szkoleniasokrates.pl\/\"},{\"@type\":\"ListItem\",\"position\":2,\"name\":\"Sklep\",\"item\":\"https:\/\/szkoleniasokrates.pl\/sklep\/\"},{\"@type\":\"ListItem\",\"position\":3,\"name\":\"Metodyka pracy nauczyciela\"}]},{\"@type\":\"WebSite\",\"@id\":\"https:\/\/szkoleniasokrates.pl\/#website\",\"url\":\"https:\/\/szkoleniasokrates.pl\/\",\"name\":\"Szkolenia Sokrates\",\"description\":\"Grupa Edukacyjno-Szkoleniowa\",\"publisher\":{\"@id\":\"https:\/\/szkoleniasokrates.pl\/#organization\"},\"potentialAction\":[{\"@type\":\"SearchAction\",\"target\":{\"@type\":\"EntryPoint\",\"urlTemplate\":\"https:\/\/szkoleniasokrates.pl\/?s={search_term_string}\"},\"query-input\":\"required name=search_term_string\"}],\"inLanguage\":\"en-US\"},{\"@type\":\"Organization\",\"@id\":\"https:\/\/szkoleniasokrates.pl\/#organization\",\"name\":\"Szkolenia Sokrates\",\"url\":\"https:\/\/szkoleniasokrates.pl\/\",\"logo\":{\"@type\":\"ImageObject\",\"inLanguage\":\"en-US\",\"@id\":\"https:\/\/szkoleniasokrates.pl\/#\/schema\/logo\/image\/\",\"url\":\"https:\/\/szkoleniasokrates.pl\/wp-content\/uploads\/2022\/05\/cropped-LOGO-2.png\",\"contentUrl\":\"https:\/\/szkoleniasokrates.pl\/wp-content\/uploads\/2022\/05\/cropped-LOGO-2.png\",\"width\":150,\"height\":45,\"caption\":\"Szkolenia Sokrates\"},\"image\":{\"@id\":\"https:\/\/szkoleniasokrates.pl\/#\/schema\/logo\/image\/\"}}]}<\/script>\n<!-- \/ Yoast SEO plugin. -->","yoast_head_json":{"title":"Metodyka pracy nauczyciela - Szkolenia Sokrates","description":"Metodyka pracy nauczyciela to szkolenie, dzi\u0119ki kt\u00f3remu poprawisz sw\u00f3j warsztat pracy i przypomnisz sobie podstawowe zagadnienia metodyki.","robots":{"index":"index","follow":"follow","max-snippet":"max-snippet:-1","max-image-preview":"max-image-preview:large","max-video-preview":"max-video-preview:-1"},"canonical":"https:\/\/szkoleniasokrates.pl\/en\/product\/metodyka-pracy-nauczyciela\/","og_locale":"en_US","og_type":"article","og_title":"Metodyka pracy nauczyciela - Szkolenia Sokrates","og_description":"Metodyka pracy nauczyciela to szkolenie, dzi\u0119ki kt\u00f3remu poprawisz sw\u00f3j warsztat pracy i przypomnisz sobie podstawowe zagadnienia metodyki.","og_url":"https:\/\/szkoleniasokrates.pl\/en\/product\/metodyka-pracy-nauczyciela\/","og_site_name":"Szkolenia Sokrates","article_modified_time":"2023-01-16T07:47:38+00:00","og_image":[{"width":500,"height":357,"url":"https:\/\/szkoleniasokrates.pl\/wp-content\/uploads\/2022\/07\/mini-5-min-1.png","type":"image\/png"}],"twitter_card":"summary_large_image","twitter_misc":{"Est. reading time":"1 minute"},"schema":{"@context":"https:\/\/schema.org","@graph":[{"@type":"WebPage","@id":"https:\/\/szkoleniasokrates.pl\/produkt\/metodyka-pracy-nauczyciela\/","url":"https:\/\/szkoleniasokrates.pl\/produkt\/metodyka-pracy-nauczyciela\/","name":"Metodyka pracy nauczyciela - Szkolenia Sokrates","isPartOf":{"@id":"https:\/\/szkoleniasokrates.pl\/#website"},"datePublished":"2022-07-04T07:19:37+00:00","dateModified":"2023-01-16T07:47:38+00:00","description":"Metodyka pracy nauczyciela to szkolenie, dzi\u0119ki kt\u00f3remu poprawisz sw\u00f3j warsztat pracy i przypomnisz sobie podstawowe zagadnienia metodyki.","breadcrumb":{"@id":"https:\/\/szkoleniasokrates.pl\/produkt\/metodyka-pracy-nauczyciela\/#breadcrumb"},"inLanguage":"en-US","potentialAction":[{"@type":"ReadAction","target":["https:\/\/szkoleniasokrates.pl\/produkt\/metodyka-pracy-nauczyciela\/"]}]},{"@type":"BreadcrumbList","@id":"https:\/\/szkoleniasokrates.pl\/produkt\/metodyka-pracy-nauczyciela\/#breadcrumb","itemListElement":[{"@type":"ListItem","position":1,"name":"Home","item":"https:\/\/szkoleniasokrates.pl\/"},{"@type":"ListItem","position":2,"name":"Sklep","item":"https:\/\/szkoleniasokrates.pl\/sklep\/"},{"@type":"ListItem","position":3,"name":"Metodyka pracy nauczyciela"}]},{"@type":"WebSite","@id":"https:\/\/szkoleniasokrates.pl\/#website","url":"https:\/\/szkoleniasokrates.pl\/","name":"Szkolenia Sokrates","description":"Grupa Edukacyjno-Szkoleniowa","publisher":{"@id":"https:\/\/szkoleniasokrates.pl\/#organization"},"potentialAction":[{"@type":"SearchAction","target":{"@type":"EntryPoint","urlTemplate":"https:\/\/szkoleniasokrates.pl\/?s={search_term_string}"},"query-input":"required name=search_term_string"}],"inLanguage":"en-US"},{"@type":"Organization","@id":"https:\/\/szkoleniasokrates.pl\/#organization","name":"Szkolenia Sokrates","url":"https:\/\/szkoleniasokrates.pl\/","logo":{"@type":"ImageObject","inLanguage":"en-US","@id":"https:\/\/szkoleniasokrates.pl\/#\/schema\/logo\/image\/","url":"https:\/\/szkoleniasokrates.pl\/wp-content\/uploads\/2022\/05\/cropped-LOGO-2.png","contentUrl":"https:\/\/szkoleniasokrates.pl\/wp-content\/uploads\/2022\/05\/cropped-LOGO-2.png","width":150,"height":45,"caption":"Szkolenia Sokrates"},"image":{"@id":"https:\/\/szkoleniasokrates.pl\/#\/schema\/logo\/image\/"}}]}},"_links":{"self":[{"href":"https:\/\/szkoleniasokrates.pl\/en\/wp-json\/wp\/v2\/product\/9279","targetHints":{"allow":["GET"]}}],"collection":[{"href":"https:\/\/szkoleniasokrates.pl\/en\/wp-json\/wp\/v2\/product"}],"about":[{"href":"https:\/\/szkoleniasokrates.pl\/en\/wp-json\/wp\/v2\/types\/product"}],"replies":[{"embeddable":true,"href":"https:\/\/szkoleniasokrates.pl\/en\/wp-json\/wp\/v2\/comments?post=9279"}],"version-history":[{"count":1,"href":"https:\/\/szkoleniasokrates.pl\/en\/wp-json\/wp\/v2\/product\/9279\/revisions"}],"predecessor-version":[{"id":9281,"href":"https:\/\/szkoleniasokrates.pl\/en\/wp-json\/wp\/v2\/product\/9279\/revisions\/9281"}],"wp:featuredmedia":[{"embeddable":true,"href":"https:\/\/szkoleniasokrates.pl\/en\/wp-json\/wp\/v2\/media\/9280"}],"wp:attachment":[{"href":"https:\/\/szkoleniasokrates.pl\/en\/wp-json\/wp\/v2\/media?parent=9279"}],"wp:term":[{"taxonomy":"product_cat","embeddable":true,"href":"https:\/\/szkoleniasokrates.pl\/en\/wp-json\/wp\/v2\/product_cat?post=9279"},{"taxonomy":"product_tag","embeddable":true,"href":"https:\/\/szkoleniasokrates.pl\/en\/wp-json\/wp\/v2\/product_tag?post=9279"}],"curies":[{"name":"wp","href":"https:\/\/api.w.org\/{rel}","templated":true}]}}