{"id":9382,"date":"2022-07-18T14:39:40","date_gmt":"2022-07-18T12:39:40","guid":{"rendered":"https:\/\/szkoleniasokrates.pl\/?post_type=product&#038;p=9382"},"modified":"2025-05-26T15:49:37","modified_gmt":"2025-05-26T13:49:37","slug":"pakiet-procedur-dla-egzaminu-poprawkowego","status":"publish","type":"product","link":"https:\/\/szkoleniasokrates.pl\/en\/product\/pakiet-procedur-dla-egzaminu-poprawkowego\/","title":{"rendered":"Pakiet dokument\u00f3w dla egzaminu poprawkowego"},"content":{"rendered":"<p>Trwaj\u0105 wakacje \u2013 czas relaksu ! Ale nie wszyscy mog\u0105 cieszy\u0107 si\u0119 letnim czasem, bo przed nimi <strong>EGZAMIN POPRAWKOWY!<\/strong> Ostatni tydzie\u0144 sierpnia to czas na zorganizowanie tego egzaminu. Do egzaminu poprawkowego mo\u017ce przyst\u0105pi\u0107 ucze\u0144, kt\u00f3ry w wyniku klasyfikacji rocznej otrzyma\u0142 negatywn\u0105 ocen\u0119 z jednego lub dw\u00f3ch obowi\u0105zkowych zaj\u0119\u0107 edukacyjnych b\u0105d\u017a z jednych zaj\u0119\u0107 edukacyjnych albo zaj\u0119\u0107 z j\u0119zyka mniejszo\u015bci narodowej, mniejszo\u015bci etnicznej czy j\u0119zyka regionalnego zgodnie z obowi\u0105zuj\u0105c\u0105 PROCEDUR\u0104 ORGANIZOWANIA EGZAMINU POPORWKOWEGO. W pakiecie z PROCEDUR\u0104 wz\u00f3r WNIOSKU\u00a0 O PRZEPROWADZENIE EGZAMINU POPRAWKOWEGO ORAZ\u00a0 WZ\u00d3R PROTOKO\u0141U\u00a0 Z PRZEPROWADZONEGO EGZAMINU POPRAWKOWEGO.<\/p>\n<p>&nbsp;<\/p>\n<p><strong>Otrzymasz:<\/strong><\/p>\n<ul>\n<li>Procedur\u0119 organizowania egzaminu poprawkowego<\/li>\n<li>Wz\u00f3r wniosku o przeprowadzenia egzaminu poprawkowego<\/li>\n<li>Wz\u00f3r protoko\u0142u z przeprowadzonego egzaminu oprawkowego<\/li>\n<\/ul>\n<p><strong>Potrzebujesz dokumentacji na zam\u00f3wienie?\u00a0<\/strong><\/p>\n<p>Napisz do nas na <a href=\"mailto:biuro@grupasokrates.pl\">biuro@grupasokrates.pl\u00a0<\/a><\/p>\n<p>&nbsp;<\/p>\n<p>Na ka\u017cdy zakup obowi\u0105zuje limit pobra\u0144 (w przypadku problem\u00f3w technicznych napisz do nas).<\/p>\n<p>Link jest wa\u017cny 24 dni.<\/p>\n<p>&nbsp;<\/p>","protected":false},"excerpt":{"rendered":"<p>Trwaj\u0105 wakacje \u2013 czas relaksu ! Ale nie wszyscy mog\u0105 cieszy\u0107 si\u0119 letnim czasem, bo przed nimi EGZAMIN POPRAWKOWY! Ostatni<\/p>","protected":false},"featured_media":9285,"comment_status":"open","ping_status":"closed","template":"","meta":[],"product_cat":[121],"product_tag":[],"class_list":{"0":"post-9382","1":"product","2":"type-product","3":"status-publish","4":"has-post-thumbnail","6":"product_cat-wzory-dokumentow","8":"first","9":"instock","10":"downloadable","11":"virtual","12":"purchasable","13":"product-type-simple"},"yoast_head":"<!-- This site is optimized with the Yoast SEO plugin v19.9 - https:\/\/yoast.com\/wordpress\/plugins\/seo\/ -->\n<title>Pakiet dokument\u00f3w dla egzaminu poprawkowego - Szkolenia Sokrates<\/title>\n<meta name=\"description\" content=\"Pakiet procedur dla egzaminu poprawkowego dost\u0119pny w naszym sklepie, nie czekaj na ostatni moment i skorzystaj z dokumentacji!\" \/>\n<meta name=\"robots\" content=\"index, follow, max-snippet:-1, max-image-preview:large, max-video-preview:-1\" \/>\n<link rel=\"canonical\" href=\"https:\/\/szkoleniasokrates.pl\/en\/product\/pakiet-procedur-dla-egzaminu-poprawkowego\/\" \/>\n<meta property=\"og:locale\" content=\"en_US\" \/>\n<meta property=\"og:type\" content=\"article\" \/>\n<meta property=\"og:title\" content=\"Pakiet dokument\u00f3w dla egzaminu poprawkowego - Szkolenia Sokrates\" \/>\n<meta property=\"og:description\" content=\"Pakiet procedur dla egzaminu poprawkowego dost\u0119pny w naszym sklepie, nie czekaj na ostatni moment i skorzystaj z dokumentacji!\" \/>\n<meta property=\"og:url\" content=\"https:\/\/szkoleniasokrates.pl\/en\/product\/pakiet-procedur-dla-egzaminu-poprawkowego\/\" \/>\n<meta property=\"og:site_name\" content=\"Szkolenia Sokrates\" \/>\n<meta property=\"article:modified_time\" content=\"2025-05-26T13:49:37+00:00\" \/>\n<meta property=\"og:image\" content=\"https:\/\/szkoleniasokrates.pl\/wp-content\/uploads\/2022\/07\/duze-4-min-2.png\" \/>\n\t<meta property=\"og:image:width\" content=\"700\" \/>\n\t<meta property=\"og:image:height\" content=\"430\" \/>\n\t<meta property=\"og:image:type\" content=\"image\/png\" \/>\n<meta name=\"twitter:card\" content=\"summary_large_image\" \/>\n<meta name=\"twitter:label1\" content=\"Est. reading time\" \/>\n\t<meta name=\"twitter:data1\" content=\"1 minute\" \/>\n<script type=\"application\/ld+json\" class=\"yoast-schema-graph\">{\"@context\":\"https:\/\/schema.org\",\"@graph\":[{\"@type\":\"WebPage\",\"@id\":\"https:\/\/szkoleniasokrates.pl\/produkt\/pakiet-procedur-dla-egzaminu-poprawkowego\/\",\"url\":\"https:\/\/szkoleniasokrates.pl\/produkt\/pakiet-procedur-dla-egzaminu-poprawkowego\/\",\"name\":\"Pakiet dokument\u00f3w dla egzaminu poprawkowego - Szkolenia Sokrates\",\"isPartOf\":{\"@id\":\"https:\/\/szkoleniasokrates.pl\/#website\"},\"datePublished\":\"2022-07-18T12:39:40+00:00\",\"dateModified\":\"2025-05-26T13:49:37+00:00\",\"description\":\"Pakiet procedur dla egzaminu poprawkowego dost\u0119pny w naszym sklepie, nie czekaj na ostatni moment i skorzystaj z dokumentacji!\",\"breadcrumb\":{\"@id\":\"https:\/\/szkoleniasokrates.pl\/produkt\/pakiet-procedur-dla-egzaminu-poprawkowego\/#breadcrumb\"},\"inLanguage\":\"en-US\",\"potentialAction\":[{\"@type\":\"ReadAction\",\"target\":[\"https:\/\/szkoleniasokrates.pl\/produkt\/pakiet-procedur-dla-egzaminu-poprawkowego\/\"]}]},{\"@type\":\"BreadcrumbList\",\"@id\":\"https:\/\/szkoleniasokrates.pl\/produkt\/pakiet-procedur-dla-egzaminu-poprawkowego\/#breadcrumb\",\"itemListElement\":[{\"@type\":\"ListItem\",\"position\":1,\"name\":\"Home\",\"item\":\"https:\/\/szkoleniasokrates.pl\/\"},{\"@type\":\"ListItem\",\"position\":2,\"name\":\"Sklep\",\"item\":\"https:\/\/szkoleniasokrates.pl\/sklep\/\"},{\"@type\":\"ListItem\",\"position\":3,\"name\":\"Pakiet dokument\u00f3w dla egzaminu poprawkowego\"}]},{\"@type\":\"WebSite\",\"@id\":\"https:\/\/szkoleniasokrates.pl\/#website\",\"url\":\"https:\/\/szkoleniasokrates.pl\/\",\"name\":\"Szkolenia Sokrates\",\"description\":\"Grupa Edukacyjno-Szkoleniowa\",\"publisher\":{\"@id\":\"https:\/\/szkoleniasokrates.pl\/#organization\"},\"potentialAction\":[{\"@type\":\"SearchAction\",\"target\":{\"@type\":\"EntryPoint\",\"urlTemplate\":\"https:\/\/szkoleniasokrates.pl\/?s={search_term_string}\"},\"query-input\":\"required name=search_term_string\"}],\"inLanguage\":\"en-US\"},{\"@type\":\"Organization\",\"@id\":\"https:\/\/szkoleniasokrates.pl\/#organization\",\"name\":\"Szkolenia Sokrates\",\"url\":\"https:\/\/szkoleniasokrates.pl\/\",\"logo\":{\"@type\":\"ImageObject\",\"inLanguage\":\"en-US\",\"@id\":\"https:\/\/szkoleniasokrates.pl\/#\/schema\/logo\/image\/\",\"url\":\"https:\/\/szkoleniasokrates.pl\/wp-content\/uploads\/2022\/05\/cropped-LOGO-2.png\",\"contentUrl\":\"https:\/\/szkoleniasokrates.pl\/wp-content\/uploads\/2022\/05\/cropped-LOGO-2.png\",\"width\":150,\"height\":45,\"caption\":\"Szkolenia Sokrates\"},\"image\":{\"@id\":\"https:\/\/szkoleniasokrates.pl\/#\/schema\/logo\/image\/\"}}]}<\/script>\n<!-- \/ Yoast SEO plugin. -->","yoast_head_json":{"title":"Pakiet dokument\u00f3w dla egzaminu poprawkowego - Szkolenia Sokrates","description":"Pakiet procedur dla egzaminu poprawkowego dost\u0119pny w naszym sklepie, nie czekaj na ostatni moment i skorzystaj z dokumentacji!","robots":{"index":"index","follow":"follow","max-snippet":"max-snippet:-1","max-image-preview":"max-image-preview:large","max-video-preview":"max-video-preview:-1"},"canonical":"https:\/\/szkoleniasokrates.pl\/en\/product\/pakiet-procedur-dla-egzaminu-poprawkowego\/","og_locale":"en_US","og_type":"article","og_title":"Pakiet dokument\u00f3w dla egzaminu poprawkowego - Szkolenia Sokrates","og_description":"Pakiet procedur dla egzaminu poprawkowego dost\u0119pny w naszym sklepie, nie czekaj na ostatni moment i skorzystaj z dokumentacji!","og_url":"https:\/\/szkoleniasokrates.pl\/en\/product\/pakiet-procedur-dla-egzaminu-poprawkowego\/","og_site_name":"Szkolenia Sokrates","article_modified_time":"2025-05-26T13:49:37+00:00","og_image":[{"width":700,"height":430,"url":"https:\/\/szkoleniasokrates.pl\/wp-content\/uploads\/2022\/07\/duze-4-min-2.png","type":"image\/png"}],"twitter_card":"summary_large_image","twitter_misc":{"Est. reading time":"1 minute"},"schema":{"@context":"https:\/\/schema.org","@graph":[{"@type":"WebPage","@id":"https:\/\/szkoleniasokrates.pl\/produkt\/pakiet-procedur-dla-egzaminu-poprawkowego\/","url":"https:\/\/szkoleniasokrates.pl\/produkt\/pakiet-procedur-dla-egzaminu-poprawkowego\/","name":"Pakiet dokument\u00f3w dla egzaminu poprawkowego - Szkolenia Sokrates","isPartOf":{"@id":"https:\/\/szkoleniasokrates.pl\/#website"},"datePublished":"2022-07-18T12:39:40+00:00","dateModified":"2025-05-26T13:49:37+00:00","description":"Pakiet procedur dla egzaminu poprawkowego dost\u0119pny w naszym sklepie, nie czekaj na ostatni moment i skorzystaj z dokumentacji!","breadcrumb":{"@id":"https:\/\/szkoleniasokrates.pl\/produkt\/pakiet-procedur-dla-egzaminu-poprawkowego\/#breadcrumb"},"inLanguage":"en-US","potentialAction":[{"@type":"ReadAction","target":["https:\/\/szkoleniasokrates.pl\/produkt\/pakiet-procedur-dla-egzaminu-poprawkowego\/"]}]},{"@type":"BreadcrumbList","@id":"https:\/\/szkoleniasokrates.pl\/produkt\/pakiet-procedur-dla-egzaminu-poprawkowego\/#breadcrumb","itemListElement":[{"@type":"ListItem","position":1,"name":"Home","item":"https:\/\/szkoleniasokrates.pl\/"},{"@type":"ListItem","position":2,"name":"Sklep","item":"https:\/\/szkoleniasokrates.pl\/sklep\/"},{"@type":"ListItem","position":3,"name":"Pakiet dokument\u00f3w dla egzaminu poprawkowego"}]},{"@type":"WebSite","@id":"https:\/\/szkoleniasokrates.pl\/#website","url":"https:\/\/szkoleniasokrates.pl\/","name":"Szkolenia Sokrates","description":"Grupa Edukacyjno-Szkoleniowa","publisher":{"@id":"https:\/\/szkoleniasokrates.pl\/#organization"},"potentialAction":[{"@type":"SearchAction","target":{"@type":"EntryPoint","urlTemplate":"https:\/\/szkoleniasokrates.pl\/?s={search_term_string}"},"query-input":"required name=search_term_string"}],"inLanguage":"en-US"},{"@type":"Organization","@id":"https:\/\/szkoleniasokrates.pl\/#organization","name":"Szkolenia Sokrates","url":"https:\/\/szkoleniasokrates.pl\/","logo":{"@type":"ImageObject","inLanguage":"en-US","@id":"https:\/\/szkoleniasokrates.pl\/#\/schema\/logo\/image\/","url":"https:\/\/szkoleniasokrates.pl\/wp-content\/uploads\/2022\/05\/cropped-LOGO-2.png","contentUrl":"https:\/\/szkoleniasokrates.pl\/wp-content\/uploads\/2022\/05\/cropped-LOGO-2.png","width":150,"height":45,"caption":"Szkolenia Sokrates"},"image":{"@id":"https:\/\/szkoleniasokrates.pl\/#\/schema\/logo\/image\/"}}]}},"_links":{"self":[{"href":"https:\/\/szkoleniasokrates.pl\/en\/wp-json\/wp\/v2\/product\/9382","targetHints":{"allow":["GET"]}}],"collection":[{"href":"https:\/\/szkoleniasokrates.pl\/en\/wp-json\/wp\/v2\/product"}],"about":[{"href":"https:\/\/szkoleniasokrates.pl\/en\/wp-json\/wp\/v2\/types\/product"}],"replies":[{"embeddable":true,"href":"https:\/\/szkoleniasokrates.pl\/en\/wp-json\/wp\/v2\/comments?post=9382"}],"version-history":[{"count":1,"href":"https:\/\/szkoleniasokrates.pl\/en\/wp-json\/wp\/v2\/product\/9382\/revisions"}],"predecessor-version":[{"id":9390,"href":"https:\/\/szkoleniasokrates.pl\/en\/wp-json\/wp\/v2\/product\/9382\/revisions\/9390"}],"wp:featuredmedia":[{"embeddable":true,"href":"https:\/\/szkoleniasokrates.pl\/en\/wp-json\/wp\/v2\/media\/9285"}],"wp:attachment":[{"href":"https:\/\/szkoleniasokrates.pl\/en\/wp-json\/wp\/v2\/media?parent=9382"}],"wp:term":[{"taxonomy":"product_cat","embeddable":true,"href":"https:\/\/szkoleniasokrates.pl\/en\/wp-json\/wp\/v2\/product_cat?post=9382"},{"taxonomy":"product_tag","embeddable":true,"href":"https:\/\/szkoleniasokrates.pl\/en\/wp-json\/wp\/v2\/product_tag?post=9382"}],"curies":[{"name":"wp","href":"https:\/\/api.w.org\/{rel}","templated":true}]}}