{"id":9428,"date":"2022-10-30T09:09:32","date_gmt":"2022-10-30T08:09:32","guid":{"rendered":"https:\/\/szkoleniasokrates.pl\/?post_type=product&#038;p=9428"},"modified":"2025-05-28T13:10:41","modified_gmt":"2025-05-28T11:10:41","slug":"koledy-na-dzwonkach","status":"publish","type":"product","link":"https:\/\/szkoleniasokrates.pl\/en\/product\/koledy-na-dzwonkach\/","title":{"rendered":"Kol\u0119dy na dzwonkach &#8211; bo\u017conarodzeniowe inspiracje muzyczne"},"content":{"rendered":"<h3 class=\"subject\">KOL\u0118DY NA DZWONKACH &#8211; BO\u017bONARODZENIOWE INSPIRACJE MUZYCZNE<\/h3>\n<p class=\"v1MsoNormal\">Kol\u0119dy na dzwonkach to inspiruj\u0105ce szkolenie na \u015bwi\u0105teczny czas. Pachnie cynamonem i pierniczkami, dekoracje i kolorowe \u015bwiate\u0142ka sprawiaj\u0105, \u017ce czujemy si\u0119 dobrze, a w tle \u2026 s\u0142ycha\u0107 muzyk\u0119\u2026 pi\u0119kne kol\u0119dy i piosenki \u015bwi\u0105teczne.<\/p>\n<p class=\"v1MsoNormal\">Bo\u017ce Narodzenie na zaj\u0119ciach muzycznych w przedszkolu i w nauczaniu wczesnoszkolnym zajmuje wa\u017cn\u0105 pozycj\u0119. Podczas szkolenia zaprezentowane zostan\u0105 muzyczne inspiracje w tematyce \u015bwi\u0105tecznej, nowe opracowania kol\u0119d i pastora\u0142ek, ta\u0144ce anio\u0142k\u00f3w, rytmiczne przytupywania pasterzy, aktywne s\u0142uchanie muzyki dope\u0142ni\u0105 zabawy zimowe oraz miko\u0142ajkowe.<\/p>\n<p class=\"v1MsoNormal\"><b>Zagadnienia do szkolenia:<\/b><\/p>\n<p class=\"v1MsoNormal\">\u2022\u00a0\u00a0\u00a0 Instrumentacje wybranych kol\u0119d i pastora\u0142ek na bum bum rurkach i kolorowych dzwonkach.<\/p>\n<p class=\"v1MsoNormal\">\u2022\u00a0\u00a0\u00a0 Zabawy muzyczno-ruchowe o tematyce \u015bwi\u0105tecznej i zimowej.<\/p>\n<p class=\"v1MsoNormal\">\u2022\u00a0\u00a0\u00a0 Autorskie piosenki o Miko\u0142aju i \u015bwi\u0119tach.<\/p>\n<p class=\"v1MsoNormal\">\u2022\u00a0\u00a0\u00a0 \u015awi\u0105teczne zabawy logorytmiczne.<\/p>\n<p class=\"v1MsoNormal\">\u2022\u00a0\u00a0\u00a0 Zabawy wyciszaj\u0105ce.<\/p>\n<p class=\"v1MsoNormal\">\u2022\u00a0\u00a0\u00a0 Ta\u0144ce do wykorzystania podczas przedstawie\u0144 \u015bwi\u0105tecznych.<\/p>\n<p>&nbsp;<\/p>\n<p>&nbsp;<\/p>\n<p>Za\u015bwiadczenie ze szkolenia <strong>Kol\u0119dy na dzwonkach &#8211; bo\u017conarodzeniowe inspiracje muzyczne\u00a0<\/strong>mo\u017cesz odebra\u0107 pisz\u0105c na biuro@grupasokrates.pl<\/p>\n<p>Za\u015bwiadczenie jest wysy\u0142ane drog\u0105 elektroniczn\u0105 i zawiera si\u0119 w cenie szkolenia.<\/p>\n<p><a href=\"https:\/\/www.facebook.com\/GrupaSokrates\" target=\"_blank\" rel=\"noopener\">GES Sokrates na Facebooku<\/a><\/p>\n<p><a href=\"https:\/\/szkoleniasokrates.pl\/en\/polityka-prywatnosci\/\">Polityka prywatno\u015bci<\/a><\/p>","protected":false},"excerpt":{"rendered":"<p>KOL\u0118DY NA DZWONKACH &#8211; BO\u017bONARODZENIOWE INSPIRACJE MUZYCZNE Kol\u0119dy na dzwonkach to inspiruj\u0105ce szkolenie na \u015bwi\u0105teczny czas. Pachnie cynamonem i pierniczkami,<\/p>","protected":false},"featured_media":9429,"comment_status":"open","ping_status":"closed","template":"","meta":[],"product_cat":[115],"product_tag":[],"class_list":{"0":"post-9428","1":"product","2":"type-product","3":"status-publish","4":"has-post-thumbnail","6":"product_cat-zabawy-z-dziecmi","8":"first","9":"instock","10":"virtual","11":"purchasable","12":"product-type-simple"},"yoast_head":"<!-- This site is optimized with the Yoast SEO plugin v19.9 - https:\/\/yoast.com\/wordpress\/plugins\/seo\/ -->\n<title>Kol\u0119dy na dzwonkach - bo\u017conarodzeniowe inspiracje muzyczne - Szkolenia Sokrates<\/title>\n<meta name=\"description\" content=\"Kol\u0119dy na dzwonkach - bo\u017conarodzeniowe inspiracje muzyczne. Pomys\u0142 na zabawy \u015bwi\u0105teczne i miko\u0142ajkowe z dzie\u0107mi w przedszkolu!\" \/>\n<meta name=\"robots\" content=\"index, follow, max-snippet:-1, max-image-preview:large, max-video-preview:-1\" \/>\n<link rel=\"canonical\" href=\"https:\/\/szkoleniasokrates.pl\/en\/product\/koledy-na-dzwonkach\/\" \/>\n<meta property=\"og:locale\" content=\"en_US\" \/>\n<meta property=\"og:type\" content=\"article\" \/>\n<meta property=\"og:title\" content=\"Kol\u0119dy na dzwonkach - bo\u017conarodzeniowe inspiracje muzyczne - Szkolenia Sokrates\" \/>\n<meta property=\"og:description\" content=\"Kol\u0119dy na dzwonkach - bo\u017conarodzeniowe inspiracje muzyczne. Pomys\u0142 na zabawy \u015bwi\u0105teczne i miko\u0142ajkowe z dzie\u0107mi w przedszkolu!\" \/>\n<meta property=\"og:url\" content=\"https:\/\/szkoleniasokrates.pl\/en\/product\/koledy-na-dzwonkach\/\" \/>\n<meta property=\"og:site_name\" content=\"Szkolenia Sokrates\" \/>\n<meta property=\"article:modified_time\" content=\"2025-05-28T11:10:41+00:00\" \/>\n<meta property=\"og:image\" content=\"https:\/\/szkoleniasokrates.pl\/wp-content\/uploads\/2022\/10\/Rectangle-40.png\" \/>\n\t<meta property=\"og:image:width\" content=\"721\" \/>\n\t<meta property=\"og:image:height\" content=\"721\" \/>\n\t<meta property=\"og:image:type\" content=\"image\/png\" \/>\n<meta name=\"twitter:card\" content=\"summary_large_image\" \/>\n<meta name=\"twitter:label1\" content=\"Est. reading time\" \/>\n\t<meta name=\"twitter:data1\" content=\"1 minute\" \/>\n<script type=\"application\/ld+json\" class=\"yoast-schema-graph\">{\"@context\":\"https:\/\/schema.org\",\"@graph\":[{\"@type\":\"WebPage\",\"@id\":\"https:\/\/szkoleniasokrates.pl\/produkt\/koledy-na-dzwonkach\/\",\"url\":\"https:\/\/szkoleniasokrates.pl\/produkt\/koledy-na-dzwonkach\/\",\"name\":\"Kol\u0119dy na dzwonkach - bo\u017conarodzeniowe inspiracje muzyczne - Szkolenia Sokrates\",\"isPartOf\":{\"@id\":\"https:\/\/szkoleniasokrates.pl\/#website\"},\"datePublished\":\"2022-10-30T08:09:32+00:00\",\"dateModified\":\"2025-05-28T11:10:41+00:00\",\"description\":\"Kol\u0119dy na dzwonkach - bo\u017conarodzeniowe inspiracje muzyczne. Pomys\u0142 na zabawy \u015bwi\u0105teczne i miko\u0142ajkowe z dzie\u0107mi w przedszkolu!\",\"breadcrumb\":{\"@id\":\"https:\/\/szkoleniasokrates.pl\/produkt\/koledy-na-dzwonkach\/#breadcrumb\"},\"inLanguage\":\"en-US\",\"potentialAction\":[{\"@type\":\"ReadAction\",\"target\":[\"https:\/\/szkoleniasokrates.pl\/produkt\/koledy-na-dzwonkach\/\"]}]},{\"@type\":\"BreadcrumbList\",\"@id\":\"https:\/\/szkoleniasokrates.pl\/produkt\/koledy-na-dzwonkach\/#breadcrumb\",\"itemListElement\":[{\"@type\":\"ListItem\",\"position\":1,\"name\":\"Home\",\"item\":\"https:\/\/szkoleniasokrates.pl\/\"},{\"@type\":\"ListItem\",\"position\":2,\"name\":\"Sklep\",\"item\":\"https:\/\/szkoleniasokrates.pl\/sklep\/\"},{\"@type\":\"ListItem\",\"position\":3,\"name\":\"Kol\u0119dy na dzwonkach &#8211; bo\u017conarodzeniowe inspiracje muzyczne\"}]},{\"@type\":\"WebSite\",\"@id\":\"https:\/\/szkoleniasokrates.pl\/#website\",\"url\":\"https:\/\/szkoleniasokrates.pl\/\",\"name\":\"Szkolenia Sokrates\",\"description\":\"Grupa Edukacyjno-Szkoleniowa\",\"publisher\":{\"@id\":\"https:\/\/szkoleniasokrates.pl\/#organization\"},\"potentialAction\":[{\"@type\":\"SearchAction\",\"target\":{\"@type\":\"EntryPoint\",\"urlTemplate\":\"https:\/\/szkoleniasokrates.pl\/?s={search_term_string}\"},\"query-input\":\"required name=search_term_string\"}],\"inLanguage\":\"en-US\"},{\"@type\":\"Organization\",\"@id\":\"https:\/\/szkoleniasokrates.pl\/#organization\",\"name\":\"Szkolenia Sokrates\",\"url\":\"https:\/\/szkoleniasokrates.pl\/\",\"logo\":{\"@type\":\"ImageObject\",\"inLanguage\":\"en-US\",\"@id\":\"https:\/\/szkoleniasokrates.pl\/#\/schema\/logo\/image\/\",\"url\":\"https:\/\/szkoleniasokrates.pl\/wp-content\/uploads\/2022\/05\/cropped-LOGO-2.png\",\"contentUrl\":\"https:\/\/szkoleniasokrates.pl\/wp-content\/uploads\/2022\/05\/cropped-LOGO-2.png\",\"width\":150,\"height\":45,\"caption\":\"Szkolenia Sokrates\"},\"image\":{\"@id\":\"https:\/\/szkoleniasokrates.pl\/#\/schema\/logo\/image\/\"}}]}<\/script>\n<!-- \/ Yoast SEO plugin. -->","yoast_head_json":{"title":"Kol\u0119dy na dzwonkach - bo\u017conarodzeniowe inspiracje muzyczne - Szkolenia Sokrates","description":"Kol\u0119dy na dzwonkach - bo\u017conarodzeniowe inspiracje muzyczne. Pomys\u0142 na zabawy \u015bwi\u0105teczne i miko\u0142ajkowe z dzie\u0107mi w przedszkolu!","robots":{"index":"index","follow":"follow","max-snippet":"max-snippet:-1","max-image-preview":"max-image-preview:large","max-video-preview":"max-video-preview:-1"},"canonical":"https:\/\/szkoleniasokrates.pl\/en\/product\/koledy-na-dzwonkach\/","og_locale":"en_US","og_type":"article","og_title":"Kol\u0119dy na dzwonkach - bo\u017conarodzeniowe inspiracje muzyczne - Szkolenia Sokrates","og_description":"Kol\u0119dy na dzwonkach - bo\u017conarodzeniowe inspiracje muzyczne. Pomys\u0142 na zabawy \u015bwi\u0105teczne i miko\u0142ajkowe z dzie\u0107mi w przedszkolu!","og_url":"https:\/\/szkoleniasokrates.pl\/en\/product\/koledy-na-dzwonkach\/","og_site_name":"Szkolenia Sokrates","article_modified_time":"2025-05-28T11:10:41+00:00","og_image":[{"width":721,"height":721,"url":"https:\/\/szkoleniasokrates.pl\/wp-content\/uploads\/2022\/10\/Rectangle-40.png","type":"image\/png"}],"twitter_card":"summary_large_image","twitter_misc":{"Est. reading time":"1 minute"},"schema":{"@context":"https:\/\/schema.org","@graph":[{"@type":"WebPage","@id":"https:\/\/szkoleniasokrates.pl\/produkt\/koledy-na-dzwonkach\/","url":"https:\/\/szkoleniasokrates.pl\/produkt\/koledy-na-dzwonkach\/","name":"Kol\u0119dy na dzwonkach - bo\u017conarodzeniowe inspiracje muzyczne - Szkolenia Sokrates","isPartOf":{"@id":"https:\/\/szkoleniasokrates.pl\/#website"},"datePublished":"2022-10-30T08:09:32+00:00","dateModified":"2025-05-28T11:10:41+00:00","description":"Kol\u0119dy na dzwonkach - bo\u017conarodzeniowe inspiracje muzyczne. Pomys\u0142 na zabawy \u015bwi\u0105teczne i miko\u0142ajkowe z dzie\u0107mi w przedszkolu!","breadcrumb":{"@id":"https:\/\/szkoleniasokrates.pl\/produkt\/koledy-na-dzwonkach\/#breadcrumb"},"inLanguage":"en-US","potentialAction":[{"@type":"ReadAction","target":["https:\/\/szkoleniasokrates.pl\/produkt\/koledy-na-dzwonkach\/"]}]},{"@type":"BreadcrumbList","@id":"https:\/\/szkoleniasokrates.pl\/produkt\/koledy-na-dzwonkach\/#breadcrumb","itemListElement":[{"@type":"ListItem","position":1,"name":"Home","item":"https:\/\/szkoleniasokrates.pl\/"},{"@type":"ListItem","position":2,"name":"Sklep","item":"https:\/\/szkoleniasokrates.pl\/sklep\/"},{"@type":"ListItem","position":3,"name":"Kol\u0119dy na dzwonkach &#8211; bo\u017conarodzeniowe inspiracje muzyczne"}]},{"@type":"WebSite","@id":"https:\/\/szkoleniasokrates.pl\/#website","url":"https:\/\/szkoleniasokrates.pl\/","name":"Szkolenia Sokrates","description":"Grupa Edukacyjno-Szkoleniowa","publisher":{"@id":"https:\/\/szkoleniasokrates.pl\/#organization"},"potentialAction":[{"@type":"SearchAction","target":{"@type":"EntryPoint","urlTemplate":"https:\/\/szkoleniasokrates.pl\/?s={search_term_string}"},"query-input":"required name=search_term_string"}],"inLanguage":"en-US"},{"@type":"Organization","@id":"https:\/\/szkoleniasokrates.pl\/#organization","name":"Szkolenia Sokrates","url":"https:\/\/szkoleniasokrates.pl\/","logo":{"@type":"ImageObject","inLanguage":"en-US","@id":"https:\/\/szkoleniasokrates.pl\/#\/schema\/logo\/image\/","url":"https:\/\/szkoleniasokrates.pl\/wp-content\/uploads\/2022\/05\/cropped-LOGO-2.png","contentUrl":"https:\/\/szkoleniasokrates.pl\/wp-content\/uploads\/2022\/05\/cropped-LOGO-2.png","width":150,"height":45,"caption":"Szkolenia Sokrates"},"image":{"@id":"https:\/\/szkoleniasokrates.pl\/#\/schema\/logo\/image\/"}}]}},"_links":{"self":[{"href":"https:\/\/szkoleniasokrates.pl\/en\/wp-json\/wp\/v2\/product\/9428","targetHints":{"allow":["GET"]}}],"collection":[{"href":"https:\/\/szkoleniasokrates.pl\/en\/wp-json\/wp\/v2\/product"}],"about":[{"href":"https:\/\/szkoleniasokrates.pl\/en\/wp-json\/wp\/v2\/types\/product"}],"replies":[{"embeddable":true,"href":"https:\/\/szkoleniasokrates.pl\/en\/wp-json\/wp\/v2\/comments?post=9428"}],"version-history":[{"count":1,"href":"https:\/\/szkoleniasokrates.pl\/en\/wp-json\/wp\/v2\/product\/9428\/revisions"}],"predecessor-version":[{"id":9430,"href":"https:\/\/szkoleniasokrates.pl\/en\/wp-json\/wp\/v2\/product\/9428\/revisions\/9430"}],"wp:featuredmedia":[{"embeddable":true,"href":"https:\/\/szkoleniasokrates.pl\/en\/wp-json\/wp\/v2\/media\/9429"}],"wp:attachment":[{"href":"https:\/\/szkoleniasokrates.pl\/en\/wp-json\/wp\/v2\/media?parent=9428"}],"wp:term":[{"taxonomy":"product_cat","embeddable":true,"href":"https:\/\/szkoleniasokrates.pl\/en\/wp-json\/wp\/v2\/product_cat?post=9428"},{"taxonomy":"product_tag","embeddable":true,"href":"https:\/\/szkoleniasokrates.pl\/en\/wp-json\/wp\/v2\/product_tag?post=9428"}],"curies":[{"name":"wp","href":"https:\/\/api.w.org\/{rel}","templated":true}]}}