{"id":9582,"date":"2023-04-05T14:38:39","date_gmt":"2023-04-05T12:38:39","guid":{"rendered":"https:\/\/szkoleniasokrates.pl\/?post_type=product&#038;p=9582"},"modified":"2024-03-02T17:25:46","modified_gmt":"2024-03-02T16:25:46","slug":"jak-pomoc-dziecku-wybrac-szkole","status":"publish","type":"product","link":"https:\/\/szkoleniasokrates.pl\/en\/product\/jak-pomoc-dziecku-wybrac-szkole\/","title":{"rendered":"Jak pom\u00f3c dziecku wybra\u0107 szko\u0142\u0119?"},"content":{"rendered":"<ol>\n<li>Om\u00f3wienie r\u00f3\u017cnych rodzaj\u00f3w szk\u00f3\u0142:\u00a0 liceum, technikum, szko\u0142a zawodowa. Om\u00f3wienie zalet i wad ka\u017cdego z tych typ\u00f3w szk\u00f3\u0142.<\/li>\n<li>Om\u00f3wienie r\u00f3\u017cnych kryteri\u00f3w wyboru szko\u0142y: Lokalizacja, poziom nauczania, kadra nauczycielska, program nauczania, aktywno\u015bci pozalekcyjne, koszty.<\/li>\n<li>Wyja\u015bnienie, dlaczego wa\u017cne jest, aby uwzgl\u0119dni\u0107 preferencje dziecka w wyborze szko\u0142y.<\/li>\n<li>Om\u00f3wienie r\u00f3\u017cnych sposob\u00f3w pozyskania informacji na temat szko\u0142y: Wizyta w szkole, rozmowa z dyrektorem, rozmowa z nauczycielami, przeczytanie recenzji szko\u0142y w Internecie, rozmowa z innymi rodzicami.<\/li>\n<li>Poradzenie, jakie pytania nale\u017cy zada\u0107 podczas wizyty w szkole, aby uzyska\u0107 jak najwi\u0119cej informacji.<\/li>\n<li>Om\u00f3wienie, jakie informacje nale\u017cy zebra\u0107 podczas rozmowy z dyrektorem, nauczycielami i innymi rodzicami.<\/li>\n<li>Om\u00f3wienie, jakie czynniki nale\u017cy uwzgl\u0119dni\u0107 podczas wyboru szko\u0142y, takie jak poziom nauczania, dost\u0119pno\u015b\u0107, koszty i lokalizacja.<\/li>\n<\/ol>\n<p>&nbsp;<\/p>\n<p>Szkolenie skierowane jest dla rodzic\u00f3w i nauczycieli.<\/p>","protected":false},"excerpt":{"rendered":"<p>Om\u00f3wienie r\u00f3\u017cnych rodzaj\u00f3w szk\u00f3\u0142:\u00a0 liceum, technikum, szko\u0142a zawodowa. Om\u00f3wienie zalet i wad ka\u017cdego z tych typ\u00f3w szk\u00f3\u0142. Om\u00f3wienie r\u00f3\u017cnych kryteri\u00f3w<\/p>","protected":false},"featured_media":9584,"comment_status":"open","ping_status":"closed","template":"","meta":[],"product_cat":[175],"product_tag":[],"class_list":{"0":"post-9582","1":"product","2":"type-product","3":"status-publish","4":"has-post-thumbnail","6":"product_cat-dla-rodzica","8":"first","9":"instock","10":"virtual","11":"purchasable","12":"product-type-simple"},"yoast_head":"<!-- This site is optimized with the Yoast SEO plugin v19.9 - https:\/\/yoast.com\/wordpress\/plugins\/seo\/ -->\n<title>Jak pom\u00f3c dziecku wybra\u0107 szko\u0142\u0119? - Szkolenia Sokrates<\/title>\n<meta name=\"description\" content=\"Jak pom\u00f3c dziecku wybra\u0107 szko\u0142\u0119 to szkolenie, kt\u00f3re przygotuje rodzica do wsparcia dziecka przy wyborze nowej szko\u0142y ponadpodstawowej.\" \/>\n<meta name=\"robots\" content=\"index, follow, max-snippet:-1, max-image-preview:large, max-video-preview:-1\" \/>\n<link rel=\"canonical\" href=\"https:\/\/szkoleniasokrates.pl\/en\/product\/jak-pomoc-dziecku-wybrac-szkole\/\" \/>\n<meta property=\"og:locale\" content=\"en_US\" \/>\n<meta property=\"og:type\" content=\"article\" \/>\n<meta property=\"og:title\" content=\"Jak pom\u00f3c dziecku wybra\u0107 szko\u0142\u0119? - Szkolenia Sokrates\" \/>\n<meta property=\"og:description\" content=\"Jak pom\u00f3c dziecku wybra\u0107 szko\u0142\u0119 to szkolenie, kt\u00f3re przygotuje rodzica do wsparcia dziecka przy wyborze nowej szko\u0142y ponadpodstawowej.\" \/>\n<meta property=\"og:url\" content=\"https:\/\/szkoleniasokrates.pl\/en\/product\/jak-pomoc-dziecku-wybrac-szkole\/\" \/>\n<meta property=\"og:site_name\" content=\"Szkolenia Sokrates\" \/>\n<meta property=\"article:modified_time\" content=\"2024-03-02T16:25:46+00:00\" \/>\n<meta property=\"og:image\" content=\"https:\/\/szkoleniasokrates.pl\/wp-content\/uploads\/2023\/04\/Projekt-bez-tytulu-min.jpg\" \/>\n\t<meta property=\"og:image:width\" content=\"2000\" \/>\n\t<meta property=\"og:image:height\" content=\"2000\" \/>\n\t<meta property=\"og:image:type\" content=\"image\/jpeg\" \/>\n<meta name=\"twitter:card\" content=\"summary_large_image\" \/>\n<meta name=\"twitter:label1\" content=\"Est. reading time\" \/>\n\t<meta name=\"twitter:data1\" content=\"1 minute\" \/>\n<script type=\"application\/ld+json\" class=\"yoast-schema-graph\">{\"@context\":\"https:\/\/schema.org\",\"@graph\":[{\"@type\":\"WebPage\",\"@id\":\"https:\/\/szkoleniasokrates.pl\/produkt\/jak-pomoc-dziecku-wybrac-szkole\/\",\"url\":\"https:\/\/szkoleniasokrates.pl\/produkt\/jak-pomoc-dziecku-wybrac-szkole\/\",\"name\":\"Jak pom\u00f3c dziecku wybra\u0107 szko\u0142\u0119? - Szkolenia Sokrates\",\"isPartOf\":{\"@id\":\"https:\/\/szkoleniasokrates.pl\/#website\"},\"datePublished\":\"2023-04-05T12:38:39+00:00\",\"dateModified\":\"2024-03-02T16:25:46+00:00\",\"description\":\"Jak pom\u00f3c dziecku wybra\u0107 szko\u0142\u0119 to szkolenie, kt\u00f3re przygotuje rodzica do wsparcia dziecka przy wyborze nowej szko\u0142y ponadpodstawowej.\",\"breadcrumb\":{\"@id\":\"https:\/\/szkoleniasokrates.pl\/produkt\/jak-pomoc-dziecku-wybrac-szkole\/#breadcrumb\"},\"inLanguage\":\"en-US\",\"potentialAction\":[{\"@type\":\"ReadAction\",\"target\":[\"https:\/\/szkoleniasokrates.pl\/produkt\/jak-pomoc-dziecku-wybrac-szkole\/\"]}]},{\"@type\":\"BreadcrumbList\",\"@id\":\"https:\/\/szkoleniasokrates.pl\/produkt\/jak-pomoc-dziecku-wybrac-szkole\/#breadcrumb\",\"itemListElement\":[{\"@type\":\"ListItem\",\"position\":1,\"name\":\"Home\",\"item\":\"https:\/\/szkoleniasokrates.pl\/\"},{\"@type\":\"ListItem\",\"position\":2,\"name\":\"Sklep\",\"item\":\"https:\/\/szkoleniasokrates.pl\/sklep\/\"},{\"@type\":\"ListItem\",\"position\":3,\"name\":\"Jak pom\u00f3c dziecku wybra\u0107 szko\u0142\u0119?\"}]},{\"@type\":\"WebSite\",\"@id\":\"https:\/\/szkoleniasokrates.pl\/#website\",\"url\":\"https:\/\/szkoleniasokrates.pl\/\",\"name\":\"Szkolenia Sokrates\",\"description\":\"Grupa Edukacyjno-Szkoleniowa\",\"publisher\":{\"@id\":\"https:\/\/szkoleniasokrates.pl\/#organization\"},\"potentialAction\":[{\"@type\":\"SearchAction\",\"target\":{\"@type\":\"EntryPoint\",\"urlTemplate\":\"https:\/\/szkoleniasokrates.pl\/?s={search_term_string}\"},\"query-input\":\"required name=search_term_string\"}],\"inLanguage\":\"en-US\"},{\"@type\":\"Organization\",\"@id\":\"https:\/\/szkoleniasokrates.pl\/#organization\",\"name\":\"Szkolenia Sokrates\",\"url\":\"https:\/\/szkoleniasokrates.pl\/\",\"logo\":{\"@type\":\"ImageObject\",\"inLanguage\":\"en-US\",\"@id\":\"https:\/\/szkoleniasokrates.pl\/#\/schema\/logo\/image\/\",\"url\":\"https:\/\/szkoleniasokrates.pl\/wp-content\/uploads\/2022\/05\/cropped-LOGO-2.png\",\"contentUrl\":\"https:\/\/szkoleniasokrates.pl\/wp-content\/uploads\/2022\/05\/cropped-LOGO-2.png\",\"width\":150,\"height\":45,\"caption\":\"Szkolenia Sokrates\"},\"image\":{\"@id\":\"https:\/\/szkoleniasokrates.pl\/#\/schema\/logo\/image\/\"}}]}<\/script>\n<!-- \/ Yoast SEO plugin. -->","yoast_head_json":{"title":"Jak pom\u00f3c dziecku wybra\u0107 szko\u0142\u0119? - Szkolenia Sokrates","description":"Jak pom\u00f3c dziecku wybra\u0107 szko\u0142\u0119 to szkolenie, kt\u00f3re przygotuje rodzica do wsparcia dziecka przy wyborze nowej szko\u0142y ponadpodstawowej.","robots":{"index":"index","follow":"follow","max-snippet":"max-snippet:-1","max-image-preview":"max-image-preview:large","max-video-preview":"max-video-preview:-1"},"canonical":"https:\/\/szkoleniasokrates.pl\/en\/product\/jak-pomoc-dziecku-wybrac-szkole\/","og_locale":"en_US","og_type":"article","og_title":"Jak pom\u00f3c dziecku wybra\u0107 szko\u0142\u0119? - Szkolenia Sokrates","og_description":"Jak pom\u00f3c dziecku wybra\u0107 szko\u0142\u0119 to szkolenie, kt\u00f3re przygotuje rodzica do wsparcia dziecka przy wyborze nowej szko\u0142y ponadpodstawowej.","og_url":"https:\/\/szkoleniasokrates.pl\/en\/product\/jak-pomoc-dziecku-wybrac-szkole\/","og_site_name":"Szkolenia Sokrates","article_modified_time":"2024-03-02T16:25:46+00:00","og_image":[{"width":2000,"height":2000,"url":"https:\/\/szkoleniasokrates.pl\/wp-content\/uploads\/2023\/04\/Projekt-bez-tytulu-min.jpg","type":"image\/jpeg"}],"twitter_card":"summary_large_image","twitter_misc":{"Est. reading time":"1 minute"},"schema":{"@context":"https:\/\/schema.org","@graph":[{"@type":"WebPage","@id":"https:\/\/szkoleniasokrates.pl\/produkt\/jak-pomoc-dziecku-wybrac-szkole\/","url":"https:\/\/szkoleniasokrates.pl\/produkt\/jak-pomoc-dziecku-wybrac-szkole\/","name":"Jak pom\u00f3c dziecku wybra\u0107 szko\u0142\u0119? - Szkolenia Sokrates","isPartOf":{"@id":"https:\/\/szkoleniasokrates.pl\/#website"},"datePublished":"2023-04-05T12:38:39+00:00","dateModified":"2024-03-02T16:25:46+00:00","description":"Jak pom\u00f3c dziecku wybra\u0107 szko\u0142\u0119 to szkolenie, kt\u00f3re przygotuje rodzica do wsparcia dziecka przy wyborze nowej szko\u0142y ponadpodstawowej.","breadcrumb":{"@id":"https:\/\/szkoleniasokrates.pl\/produkt\/jak-pomoc-dziecku-wybrac-szkole\/#breadcrumb"},"inLanguage":"en-US","potentialAction":[{"@type":"ReadAction","target":["https:\/\/szkoleniasokrates.pl\/produkt\/jak-pomoc-dziecku-wybrac-szkole\/"]}]},{"@type":"BreadcrumbList","@id":"https:\/\/szkoleniasokrates.pl\/produkt\/jak-pomoc-dziecku-wybrac-szkole\/#breadcrumb","itemListElement":[{"@type":"ListItem","position":1,"name":"Home","item":"https:\/\/szkoleniasokrates.pl\/"},{"@type":"ListItem","position":2,"name":"Sklep","item":"https:\/\/szkoleniasokrates.pl\/sklep\/"},{"@type":"ListItem","position":3,"name":"Jak pom\u00f3c dziecku wybra\u0107 szko\u0142\u0119?"}]},{"@type":"WebSite","@id":"https:\/\/szkoleniasokrates.pl\/#website","url":"https:\/\/szkoleniasokrates.pl\/","name":"Szkolenia Sokrates","description":"Grupa Edukacyjno-Szkoleniowa","publisher":{"@id":"https:\/\/szkoleniasokrates.pl\/#organization"},"potentialAction":[{"@type":"SearchAction","target":{"@type":"EntryPoint","urlTemplate":"https:\/\/szkoleniasokrates.pl\/?s={search_term_string}"},"query-input":"required name=search_term_string"}],"inLanguage":"en-US"},{"@type":"Organization","@id":"https:\/\/szkoleniasokrates.pl\/#organization","name":"Szkolenia Sokrates","url":"https:\/\/szkoleniasokrates.pl\/","logo":{"@type":"ImageObject","inLanguage":"en-US","@id":"https:\/\/szkoleniasokrates.pl\/#\/schema\/logo\/image\/","url":"https:\/\/szkoleniasokrates.pl\/wp-content\/uploads\/2022\/05\/cropped-LOGO-2.png","contentUrl":"https:\/\/szkoleniasokrates.pl\/wp-content\/uploads\/2022\/05\/cropped-LOGO-2.png","width":150,"height":45,"caption":"Szkolenia Sokrates"},"image":{"@id":"https:\/\/szkoleniasokrates.pl\/#\/schema\/logo\/image\/"}}]}},"_links":{"self":[{"href":"https:\/\/szkoleniasokrates.pl\/en\/wp-json\/wp\/v2\/product\/9582","targetHints":{"allow":["GET"]}}],"collection":[{"href":"https:\/\/szkoleniasokrates.pl\/en\/wp-json\/wp\/v2\/product"}],"about":[{"href":"https:\/\/szkoleniasokrates.pl\/en\/wp-json\/wp\/v2\/types\/product"}],"replies":[{"embeddable":true,"href":"https:\/\/szkoleniasokrates.pl\/en\/wp-json\/wp\/v2\/comments?post=9582"}],"version-history":[{"count":1,"href":"https:\/\/szkoleniasokrates.pl\/en\/wp-json\/wp\/v2\/product\/9582\/revisions"}],"predecessor-version":[{"id":9585,"href":"https:\/\/szkoleniasokrates.pl\/en\/wp-json\/wp\/v2\/product\/9582\/revisions\/9585"}],"wp:featuredmedia":[{"embeddable":true,"href":"https:\/\/szkoleniasokrates.pl\/en\/wp-json\/wp\/v2\/media\/9584"}],"wp:attachment":[{"href":"https:\/\/szkoleniasokrates.pl\/en\/wp-json\/wp\/v2\/media?parent=9582"}],"wp:term":[{"taxonomy":"product_cat","embeddable":true,"href":"https:\/\/szkoleniasokrates.pl\/en\/wp-json\/wp\/v2\/product_cat?post=9582"},{"taxonomy":"product_tag","embeddable":true,"href":"https:\/\/szkoleniasokrates.pl\/en\/wp-json\/wp\/v2\/product_tag?post=9582"}],"curies":[{"name":"wp","href":"https:\/\/api.w.org\/{rel}","templated":true}]}}