{"id":9740,"date":"2024-04-12T14:25:52","date_gmt":"2024-04-12T12:25:52","guid":{"rendered":"https:\/\/szkoleniasokrates.pl\/?post_type=product&#038;p=9740"},"modified":"2024-04-12T14:25:52","modified_gmt":"2024-04-12T12:25:52","slug":"analiza-rysunku-dziecka","status":"publish","type":"product","link":"https:\/\/szkoleniasokrates.pl\/en\/product\/analiza-rysunku-dziecka\/","title":{"rendered":"Analiza rysunku dziecka"},"content":{"rendered":"<p class=\"v1MsoNormal\"><a name=\"_Hlk143522451\"><\/a><b>O CZYM M\u00d3WI\u0104 RYSUNKI DZIECI CZYLI ANALIZA RYSUNK\u00d3W JAKO SPOS\u00d3B NA OCHRON\u0118, WSPARCIE I KOMUNIKACJ\u0118 Z MA\u0141OLETNIMI<\/b><\/p>\n<p class=\"v1MsoNormal\"><b>\u00a0<\/b><\/p>\n<p class=\"v1MsoNormal\">Zapraszamy Pa\u0144stwa na wyj\u0105tkowe i praktyczne szkolenie, w czasie kt\u00f3rego ekspert &#8211; Anna Stalmach-Tkacz podzieli si\u0119 do\u015bwiadczeniem i praktyk\u0105 pedagogiczn\u0105 w zakresie wykorzystania rysunk\u00f3w dzieci i uczni\u00f3w w procesie komunikacji, wsparcia, wst\u0119pnego rozpoznania potrzeb <b>oraz innych sytuacji powi\u0105zanych z bezpiecze\u0144stwem i rozwojem ma\u0142oletnich.<\/b><b><\/b><\/p>\n<p class=\"v1MsoNormal\">\n<p class=\"v1MsoNormal\">W trakcie szkolenia zostan\u0105 podj\u0119te zagadnienia po\u015bwi\u0119cone m.in.:<\/p>\n<p class=\"v1MsoNormal\">&#8211; wiedzy merytorycznej na temat rysunku dziecka oraz jego znaczenia w komunikacji, wywiadzie i indywidualizacji,<\/p>\n<p class=\"v1MsoNormal\">&#8211; analizie rysunku jako metodzie wspieraj\u0105cej\u00a0procesy wychowawcze,<\/p>\n<p class=\"v1MsoNormal\">&#8211; analizie rysunku jako metodzie wspieraj\u0105cej procesy profilaktyczne,<\/p>\n<p class=\"v1MsoNormal\">&#8211;\u00a0 korelacji mi\u0119dzy analiz\u0105 rysunku dziecka a biblioterapi\u0105,<\/p>\n<p class=\"v1MsoNormal\">&#8211; bajki dla ochrony ma\u0142oletnich oraz ich znaczenie w procesie procedury bezpiecze\u0144stwa,<\/p>\n<p class=\"v1MsoNormal\">&#8211; analizie studium przypadk\u00f3w &#8211; \u0107wiczenia na konkretnych rysunkach i pracach uczni\u00f3w.<\/p>\n<p class=\"v1MsoNormal\">\n<p class=\"v1MsoNormal\">W ramach szkolenia uczestnicy otrzymaj\u0105 zestaw materia\u0142\u00f3w, w tym bajek psychoedukacyjnych (r\u00f3wnie\u017c bez ogranicze\u0144 wiekowych).<\/p>","protected":false},"excerpt":{"rendered":"<p>O CZYM M\u00d3WI\u0104 RYSUNKI DZIECI CZYLI ANALIZA RYSUNK\u00d3W JAKO SPOS\u00d3B NA OCHRON\u0118, WSPARCIE I KOMUNIKACJ\u0118 Z MA\u0141OLETNIMI \u00a0 Zapraszamy Pa\u0144stwa<\/p>","protected":false},"featured_media":9347,"comment_status":"open","ping_status":"closed","template":"","meta":[],"product_cat":[84],"product_tag":[],"class_list":{"0":"post-9740","1":"product","2":"type-product","3":"status-publish","4":"has-post-thumbnail","6":"product_cat-praca-z-dziecmi","8":"first","9":"instock","10":"shipping-taxable","11":"purchasable","12":"product-type-simple"},"yoast_head":"<!-- This site is optimized with the Yoast SEO plugin v19.9 - https:\/\/yoast.com\/wordpress\/plugins\/seo\/ -->\n<title>Analiza rysunku dziecka - Szkolenia Sokrates<\/title>\n<meta name=\"description\" content=\"Analiza rysunku dziecka szkolenie, w kt\u00f3rym dowiesz si\u0119 jak w zakresie diagnozy wykorzysta\u0107 rysunki dzieci i uczni\u00f3w w procesie komunikacji\" \/>\n<meta name=\"robots\" content=\"index, follow, max-snippet:-1, max-image-preview:large, max-video-preview:-1\" \/>\n<link rel=\"canonical\" href=\"https:\/\/szkoleniasokrates.pl\/en\/product\/analiza-rysunku-dziecka\/\" \/>\n<meta property=\"og:locale\" content=\"en_US\" \/>\n<meta property=\"og:type\" content=\"article\" \/>\n<meta property=\"og:title\" content=\"Analiza rysunku dziecka - Szkolenia Sokrates\" \/>\n<meta property=\"og:description\" content=\"Analiza rysunku dziecka szkolenie, w kt\u00f3rym dowiesz si\u0119 jak w zakresie diagnozy wykorzysta\u0107 rysunki dzieci i uczni\u00f3w w procesie komunikacji\" \/>\n<meta property=\"og:url\" content=\"https:\/\/szkoleniasokrates.pl\/en\/product\/analiza-rysunku-dziecka\/\" \/>\n<meta property=\"og:site_name\" content=\"Szkolenia Sokrates\" \/>\n<meta property=\"og:image\" content=\"https:\/\/szkoleniasokrates.pl\/wp-content\/uploads\/2022\/07\/mini-12-min.png\" \/>\n\t<meta property=\"og:image:width\" content=\"500\" \/>\n\t<meta property=\"og:image:height\" content=\"357\" \/>\n\t<meta property=\"og:image:type\" content=\"image\/png\" \/>\n<meta name=\"twitter:card\" content=\"summary_large_image\" \/>\n<meta name=\"twitter:label1\" content=\"Est. reading time\" \/>\n\t<meta name=\"twitter:data1\" content=\"1 minute\" \/>\n<script type=\"application\/ld+json\" class=\"yoast-schema-graph\">{\"@context\":\"https:\/\/schema.org\",\"@graph\":[{\"@type\":\"WebPage\",\"@id\":\"https:\/\/szkoleniasokrates.pl\/produkt\/analiza-rysunku-dziecka\/\",\"url\":\"https:\/\/szkoleniasokrates.pl\/produkt\/analiza-rysunku-dziecka\/\",\"name\":\"Analiza rysunku dziecka - Szkolenia Sokrates\",\"isPartOf\":{\"@id\":\"https:\/\/szkoleniasokrates.pl\/#website\"},\"datePublished\":\"2024-04-12T12:25:52+00:00\",\"dateModified\":\"2024-04-12T12:25:52+00:00\",\"description\":\"Analiza rysunku dziecka szkolenie, w kt\u00f3rym dowiesz si\u0119 jak w zakresie diagnozy wykorzysta\u0107 rysunki dzieci i uczni\u00f3w w procesie komunikacji\",\"breadcrumb\":{\"@id\":\"https:\/\/szkoleniasokrates.pl\/produkt\/analiza-rysunku-dziecka\/#breadcrumb\"},\"inLanguage\":\"en-US\",\"potentialAction\":[{\"@type\":\"ReadAction\",\"target\":[\"https:\/\/szkoleniasokrates.pl\/produkt\/analiza-rysunku-dziecka\/\"]}]},{\"@type\":\"BreadcrumbList\",\"@id\":\"https:\/\/szkoleniasokrates.pl\/produkt\/analiza-rysunku-dziecka\/#breadcrumb\",\"itemListElement\":[{\"@type\":\"ListItem\",\"position\":1,\"name\":\"Home\",\"item\":\"https:\/\/szkoleniasokrates.pl\/\"},{\"@type\":\"ListItem\",\"position\":2,\"name\":\"Sklep\",\"item\":\"https:\/\/szkoleniasokrates.pl\/sklep\/\"},{\"@type\":\"ListItem\",\"position\":3,\"name\":\"Analiza rysunku dziecka\"}]},{\"@type\":\"WebSite\",\"@id\":\"https:\/\/szkoleniasokrates.pl\/#website\",\"url\":\"https:\/\/szkoleniasokrates.pl\/\",\"name\":\"Szkolenia Sokrates\",\"description\":\"Grupa Edukacyjno-Szkoleniowa\",\"publisher\":{\"@id\":\"https:\/\/szkoleniasokrates.pl\/#organization\"},\"potentialAction\":[{\"@type\":\"SearchAction\",\"target\":{\"@type\":\"EntryPoint\",\"urlTemplate\":\"https:\/\/szkoleniasokrates.pl\/?s={search_term_string}\"},\"query-input\":\"required name=search_term_string\"}],\"inLanguage\":\"en-US\"},{\"@type\":\"Organization\",\"@id\":\"https:\/\/szkoleniasokrates.pl\/#organization\",\"name\":\"Szkolenia Sokrates\",\"url\":\"https:\/\/szkoleniasokrates.pl\/\",\"logo\":{\"@type\":\"ImageObject\",\"inLanguage\":\"en-US\",\"@id\":\"https:\/\/szkoleniasokrates.pl\/#\/schema\/logo\/image\/\",\"url\":\"https:\/\/szkoleniasokrates.pl\/wp-content\/uploads\/2022\/05\/cropped-LOGO-2.png\",\"contentUrl\":\"https:\/\/szkoleniasokrates.pl\/wp-content\/uploads\/2022\/05\/cropped-LOGO-2.png\",\"width\":150,\"height\":45,\"caption\":\"Szkolenia Sokrates\"},\"image\":{\"@id\":\"https:\/\/szkoleniasokrates.pl\/#\/schema\/logo\/image\/\"}}]}<\/script>\n<!-- \/ Yoast SEO plugin. -->","yoast_head_json":{"title":"Analiza rysunku dziecka - Szkolenia Sokrates","description":"Analiza rysunku dziecka szkolenie, w kt\u00f3rym dowiesz si\u0119 jak w zakresie diagnozy wykorzysta\u0107 rysunki dzieci i uczni\u00f3w w procesie komunikacji","robots":{"index":"index","follow":"follow","max-snippet":"max-snippet:-1","max-image-preview":"max-image-preview:large","max-video-preview":"max-video-preview:-1"},"canonical":"https:\/\/szkoleniasokrates.pl\/en\/product\/analiza-rysunku-dziecka\/","og_locale":"en_US","og_type":"article","og_title":"Analiza rysunku dziecka - Szkolenia Sokrates","og_description":"Analiza rysunku dziecka szkolenie, w kt\u00f3rym dowiesz si\u0119 jak w zakresie diagnozy wykorzysta\u0107 rysunki dzieci i uczni\u00f3w w procesie komunikacji","og_url":"https:\/\/szkoleniasokrates.pl\/en\/product\/analiza-rysunku-dziecka\/","og_site_name":"Szkolenia Sokrates","og_image":[{"width":500,"height":357,"url":"https:\/\/szkoleniasokrates.pl\/wp-content\/uploads\/2022\/07\/mini-12-min.png","type":"image\/png"}],"twitter_card":"summary_large_image","twitter_misc":{"Est. reading time":"1 minute"},"schema":{"@context":"https:\/\/schema.org","@graph":[{"@type":"WebPage","@id":"https:\/\/szkoleniasokrates.pl\/produkt\/analiza-rysunku-dziecka\/","url":"https:\/\/szkoleniasokrates.pl\/produkt\/analiza-rysunku-dziecka\/","name":"Analiza rysunku dziecka - Szkolenia Sokrates","isPartOf":{"@id":"https:\/\/szkoleniasokrates.pl\/#website"},"datePublished":"2024-04-12T12:25:52+00:00","dateModified":"2024-04-12T12:25:52+00:00","description":"Analiza rysunku dziecka szkolenie, w kt\u00f3rym dowiesz si\u0119 jak w zakresie diagnozy wykorzysta\u0107 rysunki dzieci i uczni\u00f3w w procesie komunikacji","breadcrumb":{"@id":"https:\/\/szkoleniasokrates.pl\/produkt\/analiza-rysunku-dziecka\/#breadcrumb"},"inLanguage":"en-US","potentialAction":[{"@type":"ReadAction","target":["https:\/\/szkoleniasokrates.pl\/produkt\/analiza-rysunku-dziecka\/"]}]},{"@type":"BreadcrumbList","@id":"https:\/\/szkoleniasokrates.pl\/produkt\/analiza-rysunku-dziecka\/#breadcrumb","itemListElement":[{"@type":"ListItem","position":1,"name":"Home","item":"https:\/\/szkoleniasokrates.pl\/"},{"@type":"ListItem","position":2,"name":"Sklep","item":"https:\/\/szkoleniasokrates.pl\/sklep\/"},{"@type":"ListItem","position":3,"name":"Analiza rysunku dziecka"}]},{"@type":"WebSite","@id":"https:\/\/szkoleniasokrates.pl\/#website","url":"https:\/\/szkoleniasokrates.pl\/","name":"Szkolenia Sokrates","description":"Grupa Edukacyjno-Szkoleniowa","publisher":{"@id":"https:\/\/szkoleniasokrates.pl\/#organization"},"potentialAction":[{"@type":"SearchAction","target":{"@type":"EntryPoint","urlTemplate":"https:\/\/szkoleniasokrates.pl\/?s={search_term_string}"},"query-input":"required name=search_term_string"}],"inLanguage":"en-US"},{"@type":"Organization","@id":"https:\/\/szkoleniasokrates.pl\/#organization","name":"Szkolenia Sokrates","url":"https:\/\/szkoleniasokrates.pl\/","logo":{"@type":"ImageObject","inLanguage":"en-US","@id":"https:\/\/szkoleniasokrates.pl\/#\/schema\/logo\/image\/","url":"https:\/\/szkoleniasokrates.pl\/wp-content\/uploads\/2022\/05\/cropped-LOGO-2.png","contentUrl":"https:\/\/szkoleniasokrates.pl\/wp-content\/uploads\/2022\/05\/cropped-LOGO-2.png","width":150,"height":45,"caption":"Szkolenia Sokrates"},"image":{"@id":"https:\/\/szkoleniasokrates.pl\/#\/schema\/logo\/image\/"}}]}},"_links":{"self":[{"href":"https:\/\/szkoleniasokrates.pl\/en\/wp-json\/wp\/v2\/product\/9740","targetHints":{"allow":["GET"]}}],"collection":[{"href":"https:\/\/szkoleniasokrates.pl\/en\/wp-json\/wp\/v2\/product"}],"about":[{"href":"https:\/\/szkoleniasokrates.pl\/en\/wp-json\/wp\/v2\/types\/product"}],"replies":[{"embeddable":true,"href":"https:\/\/szkoleniasokrates.pl\/en\/wp-json\/wp\/v2\/comments?post=9740"}],"version-history":[{"count":1,"href":"https:\/\/szkoleniasokrates.pl\/en\/wp-json\/wp\/v2\/product\/9740\/revisions"}],"predecessor-version":[{"id":9741,"href":"https:\/\/szkoleniasokrates.pl\/en\/wp-json\/wp\/v2\/product\/9740\/revisions\/9741"}],"wp:featuredmedia":[{"embeddable":true,"href":"https:\/\/szkoleniasokrates.pl\/en\/wp-json\/wp\/v2\/media\/9347"}],"wp:attachment":[{"href":"https:\/\/szkoleniasokrates.pl\/en\/wp-json\/wp\/v2\/media?parent=9740"}],"wp:term":[{"taxonomy":"product_cat","embeddable":true,"href":"https:\/\/szkoleniasokrates.pl\/en\/wp-json\/wp\/v2\/product_cat?post=9740"},{"taxonomy":"product_tag","embeddable":true,"href":"https:\/\/szkoleniasokrates.pl\/en\/wp-json\/wp\/v2\/product_tag?post=9740"}],"curies":[{"name":"wp","href":"https:\/\/api.w.org\/{rel}","templated":true}]}}