{"id":9752,"date":"2024-05-07T11:10:52","date_gmt":"2024-05-07T09:10:52","guid":{"rendered":"https:\/\/szkoleniasokrates.pl\/?post_type=product&#038;p=9752"},"modified":"2024-05-07T11:10:52","modified_gmt":"2024-05-07T09:10:52","slug":"jak-stres-cyfrowy-wplywa-na-wypalenie-zawodowe-nauczycieli","status":"publish","type":"product","link":"https:\/\/szkoleniasokrates.pl\/en\/product\/jak-stres-cyfrowy-wplywa-na-wypalenie-zawodowe-nauczycieli\/","title":{"rendered":"13.05.2024 Jak stres cyfrowy wp\u0142ywa na wypalenie zawodowe nauczycieli? Higiena cyfrowa w pracy nauczyciela."},"content":{"rendered":"<p>Higiena cyfrowa to zesp\u00f3\u0142 czynno\u015bci i postaw, kt\u00f3re maj\u0105 zapewni\u0107 nam bezpieczne u\u017cytkowanie urz\u0105dze\u0144 elektronicznych oraz nowoczesnych technologii, w taki spos\u00f3b, aby nie stanowi\u0142o ono zagro\u017cenia dla naszego \u017cycia i zdrowia. Stres cyfrowy w pracy nauczyciela \u2013 czy mo\u017ce prowadzi\u0107 do wypalenia zawodowego lub depresji? Celem szkolenia jest zapoznanie uczestnik\u00f3w z czynnikami okre\u015blaj\u0105cymi zaburzenia higieny cyfrowej zar\u00f3wno u uczni\u00f3w jak i nauczycieli. Przedstawienie nauczycielom wynik\u00f3w bada\u0144 naukowych dotycz\u0105cych u\u017cytkowania narz\u0119dzi TIK oraz wypalenia zawodowego nauczycieli.<\/p>\n<p style=\"font-weight: 400;\"><strong>Przyk\u0142adowe zagadnienia:<\/strong><\/p>\n<ol style=\"font-weight: 400;\">\n<li>Om\u00f3wienie zagadnienia higieny cyfrowej.<\/li>\n<li>Stres cyfrowy \u2013 fakty i mity.<\/li>\n<li>Cyberzaburzenia jak \u017ar\u00f3d\u0142o stresu tak\u017ce w pracy nauczyciela.<\/li>\n<li>Wypalenie zawodowe, a urlop dla poratowania zdrowia.<\/li>\n<li>Badanie zdrowia psychicznego i fizycznego nauczycieli \u2013 badania naukowe Centralnego Instytutu Ochrony Pracy \u2013 Pa\u0144stwowego Instytutu Badawczego.<\/li>\n<li>Zasady higieny cyfrowej \u2013 jak nie uzale\u017cni\u0107 si\u0119 od korzystania z narz\u0119dzi TIK?<\/li>\n<li>Smartfon? Tak, ale z g\u0142ow\u0105 \u2013 om\u00f3wienie wniosk\u00f3w raportu z bada\u0144 naukowych.<\/li>\n<li>Jak smartfony niszcz\u0105 nasze cia\u0142a \u2013 czyli jak maszyny w naszych d\u0142oniach wp\u0142ywaj\u0105 na ludzki szkielet.<\/li>\n<\/ol>\n<p>&nbsp;<\/p>\n<p style=\"font-weight: 400;\"><strong><em>Termin szkolenia: 13.05.2024 r. godzina 16:30 \u00a0\u00a0\u00a0\u00a0\u00a0 \u00a0\u00a0\u00a0\u00a0\u00a0\u00a0\u00a0\u00a0\u00a0<\/em><\/strong><\/p>\n<p style=\"font-weight: 400;\"><strong><em>Miejsce szkolenia: online na platformie CLICK MEETING<\/em><\/strong><\/p>\n<p style=\"font-weight: 400;\"><strong><em>Cena szkolenia 169 z\u0142\/os &#8211; liczba miejsc ograniczona<\/em><\/strong><\/p>\n<p style=\"font-weight: 400;\">W przypadku zbyt ma\u0142ej ilo\u015bci os\u00f3b mo\u017cliwa jest zmiana terminu.<\/p>\n<p style=\"font-weight: 400;\">\n<p><strong>Link do wydarzenia otrzymasz najp\u00f3\u017aniej w dniu szkolenia. <\/strong><\/p>\n<p style=\"font-weight: 400;\"><strong><em>\u00a0<\/em><\/strong><\/p>","protected":false},"excerpt":{"rendered":"<p>Higiena cyfrowa to zesp\u00f3\u0142 czynno\u015bci i postaw, kt\u00f3re maj\u0105 zapewni\u0107 nam bezpieczne u\u017cytkowanie urz\u0105dze\u0144 elektronicznych oraz nowoczesnych technologii, w taki<\/p>","protected":false},"featured_media":0,"comment_status":"closed","ping_status":"closed","template":"","meta":[],"product_cat":[15],"product_tag":[],"class_list":{"0":"post-9752","1":"product","2":"type-product","3":"status-publish","5":"product_cat-bez-kategorii","7":"first","8":"instock","9":"virtual","10":"purchasable","11":"product-type-simple"},"yoast_head":"<!-- This site is optimized with the Yoast SEO plugin v19.9 - https:\/\/yoast.com\/wordpress\/plugins\/seo\/ -->\n<title>13.05.2024 Jak stres cyfrowy wp\u0142ywa na wypalenie zawodowe nauczycieli? Higiena cyfrowa w pracy nauczyciela. - Szkolenia Sokrates<\/title>\n<meta name=\"description\" content=\"Higiena cyfrowa to zesp\u00f3\u0142 czynno\u015bci i postaw, kt\u00f3re maj\u0105 zapewni\u0107 nam bezpieczne u\u017cytkowanie urz\u0105dze\u0144 elektronicznych oraz nowoczesnych technologii\" \/>\n<meta name=\"robots\" content=\"index, follow, max-snippet:-1, max-image-preview:large, max-video-preview:-1\" \/>\n<link rel=\"canonical\" href=\"https:\/\/szkoleniasokrates.pl\/en\/product\/jak-stres-cyfrowy-wplywa-na-wypalenie-zawodowe-nauczycieli\/\" \/>\n<meta property=\"og:locale\" content=\"en_US\" \/>\n<meta property=\"og:type\" content=\"article\" \/>\n<meta property=\"og:title\" content=\"13.05.2024 Jak stres cyfrowy wp\u0142ywa na wypalenie zawodowe nauczycieli? Higiena cyfrowa w pracy nauczyciela. - Szkolenia Sokrates\" \/>\n<meta property=\"og:description\" content=\"Higiena cyfrowa to zesp\u00f3\u0142 czynno\u015bci i postaw, kt\u00f3re maj\u0105 zapewni\u0107 nam bezpieczne u\u017cytkowanie urz\u0105dze\u0144 elektronicznych oraz nowoczesnych technologii\" \/>\n<meta property=\"og:url\" content=\"https:\/\/szkoleniasokrates.pl\/en\/product\/jak-stres-cyfrowy-wplywa-na-wypalenie-zawodowe-nauczycieli\/\" \/>\n<meta property=\"og:site_name\" content=\"Szkolenia Sokrates\" \/>\n<meta name=\"twitter:card\" content=\"summary_large_image\" \/>\n<meta name=\"twitter:label1\" content=\"Est. reading time\" \/>\n\t<meta name=\"twitter:data1\" content=\"1 minute\" \/>\n<script type=\"application\/ld+json\" class=\"yoast-schema-graph\">{\"@context\":\"https:\/\/schema.org\",\"@graph\":[{\"@type\":\"WebPage\",\"@id\":\"https:\/\/szkoleniasokrates.pl\/produkt\/jak-stres-cyfrowy-wplywa-na-wypalenie-zawodowe-nauczycieli\/\",\"url\":\"https:\/\/szkoleniasokrates.pl\/produkt\/jak-stres-cyfrowy-wplywa-na-wypalenie-zawodowe-nauczycieli\/\",\"name\":\"13.05.2024 Jak stres cyfrowy wp\u0142ywa na wypalenie zawodowe nauczycieli? Higiena cyfrowa w pracy nauczyciela. - Szkolenia Sokrates\",\"isPartOf\":{\"@id\":\"https:\/\/szkoleniasokrates.pl\/#website\"},\"datePublished\":\"2024-05-07T09:10:52+00:00\",\"dateModified\":\"2024-05-07T09:10:52+00:00\",\"description\":\"Higiena cyfrowa to zesp\u00f3\u0142 czynno\u015bci i postaw, kt\u00f3re maj\u0105 zapewni\u0107 nam bezpieczne u\u017cytkowanie urz\u0105dze\u0144 elektronicznych oraz nowoczesnych technologii\",\"breadcrumb\":{\"@id\":\"https:\/\/szkoleniasokrates.pl\/produkt\/jak-stres-cyfrowy-wplywa-na-wypalenie-zawodowe-nauczycieli\/#breadcrumb\"},\"inLanguage\":\"en-US\",\"potentialAction\":[{\"@type\":\"ReadAction\",\"target\":[\"https:\/\/szkoleniasokrates.pl\/produkt\/jak-stres-cyfrowy-wplywa-na-wypalenie-zawodowe-nauczycieli\/\"]}]},{\"@type\":\"BreadcrumbList\",\"@id\":\"https:\/\/szkoleniasokrates.pl\/produkt\/jak-stres-cyfrowy-wplywa-na-wypalenie-zawodowe-nauczycieli\/#breadcrumb\",\"itemListElement\":[{\"@type\":\"ListItem\",\"position\":1,\"name\":\"Home\",\"item\":\"https:\/\/szkoleniasokrates.pl\/\"},{\"@type\":\"ListItem\",\"position\":2,\"name\":\"Sklep\",\"item\":\"https:\/\/szkoleniasokrates.pl\/sklep\/\"},{\"@type\":\"ListItem\",\"position\":3,\"name\":\"13.05.2024 Jak stres cyfrowy wp\u0142ywa na wypalenie zawodowe nauczycieli? Higiena cyfrowa w pracy nauczyciela.\"}]},{\"@type\":\"WebSite\",\"@id\":\"https:\/\/szkoleniasokrates.pl\/#website\",\"url\":\"https:\/\/szkoleniasokrates.pl\/\",\"name\":\"Szkolenia Sokrates\",\"description\":\"Grupa Edukacyjno-Szkoleniowa\",\"publisher\":{\"@id\":\"https:\/\/szkoleniasokrates.pl\/#organization\"},\"potentialAction\":[{\"@type\":\"SearchAction\",\"target\":{\"@type\":\"EntryPoint\",\"urlTemplate\":\"https:\/\/szkoleniasokrates.pl\/?s={search_term_string}\"},\"query-input\":\"required name=search_term_string\"}],\"inLanguage\":\"en-US\"},{\"@type\":\"Organization\",\"@id\":\"https:\/\/szkoleniasokrates.pl\/#organization\",\"name\":\"Szkolenia Sokrates\",\"url\":\"https:\/\/szkoleniasokrates.pl\/\",\"logo\":{\"@type\":\"ImageObject\",\"inLanguage\":\"en-US\",\"@id\":\"https:\/\/szkoleniasokrates.pl\/#\/schema\/logo\/image\/\",\"url\":\"https:\/\/szkoleniasokrates.pl\/wp-content\/uploads\/2022\/05\/cropped-LOGO-2.png\",\"contentUrl\":\"https:\/\/szkoleniasokrates.pl\/wp-content\/uploads\/2022\/05\/cropped-LOGO-2.png\",\"width\":150,\"height\":45,\"caption\":\"Szkolenia Sokrates\"},\"image\":{\"@id\":\"https:\/\/szkoleniasokrates.pl\/#\/schema\/logo\/image\/\"}}]}<\/script>\n<!-- \/ Yoast SEO plugin. -->","yoast_head_json":{"title":"13.05.2024 Jak stres cyfrowy wp\u0142ywa na wypalenie zawodowe nauczycieli? Higiena cyfrowa w pracy nauczyciela. - Szkolenia Sokrates","description":"Higiena cyfrowa to zesp\u00f3\u0142 czynno\u015bci i postaw, kt\u00f3re maj\u0105 zapewni\u0107 nam bezpieczne u\u017cytkowanie urz\u0105dze\u0144 elektronicznych oraz nowoczesnych technologii","robots":{"index":"index","follow":"follow","max-snippet":"max-snippet:-1","max-image-preview":"max-image-preview:large","max-video-preview":"max-video-preview:-1"},"canonical":"https:\/\/szkoleniasokrates.pl\/en\/product\/jak-stres-cyfrowy-wplywa-na-wypalenie-zawodowe-nauczycieli\/","og_locale":"en_US","og_type":"article","og_title":"13.05.2024 Jak stres cyfrowy wp\u0142ywa na wypalenie zawodowe nauczycieli? Higiena cyfrowa w pracy nauczyciela. - Szkolenia Sokrates","og_description":"Higiena cyfrowa to zesp\u00f3\u0142 czynno\u015bci i postaw, kt\u00f3re maj\u0105 zapewni\u0107 nam bezpieczne u\u017cytkowanie urz\u0105dze\u0144 elektronicznych oraz nowoczesnych technologii","og_url":"https:\/\/szkoleniasokrates.pl\/en\/product\/jak-stres-cyfrowy-wplywa-na-wypalenie-zawodowe-nauczycieli\/","og_site_name":"Szkolenia Sokrates","twitter_card":"summary_large_image","twitter_misc":{"Est. reading time":"1 minute"},"schema":{"@context":"https:\/\/schema.org","@graph":[{"@type":"WebPage","@id":"https:\/\/szkoleniasokrates.pl\/produkt\/jak-stres-cyfrowy-wplywa-na-wypalenie-zawodowe-nauczycieli\/","url":"https:\/\/szkoleniasokrates.pl\/produkt\/jak-stres-cyfrowy-wplywa-na-wypalenie-zawodowe-nauczycieli\/","name":"13.05.2024 Jak stres cyfrowy wp\u0142ywa na wypalenie zawodowe nauczycieli? Higiena cyfrowa w pracy nauczyciela. - Szkolenia Sokrates","isPartOf":{"@id":"https:\/\/szkoleniasokrates.pl\/#website"},"datePublished":"2024-05-07T09:10:52+00:00","dateModified":"2024-05-07T09:10:52+00:00","description":"Higiena cyfrowa to zesp\u00f3\u0142 czynno\u015bci i postaw, kt\u00f3re maj\u0105 zapewni\u0107 nam bezpieczne u\u017cytkowanie urz\u0105dze\u0144 elektronicznych oraz nowoczesnych technologii","breadcrumb":{"@id":"https:\/\/szkoleniasokrates.pl\/produkt\/jak-stres-cyfrowy-wplywa-na-wypalenie-zawodowe-nauczycieli\/#breadcrumb"},"inLanguage":"en-US","potentialAction":[{"@type":"ReadAction","target":["https:\/\/szkoleniasokrates.pl\/produkt\/jak-stres-cyfrowy-wplywa-na-wypalenie-zawodowe-nauczycieli\/"]}]},{"@type":"BreadcrumbList","@id":"https:\/\/szkoleniasokrates.pl\/produkt\/jak-stres-cyfrowy-wplywa-na-wypalenie-zawodowe-nauczycieli\/#breadcrumb","itemListElement":[{"@type":"ListItem","position":1,"name":"Home","item":"https:\/\/szkoleniasokrates.pl\/"},{"@type":"ListItem","position":2,"name":"Sklep","item":"https:\/\/szkoleniasokrates.pl\/sklep\/"},{"@type":"ListItem","position":3,"name":"13.05.2024 Jak stres cyfrowy wp\u0142ywa na wypalenie zawodowe nauczycieli? Higiena cyfrowa w pracy nauczyciela."}]},{"@type":"WebSite","@id":"https:\/\/szkoleniasokrates.pl\/#website","url":"https:\/\/szkoleniasokrates.pl\/","name":"Szkolenia Sokrates","description":"Grupa Edukacyjno-Szkoleniowa","publisher":{"@id":"https:\/\/szkoleniasokrates.pl\/#organization"},"potentialAction":[{"@type":"SearchAction","target":{"@type":"EntryPoint","urlTemplate":"https:\/\/szkoleniasokrates.pl\/?s={search_term_string}"},"query-input":"required name=search_term_string"}],"inLanguage":"en-US"},{"@type":"Organization","@id":"https:\/\/szkoleniasokrates.pl\/#organization","name":"Szkolenia Sokrates","url":"https:\/\/szkoleniasokrates.pl\/","logo":{"@type":"ImageObject","inLanguage":"en-US","@id":"https:\/\/szkoleniasokrates.pl\/#\/schema\/logo\/image\/","url":"https:\/\/szkoleniasokrates.pl\/wp-content\/uploads\/2022\/05\/cropped-LOGO-2.png","contentUrl":"https:\/\/szkoleniasokrates.pl\/wp-content\/uploads\/2022\/05\/cropped-LOGO-2.png","width":150,"height":45,"caption":"Szkolenia Sokrates"},"image":{"@id":"https:\/\/szkoleniasokrates.pl\/#\/schema\/logo\/image\/"}}]}},"_links":{"self":[{"href":"https:\/\/szkoleniasokrates.pl\/en\/wp-json\/wp\/v2\/product\/9752","targetHints":{"allow":["GET"]}}],"collection":[{"href":"https:\/\/szkoleniasokrates.pl\/en\/wp-json\/wp\/v2\/product"}],"about":[{"href":"https:\/\/szkoleniasokrates.pl\/en\/wp-json\/wp\/v2\/types\/product"}],"replies":[{"embeddable":true,"href":"https:\/\/szkoleniasokrates.pl\/en\/wp-json\/wp\/v2\/comments?post=9752"}],"version-history":[{"count":1,"href":"https:\/\/szkoleniasokrates.pl\/en\/wp-json\/wp\/v2\/product\/9752\/revisions"}],"predecessor-version":[{"id":9753,"href":"https:\/\/szkoleniasokrates.pl\/en\/wp-json\/wp\/v2\/product\/9752\/revisions\/9753"}],"wp:attachment":[{"href":"https:\/\/szkoleniasokrates.pl\/en\/wp-json\/wp\/v2\/media?parent=9752"}],"wp:term":[{"taxonomy":"product_cat","embeddable":true,"href":"https:\/\/szkoleniasokrates.pl\/en\/wp-json\/wp\/v2\/product_cat?post=9752"},{"taxonomy":"product_tag","embeddable":true,"href":"https:\/\/szkoleniasokrates.pl\/en\/wp-json\/wp\/v2\/product_tag?post=9752"}],"curies":[{"name":"wp","href":"https:\/\/api.w.org\/{rel}","templated":true}]}}