{"id":9856,"date":"2024-12-11T09:06:09","date_gmt":"2024-12-11T08:06:09","guid":{"rendered":"https:\/\/szkoleniasokrates.pl\/?post_type=product&#038;p=9856"},"modified":"2024-12-11T09:30:29","modified_gmt":"2024-12-11T08:30:29","slug":"cyberbezpieczenstwo-monika-frysz","status":"publish","type":"product","link":"https:\/\/szkoleniasokrates.pl\/en\/product\/cyberbezpieczenstwo-monika-frysz\/","title":{"rendered":"Cyberbezpiecze\u0144stwo w edukacji"},"content":{"rendered":"<ul>\n<li>Kto odpowiada za bezpiecze\u0144stwo w naszym kraju?<\/li>\n<li>DarkNet &#8211; niebezpieczne podziemia Internetu.<\/li>\n<li>Zabezpieczenia przed cyberprzest\u0119pcami &#8211; VPN, antywirus, aktualizacje, silne has\u0142o.<\/li>\n<li>Phishing, monofobia &#8211; jak temu zaradzi\u0107?<\/li>\n<li>Wyzwania dla dzieci i m\u0142odzie\u017cy &#8211; przyk\u0142ady dobrych praktyk.<\/li>\n<li>Prezentacja aktualnych raport\u00f3w &#8211; NASK.<\/li>\n<li>R\u00f3wnowaga offline &#8211; online a uzale\u017cnienie dzieci i m\u0142odzie\u017cy od dost\u0119pu do sieci.<\/li>\n<li>Jak dzieci i m\u0142odzie\u017c sp\u0119dzaj\u0105 czas w Internecie?<\/li>\n<li>Co na ten temat wiedz\u0105 rodzice?<\/li>\n<li>Oversharing i cyfrowy kidnapping &#8211; zagro\u017cenie dzisiejszych czas\u00f3w.<\/li>\n<li>Chatbot &#8211; wirtualny przyjaciel dzieci i m\u0142odzie\u017cy.<\/li>\n<li>Komunikatory internetowe a prywatno\u015b\u0107 &#8211; jakie dane o nas gromadz\u0105?<\/li>\n<li>Patotre\u015bci w sieci. W czym problem? Co robi\u0107?<\/li>\n<li>TikTok &#8211; wsp\u00f3\u0142czesne uzale\u017cnienia dzieci i m\u0142odzie\u017cy.<\/li>\n<li>Czy na TikToku spotkamy tylko niewinne i \u015bmieszne filmiki?<\/li>\n<li>Jaki TikTok ma wp\u0142yw na funkcjonowanie m\u0142odego cz\u0142owieka?<\/li>\n<li>Co to jest ba\u0144ka informacyjna i czy ju\u017c do niej wpadli\u015bmy?<\/li>\n<li>Prawo autorskie a bezpieczne udost\u0119pnianie materia\u0142\u00f3w w sieci.<\/li>\n<li>Zasady bezpiecze\u0144stwa w sieci.<\/li>\n<li>Gdzie szuka\u0107 informacji na temat aktualnych zagro\u017ce\u0144 czyhaj\u0105cych na nas w Internecie?<\/li>\n<li>Higiena cyfrowa.<\/li>\n<\/ul>","protected":false},"excerpt":{"rendered":"<p><img loading=\"lazy\" decoding=\"async\" class=\"alignnone size-medium wp-image-9860\" src=\"https:\/\/szkoleniasokrates.pl\/wp-content\/uploads\/2024\/12\/security-6901712_640-300x169.jpg\" alt=\"\" width=\"300\" height=\"169\" srcset=\"https:\/\/szkoleniasokrates.pl\/wp-content\/uploads\/2024\/12\/security-6901712_640-300x169.jpg 300w, https:\/\/szkoleniasokrates.pl\/wp-content\/uploads\/2024\/12\/security-6901712_640-18x10.jpg 18w, https:\/\/szkoleniasokrates.pl\/wp-content\/uploads\/2024\/12\/security-6901712_640-160x90.jpg 160w, https:\/\/szkoleniasokrates.pl\/wp-content\/uploads\/2024\/12\/security-6901712_640-600x338.jpg 600w, https:\/\/szkoleniasokrates.pl\/wp-content\/uploads\/2024\/12\/security-6901712_640.jpg 640w\" sizes=\"auto, (max-width: 300px) 100vw, 300px\" \/> <img loading=\"lazy\" decoding=\"async\" class=\"alignnone size-medium wp-image-9861\" src=\"https:\/\/szkoleniasokrates.pl\/wp-content\/uploads\/2024\/12\/cyber-security-4072712_640-300x200.jpg\" alt=\"\" width=\"300\" height=\"200\" srcset=\"https:\/\/szkoleniasokrates.pl\/wp-content\/uploads\/2024\/12\/cyber-security-4072712_640-300x200.jpg 300w, https:\/\/szkoleniasokrates.pl\/wp-content\/uploads\/2024\/12\/cyber-security-4072712_640-18x12.jpg 18w, https:\/\/szkoleniasokrates.pl\/wp-content\/uploads\/2024\/12\/cyber-security-4072712_640-600x400.jpg 600w, https:\/\/szkoleniasokrates.pl\/wp-content\/uploads\/2024\/12\/cyber-security-4072712_640.jpg 640w\" sizes=\"auto, (max-width: 300px) 100vw, 300px\" \/><\/p>\n<p>Poznasz zagro\u017cenia, z jakimi mog\u0105 spotka\u0107 si\u0119 dzieci i m\u0142odzie\u017c w Internecie. Phishing, DarkNet, patotre\u015bci i uzale\u017cnienia od medi\u00f3w spo\u0142eczno\u015bciowych.<\/p>","protected":false},"featured_media":9865,"comment_status":"open","ping_status":"closed","template":"","meta":[],"product_cat":[175,128,84],"product_tag":[186,181,177,185,183,178,184,180,182,179],"class_list":{"0":"post-9856","1":"product","2":"type-product","3":"status-publish","4":"has-post-thumbnail","6":"product_cat-dla-rodzica","7":"product_cat-nauczanie-zdalne","8":"product_cat-praca-z-dziecmi","9":"product_tag-komunikatory-internetowe-a-prywatnosc","10":"product_tag-bezpieczenstwo-w-sieci","11":"product_tag-cyberbezpieczenstwo","12":"product_tag-cyfrowy-kidnapping","13":"product_tag-higiena-cyfrowa","14":"product_tag-monika-frysz","15":"product_tag-oversharing","16":"product_tag-phishing","17":"product_tag-sokrates","18":"product_tag-szkolenie","20":"first","21":"instock","22":"virtual","23":"purchasable","24":"product-type-simple"},"yoast_head":"<!-- This site is optimized with the Yoast SEO plugin v19.9 - https:\/\/yoast.com\/wordpress\/plugins\/seo\/ -->\n<title>Cyberbezpiecze\u0144stwo w edukacji - Szkolenia Sokrates<\/title>\n<meta name=\"description\" content=\"Poznasz zagro\u017cenia, z jakimi mog\u0105 spotka\u0107 si\u0119 dzieci i m\u0142odzie\u017c w Internecie. Phishing, DarkNet, patotre\u015bci i uzale\u017cnienia od medi\u00f3w spo\u0142eczno\u015bciowych.\" \/>\n<meta name=\"robots\" content=\"index, follow, max-snippet:-1, max-image-preview:large, max-video-preview:-1\" \/>\n<link rel=\"canonical\" href=\"https:\/\/szkoleniasokrates.pl\/en\/product\/cyberbezpieczenstwo-monika-frysz\/\" \/>\n<meta property=\"og:locale\" content=\"en_US\" \/>\n<meta property=\"og:type\" content=\"article\" \/>\n<meta property=\"og:title\" content=\"Cyberbezpiecze\u0144stwo w edukacji - Szkolenia Sokrates\" \/>\n<meta property=\"og:description\" content=\"Poznasz zagro\u017cenia, z jakimi mog\u0105 spotka\u0107 si\u0119 dzieci i m\u0142odzie\u017c w Internecie. Phishing, DarkNet, patotre\u015bci i uzale\u017cnienia od medi\u00f3w spo\u0142eczno\u015bciowych.\" \/>\n<meta property=\"og:url\" content=\"https:\/\/szkoleniasokrates.pl\/en\/product\/cyberbezpieczenstwo-monika-frysz\/\" \/>\n<meta property=\"og:site_name\" content=\"Szkolenia Sokrates\" \/>\n<meta property=\"article:modified_time\" content=\"2024-12-11T08:30:29+00:00\" \/>\n<meta property=\"og:image\" content=\"https:\/\/szkoleniasokrates.pl\/wp-content\/uploads\/2024\/12\/security-6901712_640-1.jpg\" \/>\n\t<meta property=\"og:image:width\" content=\"640\" \/>\n\t<meta property=\"og:image:height\" content=\"360\" \/>\n\t<meta property=\"og:image:type\" content=\"image\/jpeg\" \/>\n<meta name=\"twitter:card\" content=\"summary_large_image\" \/>\n<meta name=\"twitter:label1\" content=\"Est. reading time\" \/>\n\t<meta name=\"twitter:data1\" content=\"1 minute\" \/>\n<script type=\"application\/ld+json\" class=\"yoast-schema-graph\">{\"@context\":\"https:\/\/schema.org\",\"@graph\":[{\"@type\":\"WebPage\",\"@id\":\"https:\/\/szkoleniasokrates.pl\/produkt\/cyberbezpieczenstwo-monika-frysz\/\",\"url\":\"https:\/\/szkoleniasokrates.pl\/produkt\/cyberbezpieczenstwo-monika-frysz\/\",\"name\":\"Cyberbezpiecze\u0144stwo w edukacji - Szkolenia Sokrates\",\"isPartOf\":{\"@id\":\"https:\/\/szkoleniasokrates.pl\/#website\"},\"datePublished\":\"2024-12-11T08:06:09+00:00\",\"dateModified\":\"2024-12-11T08:30:29+00:00\",\"description\":\"Poznasz zagro\u017cenia, z jakimi mog\u0105 spotka\u0107 si\u0119 dzieci i m\u0142odzie\u017c w Internecie. Phishing, DarkNet, patotre\u015bci i uzale\u017cnienia od medi\u00f3w spo\u0142eczno\u015bciowych.\",\"breadcrumb\":{\"@id\":\"https:\/\/szkoleniasokrates.pl\/produkt\/cyberbezpieczenstwo-monika-frysz\/#breadcrumb\"},\"inLanguage\":\"en-US\",\"potentialAction\":[{\"@type\":\"ReadAction\",\"target\":[\"https:\/\/szkoleniasokrates.pl\/produkt\/cyberbezpieczenstwo-monika-frysz\/\"]}]},{\"@type\":\"BreadcrumbList\",\"@id\":\"https:\/\/szkoleniasokrates.pl\/produkt\/cyberbezpieczenstwo-monika-frysz\/#breadcrumb\",\"itemListElement\":[{\"@type\":\"ListItem\",\"position\":1,\"name\":\"Home\",\"item\":\"https:\/\/szkoleniasokrates.pl\/\"},{\"@type\":\"ListItem\",\"position\":2,\"name\":\"Sklep\",\"item\":\"https:\/\/szkoleniasokrates.pl\/sklep\/\"},{\"@type\":\"ListItem\",\"position\":3,\"name\":\"Cyberbezpiecze\u0144stwo w edukacji\"}]},{\"@type\":\"WebSite\",\"@id\":\"https:\/\/szkoleniasokrates.pl\/#website\",\"url\":\"https:\/\/szkoleniasokrates.pl\/\",\"name\":\"Szkolenia Sokrates\",\"description\":\"Grupa Edukacyjno-Szkoleniowa\",\"publisher\":{\"@id\":\"https:\/\/szkoleniasokrates.pl\/#organization\"},\"potentialAction\":[{\"@type\":\"SearchAction\",\"target\":{\"@type\":\"EntryPoint\",\"urlTemplate\":\"https:\/\/szkoleniasokrates.pl\/?s={search_term_string}\"},\"query-input\":\"required name=search_term_string\"}],\"inLanguage\":\"en-US\"},{\"@type\":\"Organization\",\"@id\":\"https:\/\/szkoleniasokrates.pl\/#organization\",\"name\":\"Szkolenia Sokrates\",\"url\":\"https:\/\/szkoleniasokrates.pl\/\",\"logo\":{\"@type\":\"ImageObject\",\"inLanguage\":\"en-US\",\"@id\":\"https:\/\/szkoleniasokrates.pl\/#\/schema\/logo\/image\/\",\"url\":\"https:\/\/szkoleniasokrates.pl\/wp-content\/uploads\/2022\/05\/cropped-LOGO-2.png\",\"contentUrl\":\"https:\/\/szkoleniasokrates.pl\/wp-content\/uploads\/2022\/05\/cropped-LOGO-2.png\",\"width\":150,\"height\":45,\"caption\":\"Szkolenia Sokrates\"},\"image\":{\"@id\":\"https:\/\/szkoleniasokrates.pl\/#\/schema\/logo\/image\/\"}}]}<\/script>\n<!-- \/ Yoast SEO plugin. -->","yoast_head_json":{"title":"Cyberbezpiecze\u0144stwo w edukacji - Szkolenia Sokrates","description":"Poznasz zagro\u017cenia, z jakimi mog\u0105 spotka\u0107 si\u0119 dzieci i m\u0142odzie\u017c w Internecie. Phishing, DarkNet, patotre\u015bci i uzale\u017cnienia od medi\u00f3w spo\u0142eczno\u015bciowych.","robots":{"index":"index","follow":"follow","max-snippet":"max-snippet:-1","max-image-preview":"max-image-preview:large","max-video-preview":"max-video-preview:-1"},"canonical":"https:\/\/szkoleniasokrates.pl\/en\/product\/cyberbezpieczenstwo-monika-frysz\/","og_locale":"en_US","og_type":"article","og_title":"Cyberbezpiecze\u0144stwo w edukacji - Szkolenia Sokrates","og_description":"Poznasz zagro\u017cenia, z jakimi mog\u0105 spotka\u0107 si\u0119 dzieci i m\u0142odzie\u017c w Internecie. Phishing, DarkNet, patotre\u015bci i uzale\u017cnienia od medi\u00f3w spo\u0142eczno\u015bciowych.","og_url":"https:\/\/szkoleniasokrates.pl\/en\/product\/cyberbezpieczenstwo-monika-frysz\/","og_site_name":"Szkolenia Sokrates","article_modified_time":"2024-12-11T08:30:29+00:00","og_image":[{"width":640,"height":360,"url":"https:\/\/szkoleniasokrates.pl\/wp-content\/uploads\/2024\/12\/security-6901712_640-1.jpg","type":"image\/jpeg"}],"twitter_card":"summary_large_image","twitter_misc":{"Est. reading time":"1 minute"},"schema":{"@context":"https:\/\/schema.org","@graph":[{"@type":"WebPage","@id":"https:\/\/szkoleniasokrates.pl\/produkt\/cyberbezpieczenstwo-monika-frysz\/","url":"https:\/\/szkoleniasokrates.pl\/produkt\/cyberbezpieczenstwo-monika-frysz\/","name":"Cyberbezpiecze\u0144stwo w edukacji - Szkolenia Sokrates","isPartOf":{"@id":"https:\/\/szkoleniasokrates.pl\/#website"},"datePublished":"2024-12-11T08:06:09+00:00","dateModified":"2024-12-11T08:30:29+00:00","description":"Poznasz zagro\u017cenia, z jakimi mog\u0105 spotka\u0107 si\u0119 dzieci i m\u0142odzie\u017c w Internecie. Phishing, DarkNet, patotre\u015bci i uzale\u017cnienia od medi\u00f3w spo\u0142eczno\u015bciowych.","breadcrumb":{"@id":"https:\/\/szkoleniasokrates.pl\/produkt\/cyberbezpieczenstwo-monika-frysz\/#breadcrumb"},"inLanguage":"en-US","potentialAction":[{"@type":"ReadAction","target":["https:\/\/szkoleniasokrates.pl\/produkt\/cyberbezpieczenstwo-monika-frysz\/"]}]},{"@type":"BreadcrumbList","@id":"https:\/\/szkoleniasokrates.pl\/produkt\/cyberbezpieczenstwo-monika-frysz\/#breadcrumb","itemListElement":[{"@type":"ListItem","position":1,"name":"Home","item":"https:\/\/szkoleniasokrates.pl\/"},{"@type":"ListItem","position":2,"name":"Sklep","item":"https:\/\/szkoleniasokrates.pl\/sklep\/"},{"@type":"ListItem","position":3,"name":"Cyberbezpiecze\u0144stwo w edukacji"}]},{"@type":"WebSite","@id":"https:\/\/szkoleniasokrates.pl\/#website","url":"https:\/\/szkoleniasokrates.pl\/","name":"Szkolenia Sokrates","description":"Grupa Edukacyjno-Szkoleniowa","publisher":{"@id":"https:\/\/szkoleniasokrates.pl\/#organization"},"potentialAction":[{"@type":"SearchAction","target":{"@type":"EntryPoint","urlTemplate":"https:\/\/szkoleniasokrates.pl\/?s={search_term_string}"},"query-input":"required name=search_term_string"}],"inLanguage":"en-US"},{"@type":"Organization","@id":"https:\/\/szkoleniasokrates.pl\/#organization","name":"Szkolenia Sokrates","url":"https:\/\/szkoleniasokrates.pl\/","logo":{"@type":"ImageObject","inLanguage":"en-US","@id":"https:\/\/szkoleniasokrates.pl\/#\/schema\/logo\/image\/","url":"https:\/\/szkoleniasokrates.pl\/wp-content\/uploads\/2022\/05\/cropped-LOGO-2.png","contentUrl":"https:\/\/szkoleniasokrates.pl\/wp-content\/uploads\/2022\/05\/cropped-LOGO-2.png","width":150,"height":45,"caption":"Szkolenia Sokrates"},"image":{"@id":"https:\/\/szkoleniasokrates.pl\/#\/schema\/logo\/image\/"}}]}},"_links":{"self":[{"href":"https:\/\/szkoleniasokrates.pl\/en\/wp-json\/wp\/v2\/product\/9856","targetHints":{"allow":["GET"]}}],"collection":[{"href":"https:\/\/szkoleniasokrates.pl\/en\/wp-json\/wp\/v2\/product"}],"about":[{"href":"https:\/\/szkoleniasokrates.pl\/en\/wp-json\/wp\/v2\/types\/product"}],"replies":[{"embeddable":true,"href":"https:\/\/szkoleniasokrates.pl\/en\/wp-json\/wp\/v2\/comments?post=9856"}],"version-history":[{"count":5,"href":"https:\/\/szkoleniasokrates.pl\/en\/wp-json\/wp\/v2\/product\/9856\/revisions"}],"predecessor-version":[{"id":9867,"href":"https:\/\/szkoleniasokrates.pl\/en\/wp-json\/wp\/v2\/product\/9856\/revisions\/9867"}],"wp:featuredmedia":[{"embeddable":true,"href":"https:\/\/szkoleniasokrates.pl\/en\/wp-json\/wp\/v2\/media\/9865"}],"wp:attachment":[{"href":"https:\/\/szkoleniasokrates.pl\/en\/wp-json\/wp\/v2\/media?parent=9856"}],"wp:term":[{"taxonomy":"product_cat","embeddable":true,"href":"https:\/\/szkoleniasokrates.pl\/en\/wp-json\/wp\/v2\/product_cat?post=9856"},{"taxonomy":"product_tag","embeddable":true,"href":"https:\/\/szkoleniasokrates.pl\/en\/wp-json\/wp\/v2\/product_tag?post=9856"}],"curies":[{"name":"wp","href":"https:\/\/api.w.org\/{rel}","templated":true}]}}