{"id":9896,"date":"2025-01-07T13:53:13","date_gmt":"2025-01-07T12:53:13","guid":{"rendered":"https:\/\/szkoleniasokrates.pl\/?post_type=product&#038;p=9896"},"modified":"2025-01-07T13:53:13","modified_gmt":"2025-01-07T12:53:13","slug":"dociekania-filozoficzne-krystian-karcz","status":"publish","type":"product","link":"https:\/\/szkoleniasokrates.pl\/en\/product\/dociekania-filozoficzne-krystian-karcz\/","title":{"rendered":"Dociekania filozoficzne z dzie\u0107mi i m\u0142odzie\u017c\u0105 Krystian Karcz"},"content":{"rendered":"<p>Dociekania filozoficzne z dzie\u0107mi i m\u0142odzie\u017c\u0105 Krystian Karcz<\/p>\n<p>Prowadz\u0105cy szkolenie Krystian Karcz \u2013 magister filozofii ze specjalno\u015bci\u0105 etyka na Uniwersytecie Adama Mickiewicza, nauczyciel mianowany etyki, filozofii, wiedzy o spo\u0142ecze\u0144stwie i edukacji dla bezpiecze\u0144stwa. Za\u0142o\u017cyciel najwi\u0119kszego wirtualnego pokoju nauczycielskiego \u2013 grupy \u201eNauczyciele filozofii i etyki\u201d oraz strony \u201eUcz\u0119 filozofowa\u0107\u201d na Facebooku. Popularyzator filozofii, filozofowania oraz nowoczesnych metod nauczania. Zawsze wierzy\u0142, \u017ce dobra edukacja r\u00f3wna si\u0119 dobrej zabawie, bez wi\u0119kszego zdziwienia przyjmuj\u0105c do wiadomo\u015bci potwierdzenie tego ze strony neuronauk.<\/p>","protected":false},"excerpt":{"rendered":"<p>Dowiedz si\u0119, jak inteligentne ciekawostki dzieci i m\u0142odzie\u017cy s\u0105 dost\u0119pne w przysz\u0142o\u015bci, takie jak kreatywne rozwi\u0105zywanie problem\u00f3w, empatia i ukryte rozwi\u0105zania. Przez pytania, kt\u00f3re otwieraj\u0105 umys\u0142, wspieraj rozw\u00f3j m\u0142odego pokolenia w duchu filozoficznego dociekania.<\/p>","protected":false},"featured_media":9897,"comment_status":"open","ping_status":"closed","template":"","meta":[],"product_cat":[116],"product_tag":[208,207,199,209,182,179],"class_list":{"0":"post-9896","1":"product","2":"type-product","3":"status-publish","4":"has-post-thumbnail","6":"product_cat-filozofowanie","7":"product_tag-dzieci","8":"product_tag-filozofia","9":"product_tag-krystiankarcz","10":"product_tag-mlodziez","11":"product_tag-sokrates","12":"product_tag-szkolenie","14":"first","15":"instock","16":"virtual","17":"purchasable","18":"product-type-simple"},"yoast_head":"<!-- This site is optimized with the Yoast SEO plugin v19.9 - https:\/\/yoast.com\/wordpress\/plugins\/seo\/ -->\n<title>Dociekania filozoficzne z dzie\u0107mi i m\u0142odzie\u017c\u0105 Krystian Karcz - Szkolenia Sokrates<\/title>\n<meta name=\"description\" content=\"Dociekania filozoficzne z dzie\u0107mi i m\u0142odzie\u017c\u0105-szkolenie dla nauczycieli\" \/>\n<meta name=\"robots\" content=\"index, follow, max-snippet:-1, max-image-preview:large, max-video-preview:-1\" \/>\n<link rel=\"canonical\" href=\"https:\/\/szkoleniasokrates.pl\/en\/product\/dociekania-filozoficzne-krystian-karcz\/\" \/>\n<meta property=\"og:locale\" content=\"en_US\" \/>\n<meta property=\"og:type\" content=\"article\" \/>\n<meta property=\"og:title\" content=\"Dociekania filozoficzne z dzie\u0107mi i m\u0142odzie\u017c\u0105 Krystian Karcz - Szkolenia Sokrates\" \/>\n<meta property=\"og:description\" content=\"Dociekania filozoficzne z dzie\u0107mi i m\u0142odzie\u017c\u0105-szkolenie dla nauczycieli\" \/>\n<meta property=\"og:url\" content=\"https:\/\/szkoleniasokrates.pl\/en\/product\/dociekania-filozoficzne-krystian-karcz\/\" \/>\n<meta property=\"og:site_name\" content=\"Szkolenia Sokrates\" \/>\n<meta property=\"og:image\" content=\"https:\/\/szkoleniasokrates.pl\/wp-content\/uploads\/2025\/01\/istockphoto-1838163276-612x612-1.jpg\" \/>\n\t<meta property=\"og:image:width\" content=\"612\" \/>\n\t<meta property=\"og:image:height\" content=\"408\" \/>\n\t<meta property=\"og:image:type\" content=\"image\/jpeg\" \/>\n<meta name=\"twitter:card\" content=\"summary_large_image\" \/>\n<meta name=\"twitter:label1\" content=\"Est. reading time\" \/>\n\t<meta name=\"twitter:data1\" content=\"1 minute\" \/>\n<script type=\"application\/ld+json\" class=\"yoast-schema-graph\">{\"@context\":\"https:\/\/schema.org\",\"@graph\":[{\"@type\":\"WebPage\",\"@id\":\"https:\/\/szkoleniasokrates.pl\/produkt\/dociekania-filozoficzne-krystian-karcz\/\",\"url\":\"https:\/\/szkoleniasokrates.pl\/produkt\/dociekania-filozoficzne-krystian-karcz\/\",\"name\":\"Dociekania filozoficzne z dzie\u0107mi i m\u0142odzie\u017c\u0105 Krystian Karcz - Szkolenia Sokrates\",\"isPartOf\":{\"@id\":\"https:\/\/szkoleniasokrates.pl\/#website\"},\"datePublished\":\"2025-01-07T12:53:13+00:00\",\"dateModified\":\"2025-01-07T12:53:13+00:00\",\"description\":\"Dociekania filozoficzne z dzie\u0107mi i m\u0142odzie\u017c\u0105-szkolenie dla nauczycieli\",\"breadcrumb\":{\"@id\":\"https:\/\/szkoleniasokrates.pl\/produkt\/dociekania-filozoficzne-krystian-karcz\/#breadcrumb\"},\"inLanguage\":\"en-US\",\"potentialAction\":[{\"@type\":\"ReadAction\",\"target\":[\"https:\/\/szkoleniasokrates.pl\/produkt\/dociekania-filozoficzne-krystian-karcz\/\"]}]},{\"@type\":\"BreadcrumbList\",\"@id\":\"https:\/\/szkoleniasokrates.pl\/produkt\/dociekania-filozoficzne-krystian-karcz\/#breadcrumb\",\"itemListElement\":[{\"@type\":\"ListItem\",\"position\":1,\"name\":\"Home\",\"item\":\"https:\/\/szkoleniasokrates.pl\/\"},{\"@type\":\"ListItem\",\"position\":2,\"name\":\"Sklep\",\"item\":\"https:\/\/szkoleniasokrates.pl\/sklep\/\"},{\"@type\":\"ListItem\",\"position\":3,\"name\":\"Dociekania filozoficzne z dzie\u0107mi i m\u0142odzie\u017c\u0105 Krystian Karcz\"}]},{\"@type\":\"WebSite\",\"@id\":\"https:\/\/szkoleniasokrates.pl\/#website\",\"url\":\"https:\/\/szkoleniasokrates.pl\/\",\"name\":\"Szkolenia Sokrates\",\"description\":\"Grupa Edukacyjno-Szkoleniowa\",\"publisher\":{\"@id\":\"https:\/\/szkoleniasokrates.pl\/#organization\"},\"potentialAction\":[{\"@type\":\"SearchAction\",\"target\":{\"@type\":\"EntryPoint\",\"urlTemplate\":\"https:\/\/szkoleniasokrates.pl\/?s={search_term_string}\"},\"query-input\":\"required name=search_term_string\"}],\"inLanguage\":\"en-US\"},{\"@type\":\"Organization\",\"@id\":\"https:\/\/szkoleniasokrates.pl\/#organization\",\"name\":\"Szkolenia Sokrates\",\"url\":\"https:\/\/szkoleniasokrates.pl\/\",\"logo\":{\"@type\":\"ImageObject\",\"inLanguage\":\"en-US\",\"@id\":\"https:\/\/szkoleniasokrates.pl\/#\/schema\/logo\/image\/\",\"url\":\"https:\/\/szkoleniasokrates.pl\/wp-content\/uploads\/2022\/05\/cropped-LOGO-2.png\",\"contentUrl\":\"https:\/\/szkoleniasokrates.pl\/wp-content\/uploads\/2022\/05\/cropped-LOGO-2.png\",\"width\":150,\"height\":45,\"caption\":\"Szkolenia Sokrates\"},\"image\":{\"@id\":\"https:\/\/szkoleniasokrates.pl\/#\/schema\/logo\/image\/\"}}]}<\/script>\n<!-- \/ Yoast SEO plugin. -->","yoast_head_json":{"title":"Dociekania filozoficzne z dzie\u0107mi i m\u0142odzie\u017c\u0105 Krystian Karcz - Szkolenia Sokrates","description":"Dociekania filozoficzne z dzie\u0107mi i m\u0142odzie\u017c\u0105-szkolenie dla nauczycieli","robots":{"index":"index","follow":"follow","max-snippet":"max-snippet:-1","max-image-preview":"max-image-preview:large","max-video-preview":"max-video-preview:-1"},"canonical":"https:\/\/szkoleniasokrates.pl\/en\/product\/dociekania-filozoficzne-krystian-karcz\/","og_locale":"en_US","og_type":"article","og_title":"Dociekania filozoficzne z dzie\u0107mi i m\u0142odzie\u017c\u0105 Krystian Karcz - Szkolenia Sokrates","og_description":"Dociekania filozoficzne z dzie\u0107mi i m\u0142odzie\u017c\u0105-szkolenie dla nauczycieli","og_url":"https:\/\/szkoleniasokrates.pl\/en\/product\/dociekania-filozoficzne-krystian-karcz\/","og_site_name":"Szkolenia Sokrates","og_image":[{"width":612,"height":408,"url":"https:\/\/szkoleniasokrates.pl\/wp-content\/uploads\/2025\/01\/istockphoto-1838163276-612x612-1.jpg","type":"image\/jpeg"}],"twitter_card":"summary_large_image","twitter_misc":{"Est. reading time":"1 minute"},"schema":{"@context":"https:\/\/schema.org","@graph":[{"@type":"WebPage","@id":"https:\/\/szkoleniasokrates.pl\/produkt\/dociekania-filozoficzne-krystian-karcz\/","url":"https:\/\/szkoleniasokrates.pl\/produkt\/dociekania-filozoficzne-krystian-karcz\/","name":"Dociekania filozoficzne z dzie\u0107mi i m\u0142odzie\u017c\u0105 Krystian Karcz - Szkolenia Sokrates","isPartOf":{"@id":"https:\/\/szkoleniasokrates.pl\/#website"},"datePublished":"2025-01-07T12:53:13+00:00","dateModified":"2025-01-07T12:53:13+00:00","description":"Dociekania filozoficzne z dzie\u0107mi i m\u0142odzie\u017c\u0105-szkolenie dla nauczycieli","breadcrumb":{"@id":"https:\/\/szkoleniasokrates.pl\/produkt\/dociekania-filozoficzne-krystian-karcz\/#breadcrumb"},"inLanguage":"en-US","potentialAction":[{"@type":"ReadAction","target":["https:\/\/szkoleniasokrates.pl\/produkt\/dociekania-filozoficzne-krystian-karcz\/"]}]},{"@type":"BreadcrumbList","@id":"https:\/\/szkoleniasokrates.pl\/produkt\/dociekania-filozoficzne-krystian-karcz\/#breadcrumb","itemListElement":[{"@type":"ListItem","position":1,"name":"Home","item":"https:\/\/szkoleniasokrates.pl\/"},{"@type":"ListItem","position":2,"name":"Sklep","item":"https:\/\/szkoleniasokrates.pl\/sklep\/"},{"@type":"ListItem","position":3,"name":"Dociekania filozoficzne z dzie\u0107mi i m\u0142odzie\u017c\u0105 Krystian Karcz"}]},{"@type":"WebSite","@id":"https:\/\/szkoleniasokrates.pl\/#website","url":"https:\/\/szkoleniasokrates.pl\/","name":"Szkolenia Sokrates","description":"Grupa Edukacyjno-Szkoleniowa","publisher":{"@id":"https:\/\/szkoleniasokrates.pl\/#organization"},"potentialAction":[{"@type":"SearchAction","target":{"@type":"EntryPoint","urlTemplate":"https:\/\/szkoleniasokrates.pl\/?s={search_term_string}"},"query-input":"required name=search_term_string"}],"inLanguage":"en-US"},{"@type":"Organization","@id":"https:\/\/szkoleniasokrates.pl\/#organization","name":"Szkolenia Sokrates","url":"https:\/\/szkoleniasokrates.pl\/","logo":{"@type":"ImageObject","inLanguage":"en-US","@id":"https:\/\/szkoleniasokrates.pl\/#\/schema\/logo\/image\/","url":"https:\/\/szkoleniasokrates.pl\/wp-content\/uploads\/2022\/05\/cropped-LOGO-2.png","contentUrl":"https:\/\/szkoleniasokrates.pl\/wp-content\/uploads\/2022\/05\/cropped-LOGO-2.png","width":150,"height":45,"caption":"Szkolenia Sokrates"},"image":{"@id":"https:\/\/szkoleniasokrates.pl\/#\/schema\/logo\/image\/"}}]}},"_links":{"self":[{"href":"https:\/\/szkoleniasokrates.pl\/en\/wp-json\/wp\/v2\/product\/9896","targetHints":{"allow":["GET"]}}],"collection":[{"href":"https:\/\/szkoleniasokrates.pl\/en\/wp-json\/wp\/v2\/product"}],"about":[{"href":"https:\/\/szkoleniasokrates.pl\/en\/wp-json\/wp\/v2\/types\/product"}],"replies":[{"embeddable":true,"href":"https:\/\/szkoleniasokrates.pl\/en\/wp-json\/wp\/v2\/comments?post=9896"}],"version-history":[{"count":1,"href":"https:\/\/szkoleniasokrates.pl\/en\/wp-json\/wp\/v2\/product\/9896\/revisions"}],"predecessor-version":[{"id":9898,"href":"https:\/\/szkoleniasokrates.pl\/en\/wp-json\/wp\/v2\/product\/9896\/revisions\/9898"}],"wp:featuredmedia":[{"embeddable":true,"href":"https:\/\/szkoleniasokrates.pl\/en\/wp-json\/wp\/v2\/media\/9897"}],"wp:attachment":[{"href":"https:\/\/szkoleniasokrates.pl\/en\/wp-json\/wp\/v2\/media?parent=9896"}],"wp:term":[{"taxonomy":"product_cat","embeddable":true,"href":"https:\/\/szkoleniasokrates.pl\/en\/wp-json\/wp\/v2\/product_cat?post=9896"},{"taxonomy":"product_tag","embeddable":true,"href":"https:\/\/szkoleniasokrates.pl\/en\/wp-json\/wp\/v2\/product_tag?post=9896"}],"curies":[{"name":"wp","href":"https:\/\/api.w.org\/{rel}","templated":true}]}}