{"id":9904,"date":"2025-01-07T14:13:39","date_gmt":"2025-01-07T13:13:39","guid":{"rendered":"https:\/\/szkoleniasokrates.pl\/?post_type=product&#038;p=9904"},"modified":"2025-05-26T13:58:48","modified_gmt":"2025-05-26T11:58:48","slug":"metody-kreatywne-z-klockami-lego","status":"publish","type":"product","link":"https:\/\/szkoleniasokrates.pl\/en\/product\/metody-kreatywne-z-klockami-lego\/","title":{"rendered":"Metody kreatywne z klockami LEGO"},"content":{"rendered":"<p>Metody kreatywne z klockami LEGO &#8211; Szkolenie wprowadza w tajniki prowadzenia kreatywnych zaj\u0119\u0107 przy pomocy klock\u00f3w. Prowadz\u0105cy pokazuje praktyczne przyk\u0142ady wykorzystania podczas pracy zar\u00f3wno ze starszymi jak i m\u0142odszymi odbiorcami. Przedstawione aktywno\u015bci \u0107wicz\u0105 pami\u0119\u0107, my\u015blenie logiczne, kompetencje komunikacyjne, integruj\u0105 grup\u0119, pomagaj\u0105 w rozmowie o emocjach. Na koniec prowadz\u0105cy pokazuje autorskie scenariusze umo\u017cliwiaj\u0105ce refleksj\u0119 filozoficzn\u0105 poprzez artystyczn\u0105 ekspresj\u0119 przy u\u017cyciu klock\u00f3w.<\/p>","protected":false},"excerpt":{"rendered":"<p>Metody kreatywne z klockami LEGO &#8211; Szkolenie wprowadza w tajniki prowadzenia kreatywnych zaj\u0119\u0107 przy pomocy klock\u00f3w. Prowadz\u0105cy pokazuje praktyczne przyk\u0142ady wykorzystania podczas pracy zar\u00f3wno ze starszymi jak i m\u0142odszymi odbiorcami. Przedstawione aktywno\u015bci \u0107wicz\u0105 pami\u0119\u0107, my\u015blenie logiczne, kompetencje komunikacyjne, integruj\u0105 grup\u0119, pomagaj\u0105 w rozmowie o emocjach. Na koniec prowadz\u0105cy pokazuje autorskie scenariusze umo\u017cliwiaj\u0105ce refleksj\u0119 filozoficzn\u0105 poprzez artystyczn\u0105 ekspresj\u0119 przy u\u017cyciu klock\u00f3w.<\/p>","protected":false},"featured_media":9905,"comment_status":"open","ping_status":"closed","template":"","meta":[],"product_cat":[175,84,115],"product_tag":[],"class_list":{"0":"post-9904","1":"product","2":"type-product","3":"status-publish","4":"has-post-thumbnail","6":"product_cat-dla-rodzica","7":"product_cat-praca-z-dziecmi","8":"product_cat-zabawy-z-dziecmi","10":"first","11":"instock","12":"virtual","13":"purchasable","14":"product-type-simple"},"yoast_head":"<!-- This site is optimized with the Yoast SEO plugin v19.9 - https:\/\/yoast.com\/wordpress\/plugins\/seo\/ -->\n<title>Metody kreatywne z klockami LEGO - Szkolenia Sokrates<\/title>\n<meta name=\"description\" content=\"Metody kreatywne z klockami LEGO czyli zaj\u0119cia rozwijaj\u0105ce kreatywno\u015b\u0107 u nauczycieli oraz pokazuj\u0105ce jak uczy\u0107 poprzez zabaw\u0119.\" \/>\n<meta name=\"robots\" content=\"index, follow, max-snippet:-1, max-image-preview:large, max-video-preview:-1\" \/>\n<link rel=\"canonical\" href=\"https:\/\/szkoleniasokrates.pl\/en\/product\/metody-kreatywne-z-klockami-lego\/\" \/>\n<meta property=\"og:locale\" content=\"en_US\" \/>\n<meta property=\"og:type\" content=\"article\" \/>\n<meta property=\"og:title\" content=\"Metody kreatywne z klockami LEGO - Szkolenia Sokrates\" \/>\n<meta property=\"og:description\" content=\"Metody kreatywne z klockami LEGO czyli zaj\u0119cia rozwijaj\u0105ce kreatywno\u015b\u0107 u nauczycieli oraz pokazuj\u0105ce jak uczy\u0107 poprzez zabaw\u0119.\" \/>\n<meta property=\"og:url\" content=\"https:\/\/szkoleniasokrates.pl\/en\/product\/metody-kreatywne-z-klockami-lego\/\" \/>\n<meta property=\"og:site_name\" content=\"Szkolenia Sokrates\" \/>\n<meta property=\"article:modified_time\" content=\"2025-05-26T11:58:48+00:00\" \/>\n<meta property=\"og:image\" content=\"https:\/\/szkoleniasokrates.pl\/wp-content\/uploads\/2025\/01\/lego-7135217_640.jpg\" \/>\n\t<meta property=\"og:image:width\" content=\"640\" \/>\n\t<meta property=\"og:image:height\" content=\"427\" \/>\n\t<meta property=\"og:image:type\" content=\"image\/jpeg\" \/>\n<meta name=\"twitter:card\" content=\"summary_large_image\" \/>\n<meta name=\"twitter:label1\" content=\"Est. reading time\" \/>\n\t<meta name=\"twitter:data1\" content=\"1 minute\" \/>\n<script type=\"application\/ld+json\" class=\"yoast-schema-graph\">{\"@context\":\"https:\/\/schema.org\",\"@graph\":[{\"@type\":\"WebPage\",\"@id\":\"https:\/\/szkoleniasokrates.pl\/produkt\/metody-kreatywne-z-klockami-lego\/\",\"url\":\"https:\/\/szkoleniasokrates.pl\/produkt\/metody-kreatywne-z-klockami-lego\/\",\"name\":\"Metody kreatywne z klockami LEGO - Szkolenia Sokrates\",\"isPartOf\":{\"@id\":\"https:\/\/szkoleniasokrates.pl\/#website\"},\"datePublished\":\"2025-01-07T13:13:39+00:00\",\"dateModified\":\"2025-05-26T11:58:48+00:00\",\"description\":\"Metody kreatywne z klockami LEGO czyli zaj\u0119cia rozwijaj\u0105ce kreatywno\u015b\u0107 u nauczycieli oraz pokazuj\u0105ce jak uczy\u0107 poprzez zabaw\u0119.\",\"breadcrumb\":{\"@id\":\"https:\/\/szkoleniasokrates.pl\/produkt\/metody-kreatywne-z-klockami-lego\/#breadcrumb\"},\"inLanguage\":\"en-US\",\"potentialAction\":[{\"@type\":\"ReadAction\",\"target\":[\"https:\/\/szkoleniasokrates.pl\/produkt\/metody-kreatywne-z-klockami-lego\/\"]}]},{\"@type\":\"BreadcrumbList\",\"@id\":\"https:\/\/szkoleniasokrates.pl\/produkt\/metody-kreatywne-z-klockami-lego\/#breadcrumb\",\"itemListElement\":[{\"@type\":\"ListItem\",\"position\":1,\"name\":\"Home\",\"item\":\"https:\/\/szkoleniasokrates.pl\/\"},{\"@type\":\"ListItem\",\"position\":2,\"name\":\"Sklep\",\"item\":\"https:\/\/szkoleniasokrates.pl\/sklep\/\"},{\"@type\":\"ListItem\",\"position\":3,\"name\":\"Metody kreatywne z klockami LEGO\"}]},{\"@type\":\"WebSite\",\"@id\":\"https:\/\/szkoleniasokrates.pl\/#website\",\"url\":\"https:\/\/szkoleniasokrates.pl\/\",\"name\":\"Szkolenia Sokrates\",\"description\":\"Grupa Edukacyjno-Szkoleniowa\",\"publisher\":{\"@id\":\"https:\/\/szkoleniasokrates.pl\/#organization\"},\"potentialAction\":[{\"@type\":\"SearchAction\",\"target\":{\"@type\":\"EntryPoint\",\"urlTemplate\":\"https:\/\/szkoleniasokrates.pl\/?s={search_term_string}\"},\"query-input\":\"required name=search_term_string\"}],\"inLanguage\":\"en-US\"},{\"@type\":\"Organization\",\"@id\":\"https:\/\/szkoleniasokrates.pl\/#organization\",\"name\":\"Szkolenia Sokrates\",\"url\":\"https:\/\/szkoleniasokrates.pl\/\",\"logo\":{\"@type\":\"ImageObject\",\"inLanguage\":\"en-US\",\"@id\":\"https:\/\/szkoleniasokrates.pl\/#\/schema\/logo\/image\/\",\"url\":\"https:\/\/szkoleniasokrates.pl\/wp-content\/uploads\/2022\/05\/cropped-LOGO-2.png\",\"contentUrl\":\"https:\/\/szkoleniasokrates.pl\/wp-content\/uploads\/2022\/05\/cropped-LOGO-2.png\",\"width\":150,\"height\":45,\"caption\":\"Szkolenia Sokrates\"},\"image\":{\"@id\":\"https:\/\/szkoleniasokrates.pl\/#\/schema\/logo\/image\/\"}}]}<\/script>\n<!-- \/ Yoast SEO plugin. -->","yoast_head_json":{"title":"Metody kreatywne z klockami LEGO - Szkolenia Sokrates","description":"Metody kreatywne z klockami LEGO czyli zaj\u0119cia rozwijaj\u0105ce kreatywno\u015b\u0107 u nauczycieli oraz pokazuj\u0105ce jak uczy\u0107 poprzez zabaw\u0119.","robots":{"index":"index","follow":"follow","max-snippet":"max-snippet:-1","max-image-preview":"max-image-preview:large","max-video-preview":"max-video-preview:-1"},"canonical":"https:\/\/szkoleniasokrates.pl\/en\/product\/metody-kreatywne-z-klockami-lego\/","og_locale":"en_US","og_type":"article","og_title":"Metody kreatywne z klockami LEGO - Szkolenia Sokrates","og_description":"Metody kreatywne z klockami LEGO czyli zaj\u0119cia rozwijaj\u0105ce kreatywno\u015b\u0107 u nauczycieli oraz pokazuj\u0105ce jak uczy\u0107 poprzez zabaw\u0119.","og_url":"https:\/\/szkoleniasokrates.pl\/en\/product\/metody-kreatywne-z-klockami-lego\/","og_site_name":"Szkolenia Sokrates","article_modified_time":"2025-05-26T11:58:48+00:00","og_image":[{"width":640,"height":427,"url":"https:\/\/szkoleniasokrates.pl\/wp-content\/uploads\/2025\/01\/lego-7135217_640.jpg","type":"image\/jpeg"}],"twitter_card":"summary_large_image","twitter_misc":{"Est. reading time":"1 minute"},"schema":{"@context":"https:\/\/schema.org","@graph":[{"@type":"WebPage","@id":"https:\/\/szkoleniasokrates.pl\/produkt\/metody-kreatywne-z-klockami-lego\/","url":"https:\/\/szkoleniasokrates.pl\/produkt\/metody-kreatywne-z-klockami-lego\/","name":"Metody kreatywne z klockami LEGO - Szkolenia Sokrates","isPartOf":{"@id":"https:\/\/szkoleniasokrates.pl\/#website"},"datePublished":"2025-01-07T13:13:39+00:00","dateModified":"2025-05-26T11:58:48+00:00","description":"Metody kreatywne z klockami LEGO czyli zaj\u0119cia rozwijaj\u0105ce kreatywno\u015b\u0107 u nauczycieli oraz pokazuj\u0105ce jak uczy\u0107 poprzez zabaw\u0119.","breadcrumb":{"@id":"https:\/\/szkoleniasokrates.pl\/produkt\/metody-kreatywne-z-klockami-lego\/#breadcrumb"},"inLanguage":"en-US","potentialAction":[{"@type":"ReadAction","target":["https:\/\/szkoleniasokrates.pl\/produkt\/metody-kreatywne-z-klockami-lego\/"]}]},{"@type":"BreadcrumbList","@id":"https:\/\/szkoleniasokrates.pl\/produkt\/metody-kreatywne-z-klockami-lego\/#breadcrumb","itemListElement":[{"@type":"ListItem","position":1,"name":"Home","item":"https:\/\/szkoleniasokrates.pl\/"},{"@type":"ListItem","position":2,"name":"Sklep","item":"https:\/\/szkoleniasokrates.pl\/sklep\/"},{"@type":"ListItem","position":3,"name":"Metody kreatywne z klockami LEGO"}]},{"@type":"WebSite","@id":"https:\/\/szkoleniasokrates.pl\/#website","url":"https:\/\/szkoleniasokrates.pl\/","name":"Szkolenia Sokrates","description":"Grupa Edukacyjno-Szkoleniowa","publisher":{"@id":"https:\/\/szkoleniasokrates.pl\/#organization"},"potentialAction":[{"@type":"SearchAction","target":{"@type":"EntryPoint","urlTemplate":"https:\/\/szkoleniasokrates.pl\/?s={search_term_string}"},"query-input":"required name=search_term_string"}],"inLanguage":"en-US"},{"@type":"Organization","@id":"https:\/\/szkoleniasokrates.pl\/#organization","name":"Szkolenia Sokrates","url":"https:\/\/szkoleniasokrates.pl\/","logo":{"@type":"ImageObject","inLanguage":"en-US","@id":"https:\/\/szkoleniasokrates.pl\/#\/schema\/logo\/image\/","url":"https:\/\/szkoleniasokrates.pl\/wp-content\/uploads\/2022\/05\/cropped-LOGO-2.png","contentUrl":"https:\/\/szkoleniasokrates.pl\/wp-content\/uploads\/2022\/05\/cropped-LOGO-2.png","width":150,"height":45,"caption":"Szkolenia Sokrates"},"image":{"@id":"https:\/\/szkoleniasokrates.pl\/#\/schema\/logo\/image\/"}}]}},"_links":{"self":[{"href":"https:\/\/szkoleniasokrates.pl\/en\/wp-json\/wp\/v2\/product\/9904","targetHints":{"allow":["GET"]}}],"collection":[{"href":"https:\/\/szkoleniasokrates.pl\/en\/wp-json\/wp\/v2\/product"}],"about":[{"href":"https:\/\/szkoleniasokrates.pl\/en\/wp-json\/wp\/v2\/types\/product"}],"replies":[{"embeddable":true,"href":"https:\/\/szkoleniasokrates.pl\/en\/wp-json\/wp\/v2\/comments?post=9904"}],"version-history":[{"count":1,"href":"https:\/\/szkoleniasokrates.pl\/en\/wp-json\/wp\/v2\/product\/9904\/revisions"}],"predecessor-version":[{"id":9906,"href":"https:\/\/szkoleniasokrates.pl\/en\/wp-json\/wp\/v2\/product\/9904\/revisions\/9906"}],"wp:featuredmedia":[{"embeddable":true,"href":"https:\/\/szkoleniasokrates.pl\/en\/wp-json\/wp\/v2\/media\/9905"}],"wp:attachment":[{"href":"https:\/\/szkoleniasokrates.pl\/en\/wp-json\/wp\/v2\/media?parent=9904"}],"wp:term":[{"taxonomy":"product_cat","embeddable":true,"href":"https:\/\/szkoleniasokrates.pl\/en\/wp-json\/wp\/v2\/product_cat?post=9904"},{"taxonomy":"product_tag","embeddable":true,"href":"https:\/\/szkoleniasokrates.pl\/en\/wp-json\/wp\/v2\/product_tag?post=9904"}],"curies":[{"name":"wp","href":"https:\/\/api.w.org\/{rel}","templated":true}]}}