{"id":9915,"date":"2025-01-09T09:54:28","date_gmt":"2025-01-09T08:54:28","guid":{"rendered":"https:\/\/szkoleniasokrates.pl\/?post_type=product&#038;p=9915"},"modified":"2025-05-22T20:17:25","modified_gmt":"2025-05-22T18:17:25","slug":"canva-dla-nauczycieli","status":"publish","type":"product","link":"https:\/\/szkoleniasokrates.pl\/en\/product\/canva-dla-nauczycieli\/","title":{"rendered":"Canva dla nauczycieli KURS"},"content":{"rendered":"<p>Canva dla nauczycieli KURS sk\u0142ada si\u0119 z 3 modu\u0142\u00f3w<\/p>\n<p>MODU\u0141 1\u2013 Canva &#8211; Odkryj specjalne korzy\u015bci dla nauczycieli1. Canva dla Edukacji \u2013 jak uzyska\u0107 pe\u0142ny dost\u0119p za darmo?<br \/>\n2. Korzy\u015bci dla nauczyciela z Canvy dla Edukacji.<br \/>\n3. Tworzenie anga\u017cuj\u0105cych materia\u0142\u00f3w dydaktycznych.<br \/>\n4. Przegl\u0105d biblioteki materia\u0142\u00f3w edukacyjnych.<br \/>\n5. Korzystanie z szablon\u00f3w Canva.<br \/>\n6. Dopasowywanie gotowych projekt\u00f3w do swoich potrzeb.<br \/>\n7. Narz\u0119dziownik Canvy.<br \/>\n8. Pobieranie i udost\u0119pnianie projekt\u00f3w.<br \/>\n9. Jak t\u0142umaczy\u0107 karty pracy i prezentacje na j\u0119zyk polski za pomoc\u0105 jednego klikni\u0119cia?<\/p>\n<p>MODU\u0141 2 \u2013 Tw\u00f3rcze wykorzystanie Canvy<br \/>\n1. Automatyczne uzupe\u0142nianie imion i nazwisk dzieci.<br \/>\n2. Jak szybko stworzy\u0107 profesjonaln\u0105 prezentacj\u0119?<br \/>\n3. U\u017cycie szablon\u00f3w i dostosowywanie slajd\u00f3w w 5 minut.<br \/>\n4. Narz\u0119dzia Canvy do tworzenia dynamicznych materia\u0142\u00f3w wideo.<br \/>\n5. Tworzenie dyplom\u00f3w oraz projektowanie zaprosze\u0144.<br \/>\n6. Jak udost\u0119pnia\u0107 projekty i pracowa\u0107 nad nimi z innymi nauczycielami?<br \/>\n7. Jak r\u00f3wnomiernie rozmie\u015bci\u0107 elementy w projekcie za pomoc\u0105 prowadnic i siatek?<\/p>\n<p>MODU\u0141 3 \u2013 Magiczne efekty w Canvie &#8211; odkryj sztuczn\u0105 inteligencj\u0119<br \/>\n1. Wprowadzenie do narz\u0119dzi AI w platformie Canva.<br \/>\n2. Usuwanie postaci ze zdj\u0119cia.<br \/>\n3. Jak w prosty spos\u00f3b edytowa\u0107 zdj\u0119cia i usuwa\u0107 elementy.<br \/>\n4. Zmiana kolor\u00f3w i przedmiot\u00f3w na zdj\u0119ciach.<br \/>\n5. Jak zmienia\u0107 fragmenty tekstu w skanach i dokumentach?<br \/>\n6. Dodawanie brakuj\u0105cego t\u0142a.<br \/>\n7. Automatyczne uzupe\u0142nianie t\u0142a na zdj\u0119ciach.<br \/>\n8. Tworzenie zdj\u0119\u0107, kt\u00f3re nigdy nie istnia\u0142y.<br \/>\n9. Generowanie obraz\u00f3w i tekst\u00f3w za pomoc\u0105 AI.<br \/>\n10. Jak tworzy\u0107 kreatywne opisy i nag\u0142\u00f3wki za pomoc\u0105 sztucznej inteligencji?<br \/>\n11. Magiczna animacja.<br \/>\n12. O\u017cywianie projekt\u00f3w poprzez dodanie ruchu i animacji.<br \/>\n13. Aplikacje AI wsp\u00f3\u0142pracuj\u0105ce z Canv\u0105.<\/p>","protected":false},"excerpt":{"rendered":"<p>Canva dla nauczycieli &#8211; kompleksowy kurs tworzenia materia\u0142\u00f3w edukacyjnych i audiowizualnych<\/p>\n<p>Czy my\u015blisz, \u017ce tworzenie materia\u0142\u00f3w graficznych jest skomplikowane? Z Canv\u0105 ka\u017cdy nauczyciel poradzi sobie doskonale! Nasze szkolenie poka\u017ce Ci, jak krok po kroku korzysta\u0107 z tego intuicyjnego narz\u0119dzia i tworzy\u0107 estetyczne materia\u0142y, kt\u00f3re zachwyc\u0105 Twoich uczni\u00f3w. Proponujemy co\u015b wi\u0119cej ni\u017c kurs, to szkolenie w podej\u015bciu procesowym.<\/p>","protected":false},"featured_media":9916,"comment_status":"open","ping_status":"closed","template":"","meta":[],"product_cat":[15],"product_tag":[220,221,219,179],"class_list":{"0":"post-9915","1":"product","2":"type-product","3":"status-publish","4":"has-post-thumbnail","6":"product_cat-bez-kategorii","7":"product_tag-canva","8":"product_tag-kurs","9":"product_tag-monikafrysz","10":"product_tag-szkolenie","12":"first","13":"instock","14":"virtual","15":"purchasable","16":"product-type-simple"},"yoast_head":"<!-- This site is optimized with the Yoast SEO plugin v19.9 - https:\/\/yoast.com\/wordpress\/plugins\/seo\/ -->\n<title>Canva dla nauczycieli KURS - Szkolenia Sokrates<\/title>\n<meta name=\"description\" content=\"Canva dla nauczycieli to kompleksowy kurs tworzenia materia\u0142\u00f3w edukacyjnych i audiowizualnych\" \/>\n<meta name=\"robots\" content=\"index, follow, max-snippet:-1, max-image-preview:large, max-video-preview:-1\" \/>\n<link rel=\"canonical\" href=\"https:\/\/szkoleniasokrates.pl\/en\/product\/canva-dla-nauczycieli\/\" \/>\n<meta property=\"og:locale\" content=\"en_US\" \/>\n<meta property=\"og:type\" content=\"article\" \/>\n<meta property=\"og:title\" content=\"Canva dla nauczycieli KURS - Szkolenia Sokrates\" \/>\n<meta property=\"og:description\" content=\"Canva dla nauczycieli to kompleksowy kurs tworzenia materia\u0142\u00f3w edukacyjnych i audiowizualnych\" \/>\n<meta property=\"og:url\" content=\"https:\/\/szkoleniasokrates.pl\/en\/product\/canva-dla-nauczycieli\/\" \/>\n<meta property=\"og:site_name\" content=\"Szkolenia Sokrates\" \/>\n<meta property=\"article:modified_time\" content=\"2025-05-22T18:17:25+00:00\" \/>\n<meta property=\"og:image\" content=\"https:\/\/szkoleniasokrates.pl\/wp-content\/uploads\/2025\/01\/painting-4916390_640.webp\" \/>\n\t<meta property=\"og:image:width\" content=\"640\" \/>\n\t<meta property=\"og:image:height\" content=\"640\" \/>\n\t<meta property=\"og:image:type\" content=\"image\/webp\" \/>\n<meta name=\"twitter:card\" content=\"summary_large_image\" \/>\n<meta name=\"twitter:label1\" content=\"Est. reading time\" \/>\n\t<meta name=\"twitter:data1\" content=\"2 minutes\" \/>\n<script type=\"application\/ld+json\" class=\"yoast-schema-graph\">{\"@context\":\"https:\/\/schema.org\",\"@graph\":[{\"@type\":\"WebPage\",\"@id\":\"https:\/\/szkoleniasokrates.pl\/produkt\/canva-dla-nauczycieli\/\",\"url\":\"https:\/\/szkoleniasokrates.pl\/produkt\/canva-dla-nauczycieli\/\",\"name\":\"Canva dla nauczycieli KURS - Szkolenia Sokrates\",\"isPartOf\":{\"@id\":\"https:\/\/szkoleniasokrates.pl\/#website\"},\"datePublished\":\"2025-01-09T08:54:28+00:00\",\"dateModified\":\"2025-05-22T18:17:25+00:00\",\"description\":\"Canva dla nauczycieli to kompleksowy kurs tworzenia materia\u0142\u00f3w edukacyjnych i audiowizualnych\",\"breadcrumb\":{\"@id\":\"https:\/\/szkoleniasokrates.pl\/produkt\/canva-dla-nauczycieli\/#breadcrumb\"},\"inLanguage\":\"en-US\",\"potentialAction\":[{\"@type\":\"ReadAction\",\"target\":[\"https:\/\/szkoleniasokrates.pl\/produkt\/canva-dla-nauczycieli\/\"]}]},{\"@type\":\"BreadcrumbList\",\"@id\":\"https:\/\/szkoleniasokrates.pl\/produkt\/canva-dla-nauczycieli\/#breadcrumb\",\"itemListElement\":[{\"@type\":\"ListItem\",\"position\":1,\"name\":\"Home\",\"item\":\"https:\/\/szkoleniasokrates.pl\/\"},{\"@type\":\"ListItem\",\"position\":2,\"name\":\"Sklep\",\"item\":\"https:\/\/szkoleniasokrates.pl\/sklep\/\"},{\"@type\":\"ListItem\",\"position\":3,\"name\":\"Canva dla nauczycieli KURS\"}]},{\"@type\":\"WebSite\",\"@id\":\"https:\/\/szkoleniasokrates.pl\/#website\",\"url\":\"https:\/\/szkoleniasokrates.pl\/\",\"name\":\"Szkolenia Sokrates\",\"description\":\"Grupa Edukacyjno-Szkoleniowa\",\"publisher\":{\"@id\":\"https:\/\/szkoleniasokrates.pl\/#organization\"},\"potentialAction\":[{\"@type\":\"SearchAction\",\"target\":{\"@type\":\"EntryPoint\",\"urlTemplate\":\"https:\/\/szkoleniasokrates.pl\/?s={search_term_string}\"},\"query-input\":\"required name=search_term_string\"}],\"inLanguage\":\"en-US\"},{\"@type\":\"Organization\",\"@id\":\"https:\/\/szkoleniasokrates.pl\/#organization\",\"name\":\"Szkolenia Sokrates\",\"url\":\"https:\/\/szkoleniasokrates.pl\/\",\"logo\":{\"@type\":\"ImageObject\",\"inLanguage\":\"en-US\",\"@id\":\"https:\/\/szkoleniasokrates.pl\/#\/schema\/logo\/image\/\",\"url\":\"https:\/\/szkoleniasokrates.pl\/wp-content\/uploads\/2022\/05\/cropped-LOGO-2.png\",\"contentUrl\":\"https:\/\/szkoleniasokrates.pl\/wp-content\/uploads\/2022\/05\/cropped-LOGO-2.png\",\"width\":150,\"height\":45,\"caption\":\"Szkolenia Sokrates\"},\"image\":{\"@id\":\"https:\/\/szkoleniasokrates.pl\/#\/schema\/logo\/image\/\"}}]}<\/script>\n<!-- \/ Yoast SEO plugin. -->","yoast_head_json":{"title":"Canva dla nauczycieli KURS - Szkolenia Sokrates","description":"Canva dla nauczycieli to kompleksowy kurs tworzenia materia\u0142\u00f3w edukacyjnych i audiowizualnych","robots":{"index":"index","follow":"follow","max-snippet":"max-snippet:-1","max-image-preview":"max-image-preview:large","max-video-preview":"max-video-preview:-1"},"canonical":"https:\/\/szkoleniasokrates.pl\/en\/product\/canva-dla-nauczycieli\/","og_locale":"en_US","og_type":"article","og_title":"Canva dla nauczycieli KURS - Szkolenia Sokrates","og_description":"Canva dla nauczycieli to kompleksowy kurs tworzenia materia\u0142\u00f3w edukacyjnych i audiowizualnych","og_url":"https:\/\/szkoleniasokrates.pl\/en\/product\/canva-dla-nauczycieli\/","og_site_name":"Szkolenia Sokrates","article_modified_time":"2025-05-22T18:17:25+00:00","og_image":[{"width":640,"height":640,"url":"https:\/\/szkoleniasokrates.pl\/wp-content\/uploads\/2025\/01\/painting-4916390_640.webp","type":"image\/webp"}],"twitter_card":"summary_large_image","twitter_misc":{"Est. reading time":"2 minutes"},"schema":{"@context":"https:\/\/schema.org","@graph":[{"@type":"WebPage","@id":"https:\/\/szkoleniasokrates.pl\/produkt\/canva-dla-nauczycieli\/","url":"https:\/\/szkoleniasokrates.pl\/produkt\/canva-dla-nauczycieli\/","name":"Canva dla nauczycieli KURS - Szkolenia Sokrates","isPartOf":{"@id":"https:\/\/szkoleniasokrates.pl\/#website"},"datePublished":"2025-01-09T08:54:28+00:00","dateModified":"2025-05-22T18:17:25+00:00","description":"Canva dla nauczycieli to kompleksowy kurs tworzenia materia\u0142\u00f3w edukacyjnych i audiowizualnych","breadcrumb":{"@id":"https:\/\/szkoleniasokrates.pl\/produkt\/canva-dla-nauczycieli\/#breadcrumb"},"inLanguage":"en-US","potentialAction":[{"@type":"ReadAction","target":["https:\/\/szkoleniasokrates.pl\/produkt\/canva-dla-nauczycieli\/"]}]},{"@type":"BreadcrumbList","@id":"https:\/\/szkoleniasokrates.pl\/produkt\/canva-dla-nauczycieli\/#breadcrumb","itemListElement":[{"@type":"ListItem","position":1,"name":"Home","item":"https:\/\/szkoleniasokrates.pl\/"},{"@type":"ListItem","position":2,"name":"Sklep","item":"https:\/\/szkoleniasokrates.pl\/sklep\/"},{"@type":"ListItem","position":3,"name":"Canva dla nauczycieli KURS"}]},{"@type":"WebSite","@id":"https:\/\/szkoleniasokrates.pl\/#website","url":"https:\/\/szkoleniasokrates.pl\/","name":"Szkolenia Sokrates","description":"Grupa Edukacyjno-Szkoleniowa","publisher":{"@id":"https:\/\/szkoleniasokrates.pl\/#organization"},"potentialAction":[{"@type":"SearchAction","target":{"@type":"EntryPoint","urlTemplate":"https:\/\/szkoleniasokrates.pl\/?s={search_term_string}"},"query-input":"required name=search_term_string"}],"inLanguage":"en-US"},{"@type":"Organization","@id":"https:\/\/szkoleniasokrates.pl\/#organization","name":"Szkolenia Sokrates","url":"https:\/\/szkoleniasokrates.pl\/","logo":{"@type":"ImageObject","inLanguage":"en-US","@id":"https:\/\/szkoleniasokrates.pl\/#\/schema\/logo\/image\/","url":"https:\/\/szkoleniasokrates.pl\/wp-content\/uploads\/2022\/05\/cropped-LOGO-2.png","contentUrl":"https:\/\/szkoleniasokrates.pl\/wp-content\/uploads\/2022\/05\/cropped-LOGO-2.png","width":150,"height":45,"caption":"Szkolenia Sokrates"},"image":{"@id":"https:\/\/szkoleniasokrates.pl\/#\/schema\/logo\/image\/"}}]}},"_links":{"self":[{"href":"https:\/\/szkoleniasokrates.pl\/en\/wp-json\/wp\/v2\/product\/9915","targetHints":{"allow":["GET"]}}],"collection":[{"href":"https:\/\/szkoleniasokrates.pl\/en\/wp-json\/wp\/v2\/product"}],"about":[{"href":"https:\/\/szkoleniasokrates.pl\/en\/wp-json\/wp\/v2\/types\/product"}],"replies":[{"embeddable":true,"href":"https:\/\/szkoleniasokrates.pl\/en\/wp-json\/wp\/v2\/comments?post=9915"}],"version-history":[{"count":1,"href":"https:\/\/szkoleniasokrates.pl\/en\/wp-json\/wp\/v2\/product\/9915\/revisions"}],"predecessor-version":[{"id":9917,"href":"https:\/\/szkoleniasokrates.pl\/en\/wp-json\/wp\/v2\/product\/9915\/revisions\/9917"}],"wp:featuredmedia":[{"embeddable":true,"href":"https:\/\/szkoleniasokrates.pl\/en\/wp-json\/wp\/v2\/media\/9916"}],"wp:attachment":[{"href":"https:\/\/szkoleniasokrates.pl\/en\/wp-json\/wp\/v2\/media?parent=9915"}],"wp:term":[{"taxonomy":"product_cat","embeddable":true,"href":"https:\/\/szkoleniasokrates.pl\/en\/wp-json\/wp\/v2\/product_cat?post=9915"},{"taxonomy":"product_tag","embeddable":true,"href":"https:\/\/szkoleniasokrates.pl\/en\/wp-json\/wp\/v2\/product_tag?post=9915"}],"curies":[{"name":"wp","href":"https:\/\/api.w.org\/{rel}","templated":true}]}}