{"id":9964,"date":"2025-02-11T13:49:38","date_gmt":"2025-02-11T12:49:38","guid":{"rendered":"https:\/\/szkoleniasokrates.pl\/?post_type=product&#038;p=9964"},"modified":"2026-04-24T10:13:44","modified_gmt":"2026-04-24T08:13:44","slug":"prawo-autorskie-w-szkole","status":"publish","type":"product","link":"https:\/\/szkoleniasokrates.pl\/en\/product\/prawo-autorskie-w-szkole\/","title":{"rendered":"Prawo autorskie w szkole"},"content":{"rendered":"<p>BEZP\u0141ATNE SZKOLENIE<br \/>\n\ud83d\udce2\u00a0 Prawo autorskie w szkole! \ud83c\udfeb\u2696\ufe0f<\/p>\n<p>Czy wiesz, jak poprawnie korzysta\u0107 z materia\u0142\u00f3w w Internecie? A mo\u017ce zastanawiasz si\u0119, jakie zasady obowi\u0105zuj\u0105 przy udost\u0119pnianiu i rozpowszechnianiu tre\u015bci w pracy szko\u0142y?<br \/>\nPrawo autorskie to temat niezwykle istotny dla nauczycieli i dyrektor\u00f3w, zw\u0142aszcza w dobie intensywnego korzystania z zasob\u00f3w online. Szko\u0142y cz\u0119sto dzia\u0142aj\u0105 &#8222;po omacku&#8221;, nara\u017caj\u0105c si\u0119 na ryzyko naruszenia prawa \u2013 teraz mo\u017cesz to zmieni\u0107!<\/p>","protected":false},"excerpt":{"rendered":"<p>Czy wiesz, jak poprawnie korzysta\u0107 z materia\u0142\u00f3w w Internecie? A mo\u017ce zastanawiasz si\u0119, jakie zasady obowi\u0105zuj\u0105 przy udost\u0119pnianiu i rozpowszechnianiu tre\u015bci w pracy szko\u0142y?<br \/>\nPrawo autorskie to temat niezwykle istotny dla nauczycieli i dyrektor\u00f3w, zw\u0142aszcza w dobie intensywnego korzystania z zasob\u00f3w online. Szko\u0142y cz\u0119sto dzia\u0142aj\u0105 &#8222;po omacku&#8221;, nara\u017caj\u0105c si\u0119 na ryzyko naruszenia prawa \u2013 teraz mo\u017cesz to zmieni\u0107!<\/p>","protected":false},"featured_media":9965,"comment_status":"open","ping_status":"closed","template":"","meta":[],"product_cat":[15],"product_tag":[257,256,253,255,254,179],"class_list":{"0":"post-9964","1":"product","2":"type-product","3":"status-publish","4":"has-post-thumbnail","6":"product_cat-bez-kategorii","7":"product_tag-ai","8":"product_tag-bezpieczenstwo","9":"product_tag-bezplatne","10":"product_tag-internet","11":"product_tag-prawo-autorskie","12":"product_tag-szkolenie","14":"first","15":"instock","16":"virtual","17":"purchasable","18":"product-type-simple"},"yoast_head":"<!-- This site is optimized with the Yoast SEO plugin v19.9 - https:\/\/yoast.com\/wordpress\/plugins\/seo\/ -->\n<title>Prawo autorskie w szkole - Szkolenia Sokrates<\/title>\n<meta name=\"description\" content=\"Prawo autorskie w szkole to temat niezwykle istotny dla nauczycieli i dyrektor\u00f3w, zw\u0142aszcza w dobie intensywnego korzystania z zasob\u00f3w online.\" \/>\n<meta name=\"robots\" content=\"index, follow, max-snippet:-1, max-image-preview:large, max-video-preview:-1\" \/>\n<link rel=\"canonical\" href=\"https:\/\/szkoleniasokrates.pl\/en\/product\/prawo-autorskie-w-szkole\/\" \/>\n<meta property=\"og:locale\" content=\"en_US\" \/>\n<meta property=\"og:type\" content=\"article\" \/>\n<meta property=\"og:title\" content=\"Prawo autorskie w szkole - Szkolenia Sokrates\" \/>\n<meta property=\"og:description\" content=\"Prawo autorskie w szkole to temat niezwykle istotny dla nauczycieli i dyrektor\u00f3w, zw\u0142aszcza w dobie intensywnego korzystania z zasob\u00f3w online.\" \/>\n<meta property=\"og:url\" content=\"https:\/\/szkoleniasokrates.pl\/en\/product\/prawo-autorskie-w-szkole\/\" \/>\n<meta property=\"og:site_name\" content=\"Szkolenia Sokrates\" \/>\n<meta property=\"article:modified_time\" content=\"2026-04-24T08:13:44+00:00\" \/>\n<meta property=\"og:image\" content=\"https:\/\/szkoleniasokrates.pl\/wp-content\/uploads\/2025\/02\/279679109_5805718526111190_2676308787368013583_n.jpg\" \/>\n\t<meta property=\"og:image:width\" content=\"1463\" \/>\n\t<meta property=\"og:image:height\" content=\"2048\" \/>\n\t<meta property=\"og:image:type\" content=\"image\/jpeg\" \/>\n<meta name=\"twitter:card\" content=\"summary_large_image\" \/>\n<meta name=\"twitter:label1\" content=\"Est. reading time\" \/>\n\t<meta name=\"twitter:data1\" content=\"1 minute\" \/>\n<script type=\"application\/ld+json\" class=\"yoast-schema-graph\">{\"@context\":\"https:\/\/schema.org\",\"@graph\":[{\"@type\":\"WebPage\",\"@id\":\"https:\/\/szkoleniasokrates.pl\/produkt\/prawo-autorskie-w-szkole\/\",\"url\":\"https:\/\/szkoleniasokrates.pl\/produkt\/prawo-autorskie-w-szkole\/\",\"name\":\"Prawo autorskie w szkole - Szkolenia Sokrates\",\"isPartOf\":{\"@id\":\"https:\/\/szkoleniasokrates.pl\/#website\"},\"datePublished\":\"2025-02-11T12:49:38+00:00\",\"dateModified\":\"2026-04-24T08:13:44+00:00\",\"description\":\"Prawo autorskie w szkole to temat niezwykle istotny dla nauczycieli i dyrektor\u00f3w, zw\u0142aszcza w dobie intensywnego korzystania z zasob\u00f3w online.\",\"breadcrumb\":{\"@id\":\"https:\/\/szkoleniasokrates.pl\/produkt\/prawo-autorskie-w-szkole\/#breadcrumb\"},\"inLanguage\":\"en-US\",\"potentialAction\":[{\"@type\":\"ReadAction\",\"target\":[\"https:\/\/szkoleniasokrates.pl\/produkt\/prawo-autorskie-w-szkole\/\"]}]},{\"@type\":\"BreadcrumbList\",\"@id\":\"https:\/\/szkoleniasokrates.pl\/produkt\/prawo-autorskie-w-szkole\/#breadcrumb\",\"itemListElement\":[{\"@type\":\"ListItem\",\"position\":1,\"name\":\"Home\",\"item\":\"https:\/\/szkoleniasokrates.pl\/\"},{\"@type\":\"ListItem\",\"position\":2,\"name\":\"Sklep\",\"item\":\"https:\/\/szkoleniasokrates.pl\/sklep\/\"},{\"@type\":\"ListItem\",\"position\":3,\"name\":\"Prawo autorskie w szkole\"}]},{\"@type\":\"WebSite\",\"@id\":\"https:\/\/szkoleniasokrates.pl\/#website\",\"url\":\"https:\/\/szkoleniasokrates.pl\/\",\"name\":\"Szkolenia Sokrates\",\"description\":\"Grupa Edukacyjno-Szkoleniowa\",\"publisher\":{\"@id\":\"https:\/\/szkoleniasokrates.pl\/#organization\"},\"potentialAction\":[{\"@type\":\"SearchAction\",\"target\":{\"@type\":\"EntryPoint\",\"urlTemplate\":\"https:\/\/szkoleniasokrates.pl\/?s={search_term_string}\"},\"query-input\":\"required name=search_term_string\"}],\"inLanguage\":\"en-US\"},{\"@type\":\"Organization\",\"@id\":\"https:\/\/szkoleniasokrates.pl\/#organization\",\"name\":\"Szkolenia Sokrates\",\"url\":\"https:\/\/szkoleniasokrates.pl\/\",\"logo\":{\"@type\":\"ImageObject\",\"inLanguage\":\"en-US\",\"@id\":\"https:\/\/szkoleniasokrates.pl\/#\/schema\/logo\/image\/\",\"url\":\"https:\/\/szkoleniasokrates.pl\/wp-content\/uploads\/2022\/05\/cropped-LOGO-2.png\",\"contentUrl\":\"https:\/\/szkoleniasokrates.pl\/wp-content\/uploads\/2022\/05\/cropped-LOGO-2.png\",\"width\":150,\"height\":45,\"caption\":\"Szkolenia Sokrates\"},\"image\":{\"@id\":\"https:\/\/szkoleniasokrates.pl\/#\/schema\/logo\/image\/\"}}]}<\/script>\n<!-- \/ Yoast SEO plugin. -->","yoast_head_json":{"title":"Prawo autorskie w szkole - Szkolenia Sokrates","description":"Prawo autorskie w szkole to temat niezwykle istotny dla nauczycieli i dyrektor\u00f3w, zw\u0142aszcza w dobie intensywnego korzystania z zasob\u00f3w online.","robots":{"index":"index","follow":"follow","max-snippet":"max-snippet:-1","max-image-preview":"max-image-preview:large","max-video-preview":"max-video-preview:-1"},"canonical":"https:\/\/szkoleniasokrates.pl\/en\/product\/prawo-autorskie-w-szkole\/","og_locale":"en_US","og_type":"article","og_title":"Prawo autorskie w szkole - Szkolenia Sokrates","og_description":"Prawo autorskie w szkole to temat niezwykle istotny dla nauczycieli i dyrektor\u00f3w, zw\u0142aszcza w dobie intensywnego korzystania z zasob\u00f3w online.","og_url":"https:\/\/szkoleniasokrates.pl\/en\/product\/prawo-autorskie-w-szkole\/","og_site_name":"Szkolenia Sokrates","article_modified_time":"2026-04-24T08:13:44+00:00","og_image":[{"width":1463,"height":2048,"url":"https:\/\/szkoleniasokrates.pl\/wp-content\/uploads\/2025\/02\/279679109_5805718526111190_2676308787368013583_n.jpg","type":"image\/jpeg"}],"twitter_card":"summary_large_image","twitter_misc":{"Est. reading time":"1 minute"},"schema":{"@context":"https:\/\/schema.org","@graph":[{"@type":"WebPage","@id":"https:\/\/szkoleniasokrates.pl\/produkt\/prawo-autorskie-w-szkole\/","url":"https:\/\/szkoleniasokrates.pl\/produkt\/prawo-autorskie-w-szkole\/","name":"Prawo autorskie w szkole - Szkolenia Sokrates","isPartOf":{"@id":"https:\/\/szkoleniasokrates.pl\/#website"},"datePublished":"2025-02-11T12:49:38+00:00","dateModified":"2026-04-24T08:13:44+00:00","description":"Prawo autorskie w szkole to temat niezwykle istotny dla nauczycieli i dyrektor\u00f3w, zw\u0142aszcza w dobie intensywnego korzystania z zasob\u00f3w online.","breadcrumb":{"@id":"https:\/\/szkoleniasokrates.pl\/produkt\/prawo-autorskie-w-szkole\/#breadcrumb"},"inLanguage":"en-US","potentialAction":[{"@type":"ReadAction","target":["https:\/\/szkoleniasokrates.pl\/produkt\/prawo-autorskie-w-szkole\/"]}]},{"@type":"BreadcrumbList","@id":"https:\/\/szkoleniasokrates.pl\/produkt\/prawo-autorskie-w-szkole\/#breadcrumb","itemListElement":[{"@type":"ListItem","position":1,"name":"Home","item":"https:\/\/szkoleniasokrates.pl\/"},{"@type":"ListItem","position":2,"name":"Sklep","item":"https:\/\/szkoleniasokrates.pl\/sklep\/"},{"@type":"ListItem","position":3,"name":"Prawo autorskie w szkole"}]},{"@type":"WebSite","@id":"https:\/\/szkoleniasokrates.pl\/#website","url":"https:\/\/szkoleniasokrates.pl\/","name":"Szkolenia Sokrates","description":"Grupa Edukacyjno-Szkoleniowa","publisher":{"@id":"https:\/\/szkoleniasokrates.pl\/#organization"},"potentialAction":[{"@type":"SearchAction","target":{"@type":"EntryPoint","urlTemplate":"https:\/\/szkoleniasokrates.pl\/?s={search_term_string}"},"query-input":"required name=search_term_string"}],"inLanguage":"en-US"},{"@type":"Organization","@id":"https:\/\/szkoleniasokrates.pl\/#organization","name":"Szkolenia Sokrates","url":"https:\/\/szkoleniasokrates.pl\/","logo":{"@type":"ImageObject","inLanguage":"en-US","@id":"https:\/\/szkoleniasokrates.pl\/#\/schema\/logo\/image\/","url":"https:\/\/szkoleniasokrates.pl\/wp-content\/uploads\/2022\/05\/cropped-LOGO-2.png","contentUrl":"https:\/\/szkoleniasokrates.pl\/wp-content\/uploads\/2022\/05\/cropped-LOGO-2.png","width":150,"height":45,"caption":"Szkolenia Sokrates"},"image":{"@id":"https:\/\/szkoleniasokrates.pl\/#\/schema\/logo\/image\/"}}]}},"_links":{"self":[{"href":"https:\/\/szkoleniasokrates.pl\/en\/wp-json\/wp\/v2\/product\/9964","targetHints":{"allow":["GET"]}}],"collection":[{"href":"https:\/\/szkoleniasokrates.pl\/en\/wp-json\/wp\/v2\/product"}],"about":[{"href":"https:\/\/szkoleniasokrates.pl\/en\/wp-json\/wp\/v2\/types\/product"}],"replies":[{"embeddable":true,"href":"https:\/\/szkoleniasokrates.pl\/en\/wp-json\/wp\/v2\/comments?post=9964"}],"version-history":[{"count":1,"href":"https:\/\/szkoleniasokrates.pl\/en\/wp-json\/wp\/v2\/product\/9964\/revisions"}],"predecessor-version":[{"id":9966,"href":"https:\/\/szkoleniasokrates.pl\/en\/wp-json\/wp\/v2\/product\/9964\/revisions\/9966"}],"wp:featuredmedia":[{"embeddable":true,"href":"https:\/\/szkoleniasokrates.pl\/en\/wp-json\/wp\/v2\/media\/9965"}],"wp:attachment":[{"href":"https:\/\/szkoleniasokrates.pl\/en\/wp-json\/wp\/v2\/media?parent=9964"}],"wp:term":[{"taxonomy":"product_cat","embeddable":true,"href":"https:\/\/szkoleniasokrates.pl\/en\/wp-json\/wp\/v2\/product_cat?post=9964"},{"taxonomy":"product_tag","embeddable":true,"href":"https:\/\/szkoleniasokrates.pl\/en\/wp-json\/wp\/v2\/product_tag?post=9964"}],"curies":[{"name":"wp","href":"https:\/\/api.w.org\/{rel}","templated":true}]}}